{"id":1494,"date":"2018-06-27T08:00:48","date_gmt":"2018-06-27T08:00:48","guid":{"rendered":"http:\/\/lstjamtland.hemsida.eu\/gi\/?page_id=1494"},"modified":"2018-07-02T13:54:13","modified_gmt":"2018-07-02T13:54:13","slug":"lanets-fysiska-och-naturgivna-forutsattningar","status":"publish","type":"page","link":"http:\/\/lstjamtland.hemsida.eu\/gi\/gron-infrastruktur-i-kronobergs-lan\/lanets-fysiska-och-naturgivna-forutsattningar\/","title":{"rendered":"L\u00e4nets fysiska och naturgivna f\u00f6ruts\u00e4ttningar"},"content":{"rendered":"<h2>L\u00e4nets fysiska och naturgivna f\u00f6ruts\u00e4ttningar<\/h2>\n<p>De fysiska och naturgivna f\u00f6ruts\u00e4ttningarna har m\u00e5nga g\u00e5nger en avg\u00f6rande betydelse f\u00f6r att f\u00f6rst\u00e5 ekosystem och biologisk m\u00e5ngfald. Dels finns en direkt koppling eftersom arterna \u00e4r anpassade efter olika typer av naturliga f\u00f6rh\u00e5llanden. Dels finns en indirekt koppling eftersom m\u00e4nniskans brukande och formande av landskapet historiskt sett utg\u00e5r fr\u00e5n de naturgivna f\u00f6ruts\u00e4ttningarna i landskapet. Olika typer av brukande gynnar olika typer av arter och genom att f\u00f6rst\u00e5 landskapets f\u00f6ruts\u00e4ttningar \u00e4r det s\u00e5ledes l\u00e4ttare att f\u00f6rst\u00e5 ekosystemen.<\/p>\n","protected":false},"excerpt":{"rendered":"<p>L\u00e4nets fysiska och naturgivna f\u00f6ruts\u00e4ttningar De fysiska och naturgivna f\u00f6ruts\u00e4ttningarna har m\u00e5nga g\u00e5nger en avg\u00f6rande betydelse f\u00f6r att f\u00f6rst\u00e5 ekosystem och biologisk m\u00e5ngfald. Dels finns en direkt koppling eftersom arterna \u00e4r anpassade efter olika typer av naturliga f\u00f6rh\u00e5llanden. Dels finns&hellip;<\/p>\n","protected":false},"author":6,"featured_media":0,"parent":1491,"menu_order":0,"comment_status":"closed","ping_status":"closed","template":"","meta":{"footnotes":""},"class_list":["post-1494","page","type-page","status-publish","hentry","entry","no-media"],"_links":{"self":[{"href":"http:\/\/lstjamtland.hemsida.eu\/gi\/wp-json\/wp\/v2\/pages\/1494","targetHints":{"allow":["GET"]}}],"collection":[{"href":"http:\/\/lstjamtland.hemsida.eu\/gi\/wp-json\/wp\/v2\/pages"}],"about":[{"href":"http:\/\/lstjamtland.hemsida.eu\/gi\/wp-json\/wp\/v2\/types\/page"}],"author":[{"embeddable":true,"href":"http:\/\/lstjamtland.hemsida.eu\/gi\/wp-json\/wp\/v2\/users\/6"}],"replies":[{"embeddable":true,"href":"http:\/\/lstjamtland.hemsida.eu\/gi\/wp-json\/wp\/v2\/comments?post=1494"}],"version-history":[{"count":4,"href":"http:\/\/lstjamtland.hemsida.eu\/gi\/wp-json\/wp\/v2\/pages\/1494\/revisions"}],"predecessor-version":[{"id":1805,"href":"http:\/\/lstjamtland.hemsida.eu\/gi\/wp-json\/wp\/v2\/pages\/1494\/revisions\/1805"}],"up":[{"embeddable":true,"href":"http:\/\/lstjamtland.hemsida.eu\/gi\/wp-json\/wp\/v2\/pages\/1491"}],"wp:attachment":[{"href":"http:\/\/lstjamtland.hemsida.eu\/gi\/wp-json\/wp\/v2\/media?parent=1494"}],"curies":[{"name":"wp","href":"https:\/\/api.w.org\/{rel}","templated":true}]}}