{"id":1496,"date":"2018-06-27T08:56:44","date_gmt":"2018-06-27T08:56:44","guid":{"rendered":"http:\/\/lstjamtland.hemsida.eu\/gi\/?page_id=1496"},"modified":"2018-09-19T20:04:11","modified_gmt":"2018-09-19T20:04:11","slug":"topografi","status":"publish","type":"page","link":"http:\/\/lstjamtland.hemsida.eu\/gi\/gron-infrastruktur-i-kronobergs-lan\/lanets-fysiska-och-naturgivna-forutsattningar\/topografi\/","title":{"rendered":"Topografi"},"content":{"rendered":"<h3><strong>Topografi<\/strong><\/h3>\r\n<p>Kronobergs l\u00e4n binder samman det sm\u00e5l\u00e4ndska h\u00f6glandet i nordost med de mer l\u00e5gl\u00e4nta kustn\u00e4ra omr\u00e5dena i Kalmar, Blekinge och Sk\u00e5ne. I norra delarna av Alvesta och V\u00e4xj\u00f6 kommun finns utpr\u00e4glat kuperade omr\u00e5den med stor h\u00f6jdvariation. \u00d6sterut, i Uppvidinge kommun, \u00f6verg\u00e5r denna kupering alltmer i en plat\u00e5liknande utl\u00f6pare fr\u00e5n h\u00f6glandets mer centrala delar. De centrala delarna av l\u00e4net uppvisar ett till \u00f6verv\u00e4gande delen l\u00e5gl\u00e4nt och flackt landskap som bryts av av drumliner och \u00e5sar i nord-sydlig riktning. L\u00e4ngst till v\u00e4ster, mot Hallandsgr\u00e4nsen \u00f6kar kuperingen och inslaget av branta sluttningar blir st\u00f6rre.<\/p>\r\n<p>Omr\u00e5den med ol\u00e4ndig terr\u00e4ng kan vara s\u00e4rskilt intressanta utifr\u00e5n ett naturv\u00e5rdsperspektiv. Kraftig kupering eller stort inslag av block i marken g\u00f6r omr\u00e5dena sv\u00e5rbrukade och m\u00e5nga g\u00e5nger finns h\u00e4r skogspartier som endast i mindre utstr\u00e4ckning p\u00e5verkats av m\u00e4nniskan. Naturreservaten i Siggaboda i \u00c4lmhults kommun respektive Sk\u00e5rtaryd i V\u00e4xj\u00f6 kommun \u00e4r exempel p\u00e5 s\u00e5dana omr\u00e5den. Inom dessa omr\u00e5den finns ocks\u00e5 strukturer som \u00e4r gynnsamma f\u00f6r biologisk m\u00e5ngfald i form av t.ex. lodytor och branter. Den s\u00e4rskilda koncentrationen av ol\u00e4ndig mark i norra delen av l\u00e4net och i Lessebo kommun (med naturreservaten Storasj\u00f6 och Stocksmyr-br\u00e4nnan) inneb\u00e4r att det h\u00e4r kan finnas goda f\u00f6ruts\u00e4ttningar p\u00e5 landskapsniv\u00e5 f\u00f6r arter knutna till skoglig kontinuitet och gamla tr\u00e4d.<\/p>\r\n","protected":false},"excerpt":{"rendered":"<p>Topografi Kronobergs l\u00e4n binder samman det sm\u00e5l\u00e4ndska h\u00f6glandet i nordost med de mer l\u00e5gl\u00e4nta kustn\u00e4ra omr\u00e5dena i Kalmar, Blekinge och Sk\u00e5ne. I norra delarna av Alvesta och V\u00e4xj\u00f6 kommun finns utpr\u00e4glat kuperade omr\u00e5den med stor h\u00f6jdvariation. \u00d6sterut, i Uppvidinge kommun,&hellip;<\/p>\n","protected":false},"author":6,"featured_media":0,"parent":1494,"menu_order":0,"comment_status":"closed","ping_status":"closed","template":"","meta":{"footnotes":""},"class_list":["post-1496","page","type-page","status-publish","hentry","entry","no-media"],"_links":{"self":[{"href":"http:\/\/lstjamtland.hemsida.eu\/gi\/wp-json\/wp\/v2\/pages\/1496","targetHints":{"allow":["GET"]}}],"collection":[{"href":"http:\/\/lstjamtland.hemsida.eu\/gi\/wp-json\/wp\/v2\/pages"}],"about":[{"href":"http:\/\/lstjamtland.hemsida.eu\/gi\/wp-json\/wp\/v2\/types\/page"}],"author":[{"embeddable":true,"href":"http:\/\/lstjamtland.hemsida.eu\/gi\/wp-json\/wp\/v2\/users\/6"}],"replies":[{"embeddable":true,"href":"http:\/\/lstjamtland.hemsida.eu\/gi\/wp-json\/wp\/v2\/comments?post=1496"}],"version-history":[{"count":5,"href":"http:\/\/lstjamtland.hemsida.eu\/gi\/wp-json\/wp\/v2\/pages\/1496\/revisions"}],"predecessor-version":[{"id":2580,"href":"http:\/\/lstjamtland.hemsida.eu\/gi\/wp-json\/wp\/v2\/pages\/1496\/revisions\/2580"}],"up":[{"embeddable":true,"href":"http:\/\/lstjamtland.hemsida.eu\/gi\/wp-json\/wp\/v2\/pages\/1494"}],"wp:attachment":[{"href":"http:\/\/lstjamtland.hemsida.eu\/gi\/wp-json\/wp\/v2\/media?parent=1496"}],"curies":[{"name":"wp","href":"https:\/\/api.w.org\/{rel}","templated":true}]}}