{"id":1498,"date":"2018-06-27T08:59:42","date_gmt":"2018-06-27T08:59:42","guid":{"rendered":"http:\/\/lstjamtland.hemsida.eu\/gi\/?page_id=1498"},"modified":"2018-09-19T20:23:52","modified_gmt":"2018-09-19T20:23:52","slug":"klimat-och-nederbord","status":"publish","type":"page","link":"http:\/\/lstjamtland.hemsida.eu\/gi\/gron-infrastruktur-i-kronobergs-lan\/lanets-fysiska-och-naturgivna-forutsattningar\/klimat-och-nederbord\/","title":{"rendered":"Klimat och nederb\u00f6rd"},"content":{"rendered":"<h3>Klimat och nederb\u00f6rd<\/h3>\r\n<h4>Klimat<\/h4><p>Nordiska ministerr\u00e5det har delat in Norden i naturgeografiska respektive vegetationsgeografiska regioner (Nordiska ministerr\u00e5det, 1984). De naturgeografiska regionerna \u00e4r baserade p\u00e5 topografiska, klimatologiska och biologiska f\u00f6rh\u00e5llanden och Kronobergs l\u00e4n ing\u00e5r i tre s\u00e5dana regioner: Sydsvenska h\u00f6glandets och sm\u00e5landsterr\u00e4ngens myrrika v\u00e4stsida, Sydsvenska h\u00f6glandets centrala och \u00f6stra delar samt Syd\u00f6stra Sm\u00e5lands skog- och sj\u00f6rika sl\u00e4ttomr\u00e5den. N\u00e4r det g\u00e4ller vegetationsgeografiska omr\u00e5den tillh\u00f6r Kronoberg den boreonemorala omr\u00e5det, med gr\u00e4nsen f\u00f6r det nemorala omr\u00e5det strax s\u00f6der om l\u00e4nsgr\u00e4nsen. Det boreonemorala omr\u00e5det pr\u00e4glas framf\u00f6rallt av att b\u00e5de barrskog och \u00e4dell\u00f6vskog f\u00f6rekommer naturligt i landskapet vilket inneb\u00e4r att det uppst\u00e5r en naturlig konkurrens om utbredningen. Odlingszonskartan visar dock en kil av mildare klimat fr\u00e5n Blekinge som str\u00e4cker sig norr om V\u00e4xj\u00f6. Denna korrelerar v\u00e4l med var l\u00f6vskogen historiskt (och till viss del \u00e4ven idag) haft en s\u00e4rskilt h\u00f6g andel.<\/p>\r\n\r\n<h4><strong>Nederb\u00f6rd<\/strong><\/h4>\r\n<p>\u00c5rsmedelv\u00e4rdet f\u00f6r nederb\u00f6rd mellan 1961 och 1990 visar en \u00f6st-v\u00e4stlig gradient med h\u00f6gre nederb\u00f6rd i de v\u00e4stra delarna samt ett omr\u00e5de med n\u00e5got h\u00f6gre nederb\u00f6rd i norra delarna av Alvesta kommun. En h\u00f6g nederb\u00f6rd ger b\u00e4ttre f\u00f6ruts\u00e4ttningar f\u00f6r uttorkningsk\u00e4nsliga och fukt\u00e4lskande arter.<\/p>\r\n","protected":false},"excerpt":{"rendered":"<p>Klimat och nederb\u00f6rd KlimatNordiska ministerr\u00e5det har delat in Norden i naturgeografiska respektive vegetationsgeografiska regioner (Nordiska ministerr\u00e5det, 1984). De naturgeografiska regionerna \u00e4r baserade p\u00e5 topografiska, klimatologiska och biologiska f\u00f6rh\u00e5llanden och Kronobergs l\u00e4n ing\u00e5r i tre s\u00e5dana regioner: Sydsvenska h\u00f6glandets och sm\u00e5landsterr\u00e4ngens&hellip;<\/p>\n","protected":false},"author":6,"featured_media":0,"parent":1494,"menu_order":0,"comment_status":"closed","ping_status":"closed","template":"","meta":{"footnotes":""},"class_list":["post-1498","page","type-page","status-publish","hentry","entry","no-media"],"_links":{"self":[{"href":"http:\/\/lstjamtland.hemsida.eu\/gi\/wp-json\/wp\/v2\/pages\/1498","targetHints":{"allow":["GET"]}}],"collection":[{"href":"http:\/\/lstjamtland.hemsida.eu\/gi\/wp-json\/wp\/v2\/pages"}],"about":[{"href":"http:\/\/lstjamtland.hemsida.eu\/gi\/wp-json\/wp\/v2\/types\/page"}],"author":[{"embeddable":true,"href":"http:\/\/lstjamtland.hemsida.eu\/gi\/wp-json\/wp\/v2\/users\/6"}],"replies":[{"embeddable":true,"href":"http:\/\/lstjamtland.hemsida.eu\/gi\/wp-json\/wp\/v2\/comments?post=1498"}],"version-history":[{"count":5,"href":"http:\/\/lstjamtland.hemsida.eu\/gi\/wp-json\/wp\/v2\/pages\/1498\/revisions"}],"predecessor-version":[{"id":2583,"href":"http:\/\/lstjamtland.hemsida.eu\/gi\/wp-json\/wp\/v2\/pages\/1498\/revisions\/2583"}],"up":[{"embeddable":true,"href":"http:\/\/lstjamtland.hemsida.eu\/gi\/wp-json\/wp\/v2\/pages\/1494"}],"wp:attachment":[{"href":"http:\/\/lstjamtland.hemsida.eu\/gi\/wp-json\/wp\/v2\/media?parent=1498"}],"curies":[{"name":"wp","href":"https:\/\/api.w.org\/{rel}","templated":true}]}}