{"id":1500,"date":"2018-06-27T09:00:27","date_gmt":"2018-06-27T09:00:27","guid":{"rendered":"http:\/\/lstjamtland.hemsida.eu\/gi\/?page_id=1500"},"modified":"2018-09-19T20:24:50","modified_gmt":"2018-09-19T20:24:50","slug":"befolkning-och-bebyggelse","status":"publish","type":"page","link":"http:\/\/lstjamtland.hemsida.eu\/gi\/gron-infrastruktur-i-kronobergs-lan\/lanets-fysiska-och-naturgivna-forutsattningar\/befolkning-och-bebyggelse\/","title":{"rendered":"Befolkning och bebyggelse"},"content":{"rendered":"<h3><strong>Befolkning och bebyggelse<\/strong><\/h3>\r\n<p>Befolkningens f\u00f6rdelning i l\u00e4net kan m\u00f6jligen ha ett samband med landskapets historiska kapacitet att f\u00f6rs\u00f6rja m\u00e4nniskor. De centrala delarna i l\u00e4net med den b\u00e4sta jordbruksmarken har st\u00f6rst befolkningst\u00e4thet. Lagandalen med Ljungby och Markaryd kan tydligt urskiljas, och likas\u00e5 de glesbefolkade omr\u00e5dena v\u00e4ster d\u00e4rom, d\u00e4r stora myromr\u00e5den breder ut sig. \u00c4ven de nord\u00f6stra delarnas magra jordar har givit upphov till en mer gles befolkning. Den glesa befolkningen kan ses som ett begr\u00e4nsande faktor n\u00e4r det kommer till att uppr\u00e4tth\u00e5lla service och kommunikationer. Lugna, ibland relativt or\u00f6rda, naturmilj\u00f6er med h\u00f6ga naturv\u00e4rden kan dock ocks\u00e5 ses som en viktig tillg\u00e5ng, inte minst f\u00f6r friluftsliv och turism. En fungerande landsbygd d\u00e4r det g\u00e5r att leva och f\u00f6rs\u00f6rja sig \u00e4r viktigt f\u00f6r att landskapet ska h\u00e5llas \u00f6ppet och f\u00f6r att de n\u00f6dv\u00e4ndiga processerna f\u00f6r att uppr\u00e4tth\u00e5lla den biologiska m\u00e5ngfalden ska forts\u00e4tta.<\/p>\r\n","protected":false},"excerpt":{"rendered":"<p>Befolkning och bebyggelse Befolkningens f\u00f6rdelning i l\u00e4net kan m\u00f6jligen ha ett samband med landskapets historiska kapacitet att f\u00f6rs\u00f6rja m\u00e4nniskor. De centrala delarna i l\u00e4net med den b\u00e4sta jordbruksmarken har st\u00f6rst befolkningst\u00e4thet. Lagandalen med Ljungby och Markaryd kan tydligt urskiljas, och&hellip;<\/p>\n","protected":false},"author":6,"featured_media":0,"parent":1494,"menu_order":0,"comment_status":"closed","ping_status":"closed","template":"","meta":{"footnotes":""},"class_list":["post-1500","page","type-page","status-publish","hentry","entry","no-media"],"_links":{"self":[{"href":"http:\/\/lstjamtland.hemsida.eu\/gi\/wp-json\/wp\/v2\/pages\/1500","targetHints":{"allow":["GET"]}}],"collection":[{"href":"http:\/\/lstjamtland.hemsida.eu\/gi\/wp-json\/wp\/v2\/pages"}],"about":[{"href":"http:\/\/lstjamtland.hemsida.eu\/gi\/wp-json\/wp\/v2\/types\/page"}],"author":[{"embeddable":true,"href":"http:\/\/lstjamtland.hemsida.eu\/gi\/wp-json\/wp\/v2\/users\/6"}],"replies":[{"embeddable":true,"href":"http:\/\/lstjamtland.hemsida.eu\/gi\/wp-json\/wp\/v2\/comments?post=1500"}],"version-history":[{"count":5,"href":"http:\/\/lstjamtland.hemsida.eu\/gi\/wp-json\/wp\/v2\/pages\/1500\/revisions"}],"predecessor-version":[{"id":2584,"href":"http:\/\/lstjamtland.hemsida.eu\/gi\/wp-json\/wp\/v2\/pages\/1500\/revisions\/2584"}],"up":[{"embeddable":true,"href":"http:\/\/lstjamtland.hemsida.eu\/gi\/wp-json\/wp\/v2\/pages\/1494"}],"wp:attachment":[{"href":"http:\/\/lstjamtland.hemsida.eu\/gi\/wp-json\/wp\/v2\/media?parent=1500"}],"curies":[{"name":"wp","href":"https:\/\/api.w.org\/{rel}","templated":true}]}}