{"id":1515,"date":"2018-06-27T09:17:28","date_gmt":"2018-06-27T09:17:28","guid":{"rendered":"http:\/\/lstjamtland.hemsida.eu\/gi\/?page_id=1515"},"modified":"2018-09-19T20:25:58","modified_gmt":"2018-09-19T20:25:58","slug":"infrastruktur","status":"publish","type":"page","link":"http:\/\/lstjamtland.hemsida.eu\/gi\/gron-infrastruktur-i-kronobergs-lan\/lanets-fysiska-och-naturgivna-forutsattningar\/infrastruktur\/","title":{"rendered":"Infrastruktur"},"content":{"rendered":"<h3>Infrastruktur<\/h3>\r\n<p>Infrastrukturen kan ha olika slags p\u00e5verkan p\u00e5 olika ekosystem och arter. Generellt sett inneb\u00e4r st\u00f6rre, h\u00e5rt trafikerade v\u00e4gar och j\u00e4rnv\u00e4gar att landskapets sammanhang bryts av p\u00e5 grund av sv\u00e5righeterna att passera. En stor kraftledningsgata i en sammanh\u00e4ngande skogsmilj\u00f6 kan vara tillr\u00e4ckligt f\u00f6r att vissa arter ska bli avskurna fr\u00e5n livs- eller f\u00f6dos\u00f6ksmilj\u00f6er. Samtidigt inneb\u00e4r infrastrukturen ibland en m\u00f6jlighet genom att de f\u00f6rbinder olika delar av landskapet med varandra. Detta g\u00e4ller framf\u00f6rallt f\u00f6r arter knutna till \u00f6ppna marker som genom en kraftledningsgata eller en v\u00e4gkant ges m\u00f6jlighet att f\u00f6rflytta sig fr\u00e5n en v\u00e4rdek\u00e4rna till en annan.<\/p>\r\n","protected":false},"excerpt":{"rendered":"<p>Infrastruktur Infrastrukturen kan ha olika slags p\u00e5verkan p\u00e5 olika ekosystem och arter. Generellt sett inneb\u00e4r st\u00f6rre, h\u00e5rt trafikerade v\u00e4gar och j\u00e4rnv\u00e4gar att landskapets sammanhang bryts av p\u00e5 grund av sv\u00e5righeterna att passera. En stor kraftledningsgata i en sammanh\u00e4ngande skogsmilj\u00f6 kan&hellip;<\/p>\n","protected":false},"author":6,"featured_media":0,"parent":1494,"menu_order":0,"comment_status":"closed","ping_status":"closed","template":"","meta":{"footnotes":""},"class_list":["post-1515","page","type-page","status-publish","hentry","entry","no-media"],"_links":{"self":[{"href":"http:\/\/lstjamtland.hemsida.eu\/gi\/wp-json\/wp\/v2\/pages\/1515","targetHints":{"allow":["GET"]}}],"collection":[{"href":"http:\/\/lstjamtland.hemsida.eu\/gi\/wp-json\/wp\/v2\/pages"}],"about":[{"href":"http:\/\/lstjamtland.hemsida.eu\/gi\/wp-json\/wp\/v2\/types\/page"}],"author":[{"embeddable":true,"href":"http:\/\/lstjamtland.hemsida.eu\/gi\/wp-json\/wp\/v2\/users\/6"}],"replies":[{"embeddable":true,"href":"http:\/\/lstjamtland.hemsida.eu\/gi\/wp-json\/wp\/v2\/comments?post=1515"}],"version-history":[{"count":6,"href":"http:\/\/lstjamtland.hemsida.eu\/gi\/wp-json\/wp\/v2\/pages\/1515\/revisions"}],"predecessor-version":[{"id":2585,"href":"http:\/\/lstjamtland.hemsida.eu\/gi\/wp-json\/wp\/v2\/pages\/1515\/revisions\/2585"}],"up":[{"embeddable":true,"href":"http:\/\/lstjamtland.hemsida.eu\/gi\/wp-json\/wp\/v2\/pages\/1494"}],"wp:attachment":[{"href":"http:\/\/lstjamtland.hemsida.eu\/gi\/wp-json\/wp\/v2\/media?parent=1515"}],"curies":[{"name":"wp","href":"https:\/\/api.w.org\/{rel}","templated":true}]}}