{"id":1539,"date":"2018-06-27T09:53:52","date_gmt":"2018-06-27T09:53:52","guid":{"rendered":"http:\/\/lstjamtland.hemsida.eu\/gi\/?page_id=1539"},"modified":"2018-09-20T19:40:01","modified_gmt":"2018-09-20T19:40:01","slug":"1539-2","status":"publish","type":"page","link":"http:\/\/lstjamtland.hemsida.eu\/gi\/gron-infrastruktur-i-kronobergs-lan\/ett-rikt-odlingslandskap\/1539-2\/","title":{"rendered":"Ekosystemtj\u00e4nster i odlingslandskapet"},"content":{"rendered":"<h3>Ekosystemtj\u00e4nster i odlingslandskapet<\/h3>\r\n<p>P\u00e5 senare tid har i synnerhet produktion av livsmedel och elektricitet uppm\u00e4rksammats som viktiga att s\u00e4kerst\u00e4lla p\u00e5 mer lokal niv\u00e5 f\u00f6r att minska s\u00e5rbarheten vid en eventuell kris och f\u00f6r att minska belastningen p\u00e5 klimatet. F\u00f6r att s\u00e5dan produktion ska kunna vara l\u00e5ngsiktigt h\u00e5llbar kr\u00e4vs stabila, fungerande ekosystem som uppr\u00e4tth\u00e5ller naturens f\u00f6rm\u00e5ga att skapa nyttor, t.ex. genom att insekter pollinerar gr\u00f6dor. Friska ekosystem kan \u00e5stadkommas genom att uppr\u00e4tth\u00e5lla\u00a0en variation av milj\u00f6er. Detta skapar samtidigt motst\u00e5ndskraft mot olika typer av st\u00f6rningar som annars kan p\u00e5verka ekosystemtj\u00e4nsterna negativt, t.ex. skadedjursangrepp.\u00a0 Exempel p\u00e5 variationsbringande inslag \u00e4r \u00e5kerrenar, stenmurar, \u00f6ppna diken, sm\u00e5vatten, v\u00e5tmarker, odlingsr\u00f6sen\/stentippar, \u00f6verloppsbyggnader, solit\u00e4rtr\u00e4d, all\u00e9r, hamlade tr\u00e4d, brukningsv\u00e4gar, f\u00e4gator, brunnar och k\u00e4llor, byggnadsgrunder och fornl\u00e4mningar. Dessa bildar olika typer av livsmilj\u00f6er och spridningsv\u00e4gar i landskapet. \u00c4ven brynzoner mellan \u00f6ppen och tr\u00e4dbevuxen mark \u00e4r ett viktigt inslag som livs- och spridningsmilj\u00f6 f\u00f6r arter, som dessutom levererar ekosystemtj\u00e4nster eftersom de utg\u00f6r f\u00f6dok\u00e4lla f\u00f6r viltet.<\/p><p>F\u00f6rutom en kombination av olika markslag kr\u00e4vs r\u00e4tt typ av sk\u00f6tsel f\u00f6r att h\u00e5lla ekosystemen och den biologiska m\u00e5ngfalden intakt. M\u00e5nga arter \u00e4r\u00a0direkt eller indirekt\u00a0beroende av betande djur som h\u00e5ller landskapet \u00f6ppet. Betande djur \u00e4r med andra ord b\u00e5de en direkt nytta (livsmedel) och en vital komponent f\u00f6r det fungerande ekosystemet.<\/p><p>\u00c4ven \u00e5krar har dubbel funktion. De \u00e4r inte bara en viktig f\u00f6dok\u00e4lla f\u00f6r m\u00e4nniskor utan \u00e4ven f\u00f6r insekter. De \u00e4r dessutom ett viktigt habitat f\u00f6r m\u00e5nga hotade \u00e5kerogr\u00e4s. Denna m\u00e5ngfunktionalitet visar vikten av att v\u00e4ga in olika typer av\u00a0ekosystemtj\u00e4nster i en bed\u00f6mning av markens v\u00e4rde. Ett ensidigt fokus p\u00e5 livsmedelsproduktion genom arealmaximering och anv\u00e4ndning av bek\u00e4mpningsmedel sker p\u00e5 bekostnad av andra ekosystemtj\u00e4nster som \u00e4r l\u00e5ngsiktigt n\u00f6dv\u00e4ndiga.<\/p><p>Ett annat exempel p\u00e5 m\u00e5ngfunktionalitet \u00e4r v\u00e5tmarker i odlingslandskapet vilka \u00e4r mycket betydelsefulla f\u00f6r den biologiska m\u00e5ngfalden och samtidigt viktiga f\u00f6r att minska utsl\u00e4pp av milj\u00f6gifter och n\u00e4rings\u00e4mnen i vatten.<\/p><p>\u00c4ven brynzoner mellan \u00f6ppen och tr\u00e4dbevuxen mark \u00e4r ett viktigt inslag som livs- och spridningsmilj\u00f6 f\u00f6r arter, som dessutom levererar ekosystemtj\u00e4nster i form av viltfoder.<\/p><p>I kartskiktet <em>F\u00f6ruts\u00e4ttningar f\u00f6r storskalig livsmedelsproduktion<\/em> visas omr\u00e5den som har relativt gynnsamma f\u00f6ruts\u00e4ttningar f\u00f6r en rationaliserad livsmedelsproduktion baserat p\u00e5 skiftenas storlek och koncentration.<\/p>\r\n","protected":false},"excerpt":{"rendered":"<p>Ekosystemtj\u00e4nster i odlingslandskapet P\u00e5 senare tid har i synnerhet produktion av livsmedel och elektricitet uppm\u00e4rksammats som viktiga att s\u00e4kerst\u00e4lla p\u00e5 mer lokal niv\u00e5 f\u00f6r att minska s\u00e5rbarheten vid en eventuell kris och f\u00f6r att minska belastningen p\u00e5 klimatet. F\u00f6r att&hellip;<\/p>\n","protected":false},"author":6,"featured_media":0,"parent":1531,"menu_order":0,"comment_status":"closed","ping_status":"closed","template":"","meta":{"footnotes":""},"class_list":["post-1539","page","type-page","status-publish","hentry","entry","no-media"],"_links":{"self":[{"href":"http:\/\/lstjamtland.hemsida.eu\/gi\/wp-json\/wp\/v2\/pages\/1539","targetHints":{"allow":["GET"]}}],"collection":[{"href":"http:\/\/lstjamtland.hemsida.eu\/gi\/wp-json\/wp\/v2\/pages"}],"about":[{"href":"http:\/\/lstjamtland.hemsida.eu\/gi\/wp-json\/wp\/v2\/types\/page"}],"author":[{"embeddable":true,"href":"http:\/\/lstjamtland.hemsida.eu\/gi\/wp-json\/wp\/v2\/users\/6"}],"replies":[{"embeddable":true,"href":"http:\/\/lstjamtland.hemsida.eu\/gi\/wp-json\/wp\/v2\/comments?post=1539"}],"version-history":[{"count":9,"href":"http:\/\/lstjamtland.hemsida.eu\/gi\/wp-json\/wp\/v2\/pages\/1539\/revisions"}],"predecessor-version":[{"id":2597,"href":"http:\/\/lstjamtland.hemsida.eu\/gi\/wp-json\/wp\/v2\/pages\/1539\/revisions\/2597"}],"up":[{"embeddable":true,"href":"http:\/\/lstjamtland.hemsida.eu\/gi\/wp-json\/wp\/v2\/pages\/1531"}],"wp:attachment":[{"href":"http:\/\/lstjamtland.hemsida.eu\/gi\/wp-json\/wp\/v2\/media?parent=1539"}],"curies":[{"name":"wp","href":"https:\/\/api.w.org\/{rel}","templated":true}]}}