{"id":1544,"date":"2018-06-27T10:06:15","date_gmt":"2018-06-27T10:06:15","guid":{"rendered":"http:\/\/lstjamtland.hemsida.eu\/gi\/?page_id=1544"},"modified":"2018-09-20T19:44:21","modified_gmt":"2018-09-20T19:44:21","slug":"fordelning-av-naturvarden-i-ett-lansperspektiv-odlingslandskap","status":"publish","type":"page","link":"http:\/\/lstjamtland.hemsida.eu\/gi\/gron-infrastruktur-i-kronobergs-lan\/ett-rikt-odlingslandskap\/fordelning-av-naturvarden-i-ett-lansperspektiv-odlingslandskap\/","title":{"rendered":"F\u00f6rdelning av naturv\u00e4rden i ett l\u00e4nsperspektiv &#8211; odlingslandskap"},"content":{"rendered":"<h3>F\u00f6rdelning av naturv\u00e4rden i ett l\u00e4ns\u00f6vergripande perspektiv<\/h3>\r\n<p>P\u00e5 grund av odlingslandskapets karakt\u00e4r i l\u00e4net, med huvudsakligen sm\u00e5 fl\u00e4ckar av \u00f6ppen mark kring byarna i ett i \u00f6vrigt skogsbevuxet landskap, har L\u00e4nsstyrelsen bed\u00f6mt att det inte finns anledning att peka ut s\u00e4rskilda v\u00e4rdetrakter f\u00f6r odlingslandskapet. Ist\u00e4llet b\u00f6r fokus ligga p\u00e5 en l\u00e4gre skalniv\u00e5. F\u00f6r att \u00e4nd\u00e5 ge ett regionalt perspektiv\u00a0finns dock anledning att studera hur v\u00e4rdefulla avsnitt av sm\u00e5brukat odlingslandskap f\u00f6rdelar sig i l\u00e4net.<\/p><p>Genom en sammal\u00e4ggning av kartdata som visar andel mosaikmark, artvariation och koncentration av v\u00e4rdek\u00e4rnor \u00e4r det m\u00f6jligt att f\u00e5 en\u00a0bild av hur odlingslandskapets naturv\u00e4rden f\u00f6rdelar sig i\u00a0l\u00e4net. D\u00e4rmed erh\u00e5lls en\u00a0sammanv\u00e4gd bild av\u00a0omr\u00e5den\u00a0i l\u00e4net\u00a0d\u00e4r\u00a0odlingslandskapet har s\u00e4rskilt\u00a0goda f\u00f6ruts\u00e4ttningar funktionalitet p\u00e5 landskapsniv\u00e5. Detta framg\u00e5r av kartskiktet <em>Sammanv\u00e4gda naturv\u00e4rden i odlingslandskapet<\/em>.<\/p>\r\n<p>K\u00e4rnomr\u00e5dena med h\u00f6ga v\u00e4rden \u00e4r utspridda \u00f6ver l\u00e4net men tonvikten \u00e5t \u00f6stra delen av l\u00e4net \u00e4r tydlig. Det centrala odlingslandskapet \u00e4r v\u00e4l representerat men n\u00e5got som \u00e4r s\u00e4rskilt viktigt att notera \u00e4r de h\u00f6ga v\u00e4rdena i nord\u00f6stra delen av l\u00e4net, som har mer karakt\u00e4r av skogsbygd men med l\u00e5ng tradition av sm\u00e5skaligt brukande.<\/p>\r\n<p>Vid en j\u00e4mf\u00f6relse med den inventering av vilda v\u00e4xter som f\u00f6reningen Sm\u00e5lands flora genomf\u00f6rt kan konstateras att de mest artrika omr\u00e5dena sammanfaller v\u00e4l med de omr\u00e5den som f\u00e5r h\u00f6ga po\u00e4ng i sammanst\u00e4llningen. I inventeringen finns dock ett st\u00f6rre omr\u00e5de norr om \u00c5snen med stor artrikedom som inte framtr\u00e4der lika tydligt i sammanst\u00e4llningen. I sammanhanget kan n\u00e4mnas att inventeringen visar att artrikedomen \u00f6verlag \u00e4r betydligt l\u00e4gre i Kronobergs l\u00e4n \u00e4n i Kalmar och \u00f6stra delarna av J\u00f6nk\u00f6pings l\u00e4n.<\/p>\r\n<h4>Viktiga str\u00e5k i naturv\u00e5rdsarbetet i odlingslandskapet<\/h4>\r\n<p><img loading=\"lazy\" decoding=\"async\" width=\"453\" height=\"290\" class=\"wp-image-1547 alignright\" alt=\"\" src=\"http:\/\/lstjamtland.hemsida.eu\/gi\/wp-content\/uploads\/2018\/06\/Str\u00e5k.jpg\" srcset=\"http:\/\/lstjamtland.hemsida.eu\/gi\/wp-content\/uploads\/2018\/06\/Str\u00e5k.jpg 757w, http:\/\/lstjamtland.hemsida.eu\/gi\/wp-content\/uploads\/2018\/06\/Str\u00e5k-300x192.jpg 300w\" sizes=\"auto, (max-width: 453px) 100vw, 453px\" \/>Utifr\u00e5n den tidigare redovisade agrarhistoriska karakt\u00e4rsomr\u00e5dena och f\u00f6rdelningen av odlingslandskapets v\u00e4rden i l\u00e4net g\u00e5r det att p\u00e5 en grovt generaliserad, regional skala urskilja vissa str\u00e5k till vilka naturv\u00e5rdsarbetet kan prioriteras f\u00f6r att bevara en ryggrad av det v\u00e4rdefulla odlingslandskapet. Str\u00e5ken knyter samman de centrala och de perifera delarna och anknyter ocks\u00e5 till omr\u00e5den med h\u00f6ga v\u00e4rden i grannl\u00e4nen. Viktigt att notera \u00e4r att sex av \u00e5tta av l\u00e4nets centralorter ber\u00f6rs av de str\u00e5k som f\u00f6resl\u00e5s h\u00e4r. Detta understryker vikten av att kommuner arbetar f\u00f6r att urbana milj\u00f6er och exploatering kring t\u00e4torten fr\u00e4mjar odlingslandskapets v\u00e4rden.<\/p>\r\n<p>&nbsp;<\/p>\r\n","protected":false},"excerpt":{"rendered":"<p>F\u00f6rdelning av naturv\u00e4rden i ett l\u00e4ns\u00f6vergripande perspektiv P\u00e5 grund av odlingslandskapets karakt\u00e4r i l\u00e4net, med huvudsakligen sm\u00e5 fl\u00e4ckar av \u00f6ppen mark kring byarna i ett i \u00f6vrigt skogsbevuxet landskap, har L\u00e4nsstyrelsen bed\u00f6mt att det inte finns anledning att peka ut&hellip;<\/p>\n","protected":false},"author":6,"featured_media":0,"parent":1531,"menu_order":0,"comment_status":"closed","ping_status":"closed","template":"","meta":{"footnotes":""},"class_list":["post-1544","page","type-page","status-publish","hentry","entry","no-media"],"_links":{"self":[{"href":"http:\/\/lstjamtland.hemsida.eu\/gi\/wp-json\/wp\/v2\/pages\/1544","targetHints":{"allow":["GET"]}}],"collection":[{"href":"http:\/\/lstjamtland.hemsida.eu\/gi\/wp-json\/wp\/v2\/pages"}],"about":[{"href":"http:\/\/lstjamtland.hemsida.eu\/gi\/wp-json\/wp\/v2\/types\/page"}],"author":[{"embeddable":true,"href":"http:\/\/lstjamtland.hemsida.eu\/gi\/wp-json\/wp\/v2\/users\/6"}],"replies":[{"embeddable":true,"href":"http:\/\/lstjamtland.hemsida.eu\/gi\/wp-json\/wp\/v2\/comments?post=1544"}],"version-history":[{"count":9,"href":"http:\/\/lstjamtland.hemsida.eu\/gi\/wp-json\/wp\/v2\/pages\/1544\/revisions"}],"predecessor-version":[{"id":2598,"href":"http:\/\/lstjamtland.hemsida.eu\/gi\/wp-json\/wp\/v2\/pages\/1544\/revisions\/2598"}],"up":[{"embeddable":true,"href":"http:\/\/lstjamtland.hemsida.eu\/gi\/wp-json\/wp\/v2\/pages\/1531"}],"wp:attachment":[{"href":"http:\/\/lstjamtland.hemsida.eu\/gi\/wp-json\/wp\/v2\/media?parent=1544"}],"curies":[{"name":"wp","href":"https:\/\/api.w.org\/{rel}","templated":true}]}}