{"id":1550,"date":"2018-06-27T10:15:33","date_gmt":"2018-06-27T10:15:33","guid":{"rendered":"http:\/\/lstjamtland.hemsida.eu\/gi\/?page_id=1550"},"modified":"2018-09-28T19:49:59","modified_gmt":"2018-09-28T19:49:59","slug":"hot-paverkan-och-hinder-for-odlingslandskapets-varden","status":"publish","type":"page","link":"http:\/\/lstjamtland.hemsida.eu\/gi\/gron-infrastruktur-i-kronobergs-lan\/ett-rikt-odlingslandskap\/hot-paverkan-och-hinder-for-odlingslandskapets-varden\/","title":{"rendered":"Hot p\u00e5verkan och hinder f\u00f6r odlingslandskapets v\u00e4rden"},"content":{"rendered":"[vc_row][vc_column][vc_column_text]\r\n<h3>Hot, p\u00e5verkan och hinder f\u00f6r odlingslandskapets v\u00e4rden<\/h3>\r\n<h4>Grundf\u00f6ruts\u00e4ttningen \u00e4r ett aktivt brukande<\/h4>\r\n<p>Aktivt lantbruk med naturbetesh\u00e4vd och \u00e4ven sk\u00f6tsel av kulturelement och sm\u00e5biotoper i \u00e5kermark \u00e4r en f\u00f6ruts\u00e4ttning f\u00f6r att vidmakth\u00e5lla alla de olika livsmilj\u00f6er och spridningskorridorer som finns i odlingslandskapet. Det som i grunden styr utvecklingen \u00e4r jordbrukets l\u00f6nsamhet som \u00e4r en f\u00f6ruts\u00e4ttning f\u00f6r ett \u00f6ppet landskap med god naturv\u00e5rdsh\u00e4nsyn.<\/p><p>Likv\u00e4l som strukturrationaliseringen av jordbruket har inneburit stora negativa konsekvenser f\u00f6r den biologiska m\u00e5ngfalden ger den samtidigt ekonomiskt underlag f\u00f6r att jordbruket ska kunna forts\u00e4tta utvecklas. D\u00e4rf\u00f6r \u00e4r det viktigt att st\u00f6dsystem \u00e4r utformade p\u00e5 ett s\u00e5dant s\u00e4tt att h\u00e4vden av naturbetesmark och sk\u00f6tseln av sm\u00e5biotoper kan uppr\u00e4tth\u00e5llas \u00e4ven i ett sm\u00e5skaligt odlingslandskap, eftersom det annars inte kommer att finnas tillr\u00e4ckligt mycket mark med h\u00f6ga v\u00e4rden att skapa en gr\u00f6n infrastruktur av. Genom politiska beslut, t.ex. ekonomiska styrmedel och satsningar p\u00e5 lokalproducerad mat, g\u00e5r det dock ocks\u00e5 att g\u00f6ra sm\u00e5skaliga jordbruk b\u00e4rkraftiga.<\/p><p>Vildsvinens spridning och p\u00e5verkan p\u00e5 jordbrukslandskapet \u00e4r omfattande vilket medf\u00f6r stora skador och kostnader f\u00f6r lantbruket. Jordbruksgr\u00f6dor erbjuder vildsvin stora m\u00e4ngder energirikt foder l\u00e4ttillg\u00e4ngligt. F\u00f6r den enskilde lantbrukaren kan en uppb\u00f6kad vall eller f\u00f6rlorad sk\u00f6rd inneb\u00e4ra stora kostnader. Mj\u00f6lkproducentens beroende av ensilage med h\u00f6g kvalitet medf\u00f6r extra arbete f\u00f6r att s\u00e4kerst\u00e4lla vallen innan sk\u00f6rd. Sm\u00e5 g\u00e5rdar som drabbats av vildsvinsskador har en h\u00f6gre sk\u00f6rdef\u00f6rlust och totalkostnad j\u00e4mf\u00f6rt med stora g\u00e5rdar. Arten \u00e4r dock \u00e4ven en del av den biologiska m\u00e5ngfalden och f\u00f6rb\u00e4ttrar p\u00e5 m\u00e5nga s\u00e4tt f\u00f6ruts\u00e4ttningarna f\u00f6r andra arter beroende av markst\u00f6rning.<\/p><p>Det \u00e4r ocks\u00e5 viktigt att ta h\u00e4nsyn till hur f\u00f6rekomsten av rovdjur p\u00e5verkar m\u00f6jligheten till betesdrift. F\u00f6r att uppr\u00e4tth\u00e5lla en gr\u00f6n infrastruktur i odlingslandskapet \u00e4r det viktigt att f\u00f6rekomst av rovdjur inte har negativ inverkan p\u00e5 m\u00f6jligheten och viljan att h\u00e5lla betande djur.<\/p><p>Eftersom underskott i ett lantbruksf\u00f6retag ocks\u00e5 kan leda till \u00f6kat tryck p\u00e5 int\u00e4kter fr\u00e5n skogen (eller minskat utrymme f\u00f6r naturv\u00e5rdande insatser), \u00e4r f\u00f6ruts\u00e4ttningarna f\u00f6r att bedriva lantbruk \u00e4ven en viktig fr\u00e5ga \u00e4ven f\u00f6r att s\u00e4kerst\u00e4lla skogslandskapets gr\u00f6na infrastruktur. Behovet av virkesproduktion leder till att mer mark tas i anspr\u00e5k f\u00f6r skogsplantering ist\u00e4llet f\u00f6r att h\u00e5llas \u00f6ppen. Skogssk\u00f6tsel som bygger p\u00e5 t\u00e4ta barrbest\u00e5nd \u00e4r s\u00e4rskilt negativa f\u00f6r odlingslandskapet.<\/p>\r\n[\/vc_column_text][\/vc_column][\/vc_row][vc_row][vc_column][vc_tta_tour active_section=&#8221;1&#8243; el_class=&#8221;tour&#8221;][vc_tta_section title=&#8221;Igenv\u00e4xning&#8221; tab_id=&#8221;1531213810713-5a707ba1-4e8d&#8221;][vc_column_text]<h4>Minskat brukande som leder till igenv\u00e4xning<\/h4><p>Det \u00e4ldre odlingslandskapets struktur, d\u00e4r g\u00e5rden med sina in\u00e4gor av \u00e5ker och \u00e4ng omges av betad utmark, har under 1900-talet f\u00f6r\u00e4ndrats kraftigt. M\u00e5nga tidigare og\u00f6dslade \u00e4ngar och naturbetesmarker har g\u00f6dslats och \u00e4ngar har \u00f6verg\u00e5tt till \u00e5ker, betesmark eller skog. M\u00e5nga sm\u00e5biotoper har rationaliserats bort eller v\u00e4xt igen och en del\u00a0jordbruksmark har \u00f6verf\u00f6rts till skogsmark. F\u00f6r\u00e4ndringarna har inneburit stor p\u00e5verkan p\u00e5 m\u00e5nga v\u00e4xt- och djurarter som \u00e4r anpassade till dessa milj\u00f6er. De marker i odlingslandskapet som idag utg\u00f6r naturliga betesmarker och \u00e4ngar utg\u00f6r endast en spillra mot vad som fanns i b\u00f6rjan av 1900-talet. Och den negativa trenden forts\u00e4tter i modern tid. Mellan \u00e5r 1995 och \u00e5r 2016 har antalet f\u00f6retag med mer \u00e4n 2,1 ha \u00e5ker minskat fr\u00e5n 3142 till 2017 stycken och under samma tidsperiod har totalantalet n\u00f6tkreatur minskat fr\u00e5n 69\u00a0504 stycken till 63\u00a0642.<\/p><p>Milj\u00f6m\u00e5lsuppf\u00f6ljningen visar tydligt den f\u00f6r\u00e4ndring som successivt sker i odlingslandskapet. Arealen \u00e5ker i l\u00e4net minskade mellan \u00e5r 1995 och \u00e5r 2016 med 17,4 procent vilket \u00e4r bland de st\u00f6rsta minskningarna i landet. Arealen betesmark minskade mellan \u00e5r 2000 och 2014 med 12,3 procent. \u00c5r 2016 inleddes en ominventering av \u00e4ngs- och betesmarker. Marker utan information om nuvarande status i TUVA-databasen prioriterades. Fr\u00e5n 2017 har ocks\u00e5 marker som ing\u00e5r i milj\u00f6ers\u00e4ttning f\u00f6r s\u00e4rskilda v\u00e4rden men saknas i TUVA-databasen inventerats. F\u00f6r Lessebo och Alvesta kommuner \u00e4r inventeringen avslutad och resultatet visar att 26 procent av den ominventerade arealen i Lessebo \u00e4r oh\u00e4vdad medan den i Alvesta uppg\u00e5r till 13 procent.<span> <a name=\"_ftnref1\" href=\"#_ftn1\">[1]<\/a><\/span><\/p><p>Genom datortolkning av den ekonomiska kartan utf\u00f6rd inom ett projekt p\u00e5 Stockholms universitet (Auffret, o.a., 2017) \u00e4r det m\u00f6jligt att\u00a0j\u00e4mf\u00f6ra\u00a0hur\u00a0\u00f6ppenhet i odlingslandskapet har f\u00f6r\u00e4ndrats och studera hur igenv\u00e4xningen f\u00f6rdelar sig geografiskt.<\/p><p>Den bild som framtr\u00e4der genom olika typer av analyser \u00e4r en till viss del geografiskt diversifierad hotbild mot den gr\u00f6na infrastrukturen i odlingslandskapet, i synnerhet n\u00e4r det g\u00e4ller naturbetesmarken. I skogsbygden, framf\u00f6rallt i \u00f6stra delarna av l\u00e4net, finns relativt stora arealer \u00e4ngs- och betesmark som har, eller fram tills nyligen har haft, h\u00f6ga naturv\u00e4rden. Eftersom det generellt \u00e4r sv\u00e5rare att f\u00e5 jordbruket l\u00f6nsamt i skogsbygden har nedl\u00e4ggningen av jordbruk g\u00e5tt fortare och bristen p\u00e5 betande djur gjort att igenv\u00e4xningen och fragmenteringen h\u00e4r har g\u00e5tt l\u00e4ngre \u00e4n i mellanbygd. Det finns m\u00e5nga aspekter som f\u00f6rsv\u00e5rar jordbruksdrift i skogsbygd till skillnad fr\u00e5n mellan- och sl\u00e4ttbygd. Jordbruksmarken best\u00e5r av i genomsnitt mindre skiften med st\u00f6rre avst\u00e5nd mellan skiftena. Men \u00e4ven samh\u00e4llsstrukturer som t.ex. infrastruktur och dagligvaruhandel p\u00e5verkar f\u00f6ruts\u00e4ttningarna f\u00f6r att bedriva lantbruk. I dessa trakter \u00e4r det med andra ord bristen p\u00e5 lantbrukare och boskap i sig som hotar den gr\u00f6na infrastrukturen. I mellanbygd kan rationaliseringar ist\u00e4llet f\u00e5 konsekvensen att betet flyttas till mer produktiv och sammanh\u00e5llen mark. Det \u00e4r allts\u00e5 inte n\u00f6dv\u00e4ndigtvis f\u00f6r lite betande djur som \u00e4r problemet h\u00e4r utan att f\u00e5 till bete p\u00e5 mindre produktiv mark och att h\u00e5lla ett lagom intensivt betestryck.<\/p><p>Exploatering av jordbruksmark har generellt inte varit n\u00e5got stort hot mot odlingslandskapet i l\u00e4net men efterhand som jordbruksmarken minskar s\u00e5 finns det sk\u00e4l att vara vaksam p\u00e5 den exploatering som trots allt sker.<\/p><p><a name=\"_ftn1\" href=\"http:\/\/lstjamtland.hemsida.eu\/gi\/gron-infrastruktur-i-kronobergs-lan\/ett-rikt-odlingslandskap\/hot-paverkan-och-hinder-for-odlingslandskapets-varden\/minskat-brukande-som-leder-till-igenvaxning\/#_ftnref1\">[1]<\/a>\u00a0Milj\u00f6m\u00e5lsuppf\u00f6ljning i Kronobergs l\u00e4n 2017<\/p>[\/vc_column_text][\/vc_tta_section][vc_tta_section title=&#8221;Klimatf\u00f6r\u00e4ndringar&#8221; tab_id=&#8221;1531213810713-b39d587d-f585&#8243;][vc_column_text]\r\n<h4>Klimatf\u00f6r\u00e4ndringar<\/h4>\r\n<p>Jordbruksverket har tagit fram en rad rapporter som beskriver klimatf\u00f6r\u00e4ndringarnas p\u00e5verkan p\u00e5 jordbruket och som finns att tillg\u00e5 p\u00e5 <a href=\"http:\/\/www.jordbruksverket.se\/amnesomraden\/miljoklimat\/klimatanpassningavjordbruket\/klimatforandringarpaverkarjordbruket.4.e01569712f24e2ca09800012513.html\">Jordbruksverkets hemsida<\/a>. En l\u00e4ngre vegetationsperiod kan gynna jordbruket samtidigt som mer extremt v\u00e4der inneb\u00e4r st\u00f6rre risker. Inkomstbortfall p\u00e5 grund av torka\u00a0eller \u00f6versv\u00e4mning\u00a0leder i f\u00f6rl\u00e4ngningen till att f\u00e4rre kan eller vill bedriva lantbruk. \u00c5tg\u00e4rder i landskapet f\u00f6r att mildra effekterna av torka och \u00f6versv\u00e4mning (t.ex.\u00a0restaurering av v\u00e5tmarker)\u00a0\u00e4r d\u00e4rmed synnerligen efterstr\u00e4vansv\u00e4rda.<\/p>\r\n<p>N\u00e4r det g\u00e4ller odlingslandskapets naturv\u00e4rden kan man anta att ett st\u00f6rre inslag av naturliga st\u00f6rningar i form av markbr\u00e4nder, \u00f6versv\u00e4mningar och torka p\u00e5 det stora hela kan gynna konkurrenssvaga gr\u00e4smarksarter. Dock \u00f6kar riskerna f\u00f6r att enskilda eller n\u00e4tverk av v\u00e4rdek\u00e4rnor sl\u00e5s ut, vilket med tanke p\u00e5 landskapets fragmentering kan leda till att lokala populationer f\u00f6rsvinner utan att kunna \u00e5teretablera sig. Extrem v\u00e4derlek\u00a0 i form av v\u00e4rmeb\u00f6ljor \u00f6kar behovet av strukturer som kan ge skydd och skugga.<\/p>\r\n<p>Enligt SMHI:s klimatscenario kommer antalet dagar med marktorka \u00f6ka generellt i l\u00e4net och i synnerhet i de centrala delarna, vilket sammanfaller med de omr\u00e5den d\u00e4r f\u00f6ruts\u00e4ttningarna f\u00f6r livsmedelsproduktion \u00e4r b\u00e4st. Antalet dagar med kraftiga skyfall kommer att \u00f6ka p\u00e5 samma s\u00e4tt i hela l\u00e4net.<\/p>\r\n[\/vc_column_text][\/vc_tta_section][vc_tta_section title=&#8221;Spridningsbarri\u00e4rer&#8221; tab_id=&#8221;1531214630408-a4ce06f2-9025&#8243;][vc_column_text]\r\n<h4>Spridningsbarri\u00e4rer<\/h4><p>Generellt kan odlingslandskapets arter s\u00e4gas missgynnas av allt f\u00f6r t\u00e4t vegetation som skapar sv\u00e5rgenomtr\u00e4nglighet och skuggiga, og\u00e4stv\u00e4nliga milj\u00f6er. Denna hotbild \u00e4r s\u00e4rskilt relevant i de perifera skogsbygderna och det kan d\u00e4rf\u00f6r finnas s\u00e4rskilda sk\u00e4l att arbeta med olika typer av korridorer f\u00f6r att skapa f\u00f6rbindelse mellan omr\u00e5den med h\u00f6ga v\u00e4rden. \u00c4ven ett \u00f6ppet landskap kan dock vid ensidig markanv\u00e4ndning inneb\u00e4ra sv\u00e5righeter f\u00f6r arter att sprida sig eftersom det d\u00e5 ofta saknas skydd och f\u00f6dok\u00e4llor. Trafikerade v\u00e4gar utg\u00f6r hinder f\u00f6r t.ex. insekter och fj\u00e4rilar, vilket inneb\u00e4r att en mer trafikerad v\u00e4g i princip kan dela av ett st\u00f6rre omr\u00e5de som annars hade h\u00e4ngt samman. I l\u00e4ngsg\u00e5ende riktning kan v\u00e4gar d\u00e4remot ocks\u00e5 binda samman omr\u00e5den f\u00f6rutsatt att v\u00e4gkanterna sk\u00f6ts s\u00e5 att en blommande \u00e4ngsflora gynnas. Urbana milj\u00f6er har f\u00f6ruts\u00e4ttningar att genom medveten planering fungera som klivstenar f\u00f6r odlingslandskapets arter men p\u00e5 grund av trafik, h\u00e5rdgjorda ytor och byggnader uppst\u00e5r barri\u00e4reffekter.<br \/><br \/><\/p>[\/vc_column_text][\/vc_tta_section][vc_tta_section title=&#8221;Omr\u00e5den med h\u00f6gt f\u00f6r\u00e4ndringstryck&#8221; tab_id=&#8221;1531214696492-77acc724-581b&#8221;][vc_column_text]\r\n<h4>Omr\u00e5den med h\u00f6gt f\u00f6r\u00e4ndringstryck<\/h4>\r\n<p>Att inrymma alla aspekter av negativ p\u00e5verkan p\u00e5 odlingslandskapet i en geografisk analys \u00e4r inte m\u00f6jligt inom ramen f\u00f6r denna handlingsplan. En f\u00f6renklad bild av omr\u00e5den d\u00e4r f\u00f6r\u00e4ndringstrycket kan antas vara extra stort har dock tagits fram. Detta har skett genom att analysera hur stor andel jordbruksmark som inte l\u00e4ngre \u00e4r blocklagd j\u00e4mf\u00f6rt med \u00e5r 1999. Detta antas ge en god bild av vilka omr\u00e5den som \u00e4r s\u00e4rskilt utsatta f\u00f6r nedl\u00e4ggning av jordbruk med upph\u00f6rd sk\u00f6tsel som f\u00f6ljd. Analysen har sedan kombinerats med SCB:s f\u00f6rvaltningsindex som visar omr\u00e5den som \u00e4r attraktiva f\u00f6r exploatering. Omr\u00e5dena kan ses i kartskiktet\u00a0<em>F\u00f6r\u00e4ndringstryck i odlingslandskapet<\/em>.<\/p>\r\n[\/vc_column_text][\/vc_tta_section][\/vc_tta_tour][\/vc_column][\/vc_row]","protected":false},"excerpt":{"rendered":"<p>[vc_row][vc_column][vc_column_text] Hot, p\u00e5verkan och hinder f\u00f6r odlingslandskapets v\u00e4rden Grundf\u00f6ruts\u00e4ttningen \u00e4r ett aktivt brukande Aktivt lantbruk med naturbetesh\u00e4vd och \u00e4ven sk\u00f6tsel av kulturelement och sm\u00e5biotoper i \u00e5kermark \u00e4r en f\u00f6ruts\u00e4ttning f\u00f6r att vidmakth\u00e5lla alla de olika livsmilj\u00f6er och spridningskorridorer som finns&hellip;<\/p>\n","protected":false},"author":6,"featured_media":0,"parent":1531,"menu_order":0,"comment_status":"closed","ping_status":"closed","template":"","meta":{"footnotes":""},"class_list":["post-1550","page","type-page","status-publish","hentry","entry","no-media"],"_links":{"self":[{"href":"http:\/\/lstjamtland.hemsida.eu\/gi\/wp-json\/wp\/v2\/pages\/1550","targetHints":{"allow":["GET"]}}],"collection":[{"href":"http:\/\/lstjamtland.hemsida.eu\/gi\/wp-json\/wp\/v2\/pages"}],"about":[{"href":"http:\/\/lstjamtland.hemsida.eu\/gi\/wp-json\/wp\/v2\/types\/page"}],"author":[{"embeddable":true,"href":"http:\/\/lstjamtland.hemsida.eu\/gi\/wp-json\/wp\/v2\/users\/6"}],"replies":[{"embeddable":true,"href":"http:\/\/lstjamtland.hemsida.eu\/gi\/wp-json\/wp\/v2\/comments?post=1550"}],"version-history":[{"count":11,"href":"http:\/\/lstjamtland.hemsida.eu\/gi\/wp-json\/wp\/v2\/pages\/1550\/revisions"}],"predecessor-version":[{"id":2646,"href":"http:\/\/lstjamtland.hemsida.eu\/gi\/wp-json\/wp\/v2\/pages\/1550\/revisions\/2646"}],"up":[{"embeddable":true,"href":"http:\/\/lstjamtland.hemsida.eu\/gi\/wp-json\/wp\/v2\/pages\/1531"}],"wp:attachment":[{"href":"http:\/\/lstjamtland.hemsida.eu\/gi\/wp-json\/wp\/v2\/media?parent=1550"}],"curies":[{"name":"wp","href":"https:\/\/api.w.org\/{rel}","templated":true}]}}