{"id":1576,"date":"2018-06-27T10:34:46","date_gmt":"2018-06-27T10:34:46","guid":{"rendered":"http:\/\/lstjamtland.hemsida.eu\/gi\/?page_id=1576"},"modified":"2018-09-28T19:46:04","modified_gmt":"2018-09-28T19:46:04","slug":"levande-skogar","status":"publish","type":"page","link":"http:\/\/lstjamtland.hemsida.eu\/gi\/gron-infrastruktur-i-kronobergs-lan\/levande-skogar\/","title":{"rendered":"Levande skogar"},"content":{"rendered":"[vc_row][vc_column][vc_column_text]<h2><\/h2>\r\n<h2>Levande skogar<\/h2>\r\n[\/vc_column_text][\/vc_column][\/vc_row][vc_row][vc_column][vc_tta_tabs active_section=&#8221;1&#8243; el_class=&#8221;tabbar&#8221;][vc_tta_section title=&#8221;\u00d6versikt och utbredning&#8221; tab_id=&#8221;1531215375327-6ed46f54-4016&#8243;][vc_column_text]<h4><\/h4>\r\n<h4>Skogslandskapet\u00a0i l\u00e4net<\/h4>\r\n<p>Historien om det skogliga landskapet i Kronobergs l\u00e4n \u00e4r en historia av l\u00e5ngsamma f\u00f6r\u00e4ndringar. Klimat och brukande har under \u00e5rtusenden samspelat i utdragna processer som f\u00f6r\u00e4ndrat skogens sammans\u00e4ttning och utbredning. I dagens skogslandskap kan vi b\u00e5de i skogstyper och artsammans\u00e4ttning finna s\u00e5dant som kanske fr\u00e4mst representerar tidigare historiska skeenden, d\u00e5 landskapsbilden s\u00e5g annorlunda ut. S\u00e5v\u00e4l \u00e4dell\u00f6vskog som l\u00f6vblandad tallskog och p\u00e5 senare tid granskog har under perioder dominerat skogslandskapet. Tillf\u00e4lligt har skogsandelen ocks\u00e5 varit s\u00e5 liten som 40 m<sup>3<\/sup>sk\/ha (j\u00e4mf\u00f6rt med dagen ca 150 m<sup>3<\/sup>sk\/ha) eftersom marken ist\u00e4llet varit uppodlad eller p\u00e5 grund av t.ex. kolning eller pottaskebr\u00e4nning. Ett karakt\u00e4rsdrag som dock troligtvis varit mer eller mindre konstant \u00e4r skogens \u00f6ppenhet. I en tid d\u00e5 endast naturliga st\u00f6rningar p\u00e5verkade skogen bidrog dessa till att skapa luckighet, gl\u00e4ntor och glesa best\u00e5nd. N\u00e4r m\u00e4nniskan i st\u00f6rre utstr\u00e4ckning b\u00f6rjade nyttja skogen bibeh\u00f6lls \u00f6ppenheten genom plockhuggning och skogsbete.<\/p>\r\n<p>Historiskt har l\u00f6vskogsandelen varit betydande i delar av l\u00e4net. Genom att analysera den f\u00f6rsta riksskogstaxeringen som genomf\u00f6rdes p\u00e5 1930-talet g\u00e5r det att skapa en schematisk bild av hur l\u00f6vskogen f\u00f6rdelade sig f\u00f6r knappt 100 \u00e5r sedan (Figur 2). F\u00f6r varje provyta har ett genomsnitt av l\u00f6vandelen (antal tr\u00e4d) i den aktuella och de 8 n\u00e4rmast liggande provytorna ber\u00e4knats. Tv\u00e5 tydliga l\u00f6vskogsstr\u00e5k str\u00e4cker sig genom l\u00e4net. I v\u00e4ster fr\u00e5n Markaryd mot Vid\u00f6stern och norrut, inklusive M\u00f6ckeln, samt centralt fr\u00e5n Mien norrut via \u00c5snen och Helgasj\u00f6n.<br \/>Tittar man p\u00e5 l\u00f6vvolymen som helhet, det vill s\u00e4ga r\u00e4knar in inslaget av l\u00f6vtr\u00e4d i barr- och blandbest\u00e5nd ser bilden till viss del annorlunda ut. Viktiga omr\u00e5den finns f\u00f6rutom kring sj\u00f6arna \u00e4ven i nordv\u00e4st, sydv\u00e4st och sydost d\u00e4r l\u00f6vskogsstr\u00e5k i andra l\u00e4n ansluter<\/p>\r\n<p>Idag \u00e4r l\u00e4net i st\u00f6rre utstr\u00e4ckning dominerat av barrskog, med stor andel ungskog, vilket framg\u00e5r av kartan i Figur 2 (observera att den raka gr\u00e4ns som kan sk\u00f6njas n\u00e4r det g\u00e4ller hyggen\/ungskog i \u00f6stra delen av l\u00e4net m\u00f6jligen kan bero p\u00e5 felaktig indata). L\u00f6vandelen i skogen uppg\u00e5r i genomsnitt till ca 18 %. \u00c4ven de centrala delarna av l\u00e4net, d\u00e4r odlingslandskapet har sin fr\u00e4msta utbredning, har h\u00f6g andel skog. L\u00f6vskog finns vid sj\u00f6arna och i n\u00e4rheten av bebyggelse samt till viss del i bl\u00f6ta omr\u00e5den. Ett varmare lokalklimat kring sj\u00f6arna bidrar till att \u00f6ka inslaget av \u00e4dla l\u00f6vtr\u00e4d, men \u00e4ven markens b\u00f6rdighet och den m\u00e4nskliga p\u00e5verkan bidrar.<\/p><p>F\u00f6rh\u00e5llandevis f\u00e5 f\u00f6ryngringar utf\u00f6rs idag i l\u00f6vskog vilket tillsammans med certifieringsreglerna inneb\u00e4r goda f\u00f6ruts\u00e4ttningar f\u00f6r en stabil eller n\u00e5got \u00f6kande l\u00f6vandel i framtiden.<\/p><p>P\u00e5 mager, torr mark, framf\u00f6rallt i \u00f6stra delen av l\u00e4net och p\u00e5 is\u00e4lvsavlagringar, har tall varit det dominerande tr\u00e4dslaget. En stor del av l\u00e4net \u00e4r best\u00e5r dock av frisk-fuktig mark, ofta dikad, d\u00e4r granen dominerar. Fr\u00e5n 1990-talet fram tills mitten av 00-talet minskade utbredningen av ren granskog stadigt i l\u00e4net. Efter stormarna Gudrun och Per har andelen bj\u00f6rk \u00f6kat mycket genom sj\u00e4lvf\u00f6ryngring p\u00e5 de stormdrabbade ytorna. Mycket tall- och blandbarrskog som bl\u00e5ste ner ersattes dock av granplanteringar. Kartbilden \u00f6ver genomsnittlig virkesvolym (Figur 4) visar tydligt de ljusa, stormdrabbade omr\u00e5dena i l\u00e4net.<\/p><p>Kronobergs l\u00e4n best\u00e5r enligt Riksskogstaxeringen 2014 av 665 tusen hektar produktiv skogsmark utanf\u00f6r naturreservat och naturv\u00e5rdsomr\u00e5den, d\u00e4r huvuddelen, ca 55 procent utg\u00f6rs av ung skog i \u00e5ldern 0 \u2013 40 \u00e5r. \u00c4gandet av skogen \u00e4r generellt sm\u00e5skaligt med stor andel mindre fastigheter. Historiskt har detta inneburit en naturlig variation n\u00e4r det g\u00e4ller valet av sk\u00f6tselmetoder och nyttjande av skogen. Omr\u00e5den som aldrig varit helt avskogade \u00e4r troligtvis f\u00e5 men kan finnas i ol\u00e4ndiga omr\u00e5den och i utmarker som endast betats och plockhuggits.<\/p><p>En skiktad skog, det vill s\u00e4ga en skog d\u00e4r tr\u00e4dens h\u00f6jd varierar, indikerar av flera sk\u00e4l h\u00f6gre biologisk kvalitet. Skiktningen inneb\u00e4r ofta att det finns en blandning av tr\u00e4dslag, ofta med inslag av l\u00f6vtr\u00e4d. Ett skikt av l\u00e4gre tr\u00e4d g\u00f6r skogen \u00f6ppnare, skapar fler nischer och ger ocks\u00e5 skydd, vilket skapar livsrum \u00e5t fler arter. Genom att anv\u00e4nda detaljerad information om tr\u00e4dens h\u00f6jd har en analys av skogens genomsnittliga skiktningsgraden genomf\u00f6rts<a name=\"_ftnref1\" href=\"http:\/\/lstjamtland.hemsida.eu\/gi\/wp-admin\/post.php?vc_action=vc_inline&#038;post_id=1576&#038;post_type=page#_ftn1\"><span>[1]<\/span><\/a>. Denna visar bland annat att omr\u00e5den d\u00e4r andelen gran \u00f6kat kraftigt ocks\u00e5 har den l\u00e4gsta genomsnittliga skiktningsgraden (jmf Figur 17). Detta \u00e4r s\u00e4rskilt tydligt i \u00f6stra delen av l\u00e4net mellan Lessebo i S\u00f6der och \u00c5seda i norr.<\/p><p>Barrskogen utg\u00f6r en viktig ekonomisk resurs i l\u00e4net som bidrar med virke och r\u00e5varor. Detta genererar i sin tur arbetstillf\u00e4llen och int\u00e4kter till mark\u00e4gare. Skogen tillgodoser \u00e4ven sociala och milj\u00f6m\u00e4ssiga behov och f\u00f6r att kunna bibeh\u00e5lla denna balans \u00e4r det n\u00f6dv\u00e4ndigt att de skogliga ekosystemen h\u00e5lls intakta. En gr\u00f6n infrastruktur i skogslandskapet kan ses som en ryggrad f\u00f6r den biologiska m\u00e5ngfalden fr\u00e5n vilken arter med livskraftiga populationer kan sprida sig. Detta f\u00f6ruts\u00e4tter dock att den produktionsinriktade skogen h\u00e5ller tillr\u00e4ckligt god kvalitet f\u00f6r att tillf\u00e4lligt kunna hysa arter och inte fungera som barri\u00e4r.<\/p><p>Skogens \u00e5lder \u00e4r en viktig faktor f\u00f6r biologisk kvalitet som ger skogar f\u00f6ruts\u00e4ttningar att fungera som st\u00f6dhabitat och spridningsstr\u00e5k. Dagens skogar avverkas i en ur ett biologiskt perspektiv ung \u00e5lder och detta har tillsammans med storskaliga stormf\u00e4llningar gjort att l\u00e4net har landets l\u00e4gsta andel skog \u00f6ver 120 \u00e5r, se Figur 6. I Sm\u00e5land sammanfaller i stort sett omr\u00e5den med gammal skog med tallens utbredning.<\/p><p>Impediment, d.v.s. l\u00e5gproduktiv skogsmark, hyser ofta v\u00e4xt- och djurliv som i viss m\u00e5n \u00e4r anpassad till extrema f\u00f6rh\u00e5llanden. Det \u00e4r torrare, bl\u00f6tare, n\u00e4ringsfattigare osv. F\u00f6r ca 2 procent av de r\u00f6dlistade skogsarterna \u00e4r impedimenten av avg\u00f6rande betydelse f\u00f6r deras \u00f6verlevnad. F\u00f6r ytterligare ca 5 procent av de r\u00f6dlistade skogsarterna bed\u00f6ms impedimenten vara av viss betydelse f\u00f6r deras \u00f6verlevnad. Detta kan j\u00e4mf\u00f6ras med ca 93 procent r\u00f6dlistade skogsarter som \u00e4r beroende av mer produktiva skogar. En stor del av artstocken p\u00e5 impediment \u00e4r dock densamma som p\u00e5 den produktiva marken. Det finns d\u00e4rmed potential f\u00f6r att impedimenten ska kunna fungera som klivstenar mellan v\u00e4rdefulla skogsomr\u00e5den i landskapet. Impedimenten, enligt definitionen \u201dl\u00e4gre produktion \u00e4n 1 m<sup>3<\/sup>sk\/ha\u201d, uppg\u00e5r till ca 80\u00a0000 ha i l\u00e4net, vilket motsvarar ca 11 % av den sammanlagda skogsmarken. En stor andel av detta \u00e4r myrmark och sumpskog.<\/p><p>Ungef\u00e4r 80 % av skogsmarken omfattas av familjeskogsbruk vilket inneb\u00e4r mindre enheter och ett stort antal \u00e4gare. Historiskt sett har denna \u00e4garstruktur garanterat en stor m\u00e5ngfald i brukandet av skogen. I takt med att de delar av skogsarbetet d\u00e4r p\u00e5verkan \u00e4r st\u00f6rst &#8211; slutavverkning och gallring \u2013 i stor utstr\u00e4ckning kommit att lejas ut, har dock denna m\u00e5ngfald minskat. \u00c4garstrukturen och brukandet har ocks\u00e5 bidragit till att omr\u00e5den med h\u00f6ga naturv\u00e4rdena i allm\u00e4nhet \u00e4r mycket sm\u00e5. D\u00e4rf\u00f6r \u00e4r det s\u00e4rskilt viktigt f\u00f6r en mark\u00e4gare att f\u00f6rst\u00e5 det landskapssammanhang som den egna fastigheten befinner sig i, och utforma naturv\u00e5rds\u00e5tg\u00e4rder utifr\u00e5n detta.<\/p>\r\n[\/vc_column_text][\/vc_tta_section][vc_tta_section title=&#8221;Skogslandskapet i ett landskapskarakt\u00e4rsperspektiv&#8221; tab_id=&#8221;1531215375327-f5e272fe-6a3b&#8221;][vc_column_text]<h4><\/h4>\r\n<h4>Skogslandskapet\u00a0i ett landskapsperspektiv<\/h4>\r\n<p>Skogslandskapets f\u00f6ruts\u00e4ttningar f\u00f6r biologisk m\u00e5ngfald pr\u00e4glas i stor utstr\u00e4ckning av de naturgivna f\u00f6rh\u00e5llandena och den historiska markanv\u00e4ndningen. Genom att generalisera utifr\u00e5n dessa aspekter \u00e4r det m\u00f6jligt att avgr\u00e4nsa karakt\u00e4rsomr\u00e5den som ett st\u00f6d f\u00f6r planering och beslut. S\u00e5dana landskapskarakt\u00e4rsanalyser kan ses som ett st\u00f6d f\u00f6r att arbeta med gr\u00f6n infrastruktur utanf\u00f6r de n\u00e4tverk av v\u00e4rdefulla livsmilj\u00f6er som identifierats f\u00f6r olika naturtyper.<\/p><p>Bland annat har S\u00f6dra Skogs\u00e4garna har tagit fram rapporten Skogliga naturv\u00e4rdesregioner f\u00f6r s\u00f6dra Sverige (Aul\u00e9n, Gustafsson, &amp; Kruys, 2014). Denna delar in s\u00f6dra Sverige i totalt 15 naturgeografiska regioner, varav Kronobergs l\u00e4n omfattas av fyra. De myrrika v\u00e4stra delarna av l\u00e4net, den sj\u00f6rika sm\u00e5brukarbygden i centrala l\u00e4net, de h\u00f6gl\u00e4nta norra delarna med delvis boreal pr\u00e4gel samt de \u00f6stra brandpr\u00e4glade delarna.<\/p><p>I slutet av 1990-talet och b\u00f6rjan av 2000-talet utarbetade d\u00e5varade Skogsv\u00e5rdsstyrelserna aktionsplaner f\u00f6r biologisk m\u00e5ngfald inom respektive region och gjorde d\u00e5 en indelning av skogslandskapet i olika omr\u00e5den med likartade f\u00f6ruts\u00e4ttningar f\u00f6r biologisk m\u00e5ngfald. F\u00f6r Kronobergs och J\u00f6nk\u00f6pings l\u00e4n \u00e4r detaljeringsgraden relativt h\u00f6g och \u00e4ven om beskrivningarna \u00e4r delvis f\u00f6r\u00e5ldrade s\u00e5 kan de bidra med f\u00f6rdjupad kunskap.<\/p>\r\n[\/vc_column_text][\/vc_tta_section][\/vc_tta_tabs][\/vc_column][\/vc_row]","protected":false},"excerpt":{"rendered":"<p>[vc_row][vc_column][vc_column_text] Levande skogar [\/vc_column_text][\/vc_column][\/vc_row][vc_row][vc_column][vc_tta_tabs active_section=&#8221;1&#8243; el_class=&#8221;tabbar&#8221;][vc_tta_section title=&#8221;\u00d6versikt och utbredning&#8221; tab_id=&#8221;1531215375327-6ed46f54-4016&#8243;][vc_column_text] Skogslandskapet\u00a0i l\u00e4net Historien om det skogliga landskapet i Kronobergs l\u00e4n \u00e4r en historia av l\u00e5ngsamma f\u00f6r\u00e4ndringar. Klimat och brukande har under \u00e5rtusenden samspelat i utdragna processer som f\u00f6r\u00e4ndrat skogens sammans\u00e4ttning&hellip;<\/p>\n","protected":false},"author":6,"featured_media":0,"parent":1491,"menu_order":0,"comment_status":"closed","ping_status":"closed","template":"","meta":{"footnotes":""},"class_list":["post-1576","page","type-page","status-publish","hentry","entry","no-media"],"_links":{"self":[{"href":"http:\/\/lstjamtland.hemsida.eu\/gi\/wp-json\/wp\/v2\/pages\/1576","targetHints":{"allow":["GET"]}}],"collection":[{"href":"http:\/\/lstjamtland.hemsida.eu\/gi\/wp-json\/wp\/v2\/pages"}],"about":[{"href":"http:\/\/lstjamtland.hemsida.eu\/gi\/wp-json\/wp\/v2\/types\/page"}],"author":[{"embeddable":true,"href":"http:\/\/lstjamtland.hemsida.eu\/gi\/wp-json\/wp\/v2\/users\/6"}],"replies":[{"embeddable":true,"href":"http:\/\/lstjamtland.hemsida.eu\/gi\/wp-json\/wp\/v2\/comments?post=1576"}],"version-history":[{"count":5,"href":"http:\/\/lstjamtland.hemsida.eu\/gi\/wp-json\/wp\/v2\/pages\/1576\/revisions"}],"predecessor-version":[{"id":2644,"href":"http:\/\/lstjamtland.hemsida.eu\/gi\/wp-json\/wp\/v2\/pages\/1576\/revisions\/2644"}],"up":[{"embeddable":true,"href":"http:\/\/lstjamtland.hemsida.eu\/gi\/wp-json\/wp\/v2\/pages\/1491"}],"wp:attachment":[{"href":"http:\/\/lstjamtland.hemsida.eu\/gi\/wp-json\/wp\/v2\/media?parent=1576"}],"curies":[{"name":"wp","href":"https:\/\/api.w.org\/{rel}","templated":true}]}}