{"id":1646,"date":"2018-06-28T06:59:56","date_gmt":"2018-06-28T06:59:56","guid":{"rendered":"http:\/\/lstjamtland.hemsida.eu\/gi\/?page_id=1646"},"modified":"2018-07-04T09:04:57","modified_gmt":"2018-07-04T09:04:57","slug":"sa-skapar-vi-gron-infrastruktur","status":"publish","type":"page","link":"http:\/\/lstjamtland.hemsida.eu\/gi\/gron-infrastruktur-i-kronobergs-lan\/sa-skapar-vi-gron-infrastruktur\/","title":{"rendered":"S\u00e5 skapar vi gr\u00f6n infrastruktur"},"content":{"rendered":"<p>Klicka p\u00e5 l\u00e4nkarna i menyn f\u00f6r att se f\u00f6rslag p\u00e5 hur olika akt\u00f6rer kan arbeta generellt med gr\u00f6n infrastruktur. Inom respektive <a href=\"http:\/\/lstjamtland.hemsida.eu\/gi\/gron-infrastruktur-i-kronobergs-lan\/insatsomraden\/\">insatsomr\u00e5de <\/a>har ett antal av dessa\u00a0\u00e5tg\u00e4rdsf\u00f6rslag valts ut och\u00a0vid behov konkretiserats.<\/p>\n","protected":false},"excerpt":{"rendered":"<p>Klicka p\u00e5 l\u00e4nkarna i menyn f\u00f6r att se f\u00f6rslag p\u00e5 hur olika akt\u00f6rer kan arbeta generellt med gr\u00f6n infrastruktur. Inom respektive insatsomr\u00e5de har ett antal av dessa\u00a0\u00e5tg\u00e4rdsf\u00f6rslag valts ut och\u00a0vid behov konkretiserats.<\/p>\n","protected":false},"author":6,"featured_media":0,"parent":1491,"menu_order":0,"comment_status":"closed","ping_status":"closed","template":"","meta":{"footnotes":""},"class_list":["post-1646","page","type-page","status-publish","hentry","entry","no-media"],"_links":{"self":[{"href":"http:\/\/lstjamtland.hemsida.eu\/gi\/wp-json\/wp\/v2\/pages\/1646","targetHints":{"allow":["GET"]}}],"collection":[{"href":"http:\/\/lstjamtland.hemsida.eu\/gi\/wp-json\/wp\/v2\/pages"}],"about":[{"href":"http:\/\/lstjamtland.hemsida.eu\/gi\/wp-json\/wp\/v2\/types\/page"}],"author":[{"embeddable":true,"href":"http:\/\/lstjamtland.hemsida.eu\/gi\/wp-json\/wp\/v2\/users\/6"}],"replies":[{"embeddable":true,"href":"http:\/\/lstjamtland.hemsida.eu\/gi\/wp-json\/wp\/v2\/comments?post=1646"}],"version-history":[{"count":4,"href":"http:\/\/lstjamtland.hemsida.eu\/gi\/wp-json\/wp\/v2\/pages\/1646\/revisions"}],"predecessor-version":[{"id":1966,"href":"http:\/\/lstjamtland.hemsida.eu\/gi\/wp-json\/wp\/v2\/pages\/1646\/revisions\/1966"}],"up":[{"embeddable":true,"href":"http:\/\/lstjamtland.hemsida.eu\/gi\/wp-json\/wp\/v2\/pages\/1491"}],"wp:attachment":[{"href":"http:\/\/lstjamtland.hemsida.eu\/gi\/wp-json\/wp\/v2\/media?parent=1646"}],"curies":[{"name":"wp","href":"https:\/\/api.w.org\/{rel}","templated":true}]}}