{"id":1658,"date":"2018-06-28T07:04:05","date_gmt":"2018-06-28T07:04:05","guid":{"rendered":"http:\/\/lstjamtland.hemsida.eu\/gi\/?page_id=1658"},"modified":"2018-07-09T15:41:56","modified_gmt":"2018-07-09T15:41:56","slug":"sa-skapar-vi-gron-infrastruktur-kommuner","status":"publish","type":"page","link":"http:\/\/lstjamtland.hemsida.eu\/gi\/gron-infrastruktur-i-kronobergs-lan\/sa-skapar-vi-gron-infrastruktur\/sa-skapar-vi-gron-infrastruktur-kommuner\/","title":{"rendered":"S\u00e5 skapar vi gr\u00f6n infrastruktur &#8211; kommuner"},"content":{"rendered":"[vc_row][vc_column][vc_column_text]<h3>Kommunens roll i arbetet med gr\u00f6n infrastruktur<\/h3>\r\nKommunen har en viktig roll och ett stort ansvar i arbetet med att skapa och f\u00f6rst\u00e4rka den gr\u00f6na infrastukturen. M\u00f6jligheterna \u00e4r stora tack vare det egna markinnehavet, det kommunala planmonopolet och ansvaret f\u00f6r sk\u00f6tseln av allm\u00e4nna ytor. Nedan f\u00f6ljer exempel p\u00e5 hur kommuner kan arbeta med gr\u00f6n infrastruktur.\r\n[\/vc_column_text][\/vc_column][\/vc_row][vc_row][vc_column width=&#8221;2\/3&#8243;][vc_column_text]\r\n<h7>Inventera naturv\u00e4rden och \u00f6ka informationsutbytet<\/h7><span class=\"collapseomatic \" id=\"id69e1c1c70201a\"  tabindex=\"0\" title=\"L\u00e4s mer\"    >L\u00e4s mer<\/span><div id=\"target-id69e1c1c70201a\" class=\"collapseomatic_content \">F\u00f6r att \u00f6ka precisionen i det strategiska naturv\u00e5rdsarbetet, skapa b\u00e4ttre planeringsf\u00f6ruts\u00e4ttningar och bed\u00f6ma behovet av \u00e5tg\u00e4rder beh\u00f6vs en fortl\u00f6pande inventering av naturomr\u00e5den. S\u00e5dan inventering kan ske b\u00e5de med fokus p\u00e5 naturv\u00e4rden och p\u00e5 ekosystemtj\u00e4nster. Resultatet beh\u00f6ver g\u00f6ras tillg\u00e4ngligt f\u00f6r sammanst\u00e4llningar som kan ligga till grund f\u00f6r koordinerat naturv\u00e5rdsarbete.<\/div>\r\n\r\n<h7>L\u00e5t odlingslandskapet bli en del av den urbana milj\u00f6n<\/h7><span class=\"collapseomatic \" id=\"id69e1c1c702033\"  tabindex=\"0\" title=\"L\u00e4s mer\"    >L\u00e4s mer<\/span><div id=\"target-id69e1c1c702033\" class=\"collapseomatic_content \">\r\n<strong>Tillvarata och skapa alternativa livsmilj\u00f6er<\/strong>\r\n\r\nDen biologiska m\u00e5ngfalden i odlingslandskapet gynnas av de strukturer som det aktiva brukandet ger upphov till. Om s\u00e5dana strukturer skapas i urbana milj\u00f6er bildas fler livsmilj\u00f6er och spridningsv\u00e4gar mellan dem. \u00c4ven om dessa milj\u00f6er inte kan ers\u00e4tta det traditionella odlingslandskapet, s\u00e5 kan det mildra de negativa effekterna som urbana milj\u00f6er annars har. Som exempel p\u00e5 m\u00f6jliga alternativa livsmilj\u00f6er som kan utvecklas kan n\u00e4mnas:\r\n<ul>\r\n<li>Park-\/rekreationsmilj\u00f6er (\u00e4ven t.ex. skolg\u00e5rdar)<\/li>\r\n<li>Industri-\/ruderatmark<\/li>\r\n<li>Tr\u00e4dg\u00e5rdar och tomtn\u00e4ra marker<\/li>\r\n<li>Gr\u00f6na tak<\/li>\r\n<li>Kraftledningsgator<\/li>\r\n<li>V\u00e4gkanter<\/li>\r\n<li>Bang\u00e5rdar och j\u00e4rnv\u00e4gar<\/li>\r\n<li>Kulturhistoriska milj\u00f6er<\/li>\r\n<\/ul>\r\nF\u00f6rdelen med odlingslandskapets biologiska m\u00e5ngfald \u00e4r\r\n<ul>\r\n<li>att det m\u00e5nga g\u00e5nger kan r\u00e4cka med en f\u00f6r\u00e4ndrad sk\u00f6tsel av befintlig mark (som inte beh\u00f6ver kosta mer) f\u00f6r att f\u00e5 positiva effekter,<\/li>\r\n<li>att olika typer av markst\u00f6rningar inte beh\u00f6ver vara negativt,<\/li>\r\n<li>att de positiva effekterna kan komma f\u00f6rh\u00e5llandevis snabbt.<\/li>\r\n<\/ul>\r\nS\u00e4rskilt viktigt \u00e4r att \u00e5stadkomma alternativa livsmilj\u00f6er inom och mellan v\u00e4rdefulla n\u00e4tverk i odlingslandskapet.\r\n\r\n<strong>Skapa blommande gr\u00e4sytor<\/strong>\r\nTraditionella kortklippta gr\u00e4smattor \u00e4r mycket artfattiga. Genom att ers\u00e4tta hela eller delar av s\u00e5dana gr\u00e4smattor med blommande gr\u00e4sytor skapas stort utbud av nektar och pollen f\u00f6r insekter. Kostnaden f\u00f6r sk\u00f6tsel minskar samtidigt som rekreationsv\u00e4rdet \u00f6kar. Blommande gr\u00e4sytor kan skapas p\u00e5 olika s\u00e4tt, bland annat genom ins\u00e5dd av fr\u00f6blandningar och gr\u00e4smattor f\u00e4rdiga att \u201drulla ut\u201d.<\/div>\r\n\r\n<h7>Tillvarata ekosystemtj\u00e4nster och biologisk m\u00e5ngfald i fysisk planering<\/h7><span class=\"collapseomatic \" id=\"id69e1c1c70203c\"  tabindex=\"0\" title=\"L\u00e4s mer\"    >L\u00e4s mer<\/span><div id=\"target-id69e1c1c70203c\" class=\"collapseomatic_content \">\r\n<strong>Planera f\u00f6r naturen<\/strong>\r\n\r\nGenom att utg\u00e5 fr\u00e5n befintliga och potentiella ekosystemtj\u00e4nster i den fysiska planeringen samt att beakta spridningsv\u00e4gar och ekologiska samband kan kommunerna minimera den negativa effekten av exploatering. \u00d6versiktsplan och gr\u00f6nstrukturplan utg\u00f6r viktiga instrument f\u00f6r att tillvarata och beakta viktiga ekosystemtj\u00e4nster. Omr\u00e5den som \u00e4r betydelsefulla f\u00f6r ekosystemtj\u00e4nster kan s\u00e4kerst\u00e4llas genom reservatsbildning eller genom att kommunen ing\u00e5r naturv\u00e5rdsavtal med mark\u00e4garen. L\u00e4mpliga omr\u00e5den f\u00f6r restaurering\/\u00e5terst\u00e4llning kan pekas ut.\r\n\r\n<strong>Anpassa utformning av ny bebyggelse<\/strong>\r\n\r\nDet finns intressekonflikter mellan behovet av exploatering och behovet av att s\u00e4kra fungerande ekosystem och biologisk m\u00e5ngfald men genom god planering kan dessa i stor utstr\u00e4ckning undvikas. Bebyggelse som utformas s\u00e5 att den inneh\u00e5ller de strukturer som kr\u00e4vs kan rentav vara en f\u00f6rst\u00e4rkning av den gr\u00f6na infrastrukturen. I ett v\u00e4rdefullt odlingslandskap kan boende t.ex. kombineras med odlingsytor och samf\u00e4lld sk\u00f6tsel av \u00e4ngsmark genom naturv\u00e5rdsavtal med kommunen. Vid plantering av nya tr\u00e4d kan \u00e4dla l\u00f6vtr\u00e4d v\u00e4ljas i stor utstr\u00e4ckning, s\u00e5 att dessa kan &#8221;ta \u00f6ver&#8221; efter befintliga tr\u00e4d.\r\n\r\n<strong>Kompensera f\u00f6r ingrepp i naturmilj\u00f6er<\/strong>\r\n\r\nOm det inte g\u00e5r att undvika att naturmark tas i anspr\u00e5k f\u00f6r bebyggelse kan kommunen f\u00e5 till ekologiska kompensations\u00e5tg\u00e4rder. Antingen genom att sj\u00e4lva genomf\u00f6ra restaurerings\u00e5tg\u00e4rder p\u00e5 annan plats (n\u00e5got som kan bekostas av exploat\u00f6ren), eller genom att i exploateringsavtalet ange vilka \u00e5tg\u00e4rder som exploat\u00f6ren ska vidta f\u00f6r att st\u00e4rka naturv\u00e4rdena i det aktuella omr\u00e5det.<\/div>\r\n\r\n<h7>Anpassa sk\u00f6tseln av gr\u00f6nomr\u00e5den<\/h7><span class=\"collapseomatic \" id=\"id69e1c1c702042\"  tabindex=\"0\" title=\"L\u00e4s mer\"    >L\u00e4s mer<\/span><div id=\"target-id69e1c1c702042\" class=\"collapseomatic_content \">Naturmark p\u00e5 allm\u00e4nna platser kan beh\u00f6va s\u00e4rskild sk\u00f6tsel f\u00f6r att v\u00e4rdena ska best\u00e5 och utvecklas. D\u00e4rf\u00f6r \u00e4r det viktigt att ta fram olika typer av planer som anger var och hur naturmilj\u00f6erna ska utvecklas och sk\u00f6tas. De underlag som L\u00e4nsstyrelsen tillhandah\u00e5ller utg\u00f6r en bra bas men kan med f\u00f6rdel kompletteras med kommunens egna inventeringar. <a href=\"https:\/\/poseidon.goteborg.se\/wp-content\/uploads\/Handbok_naturmark_Poseidon_2017.pdf\">Exempel p\u00e5 sk\u00f6tselhandbok f\u00f6r naturmark fr\u00e5n G\u00f6teborgs kommunala bostadsbolag Poseidon<\/a><\/div>\r\n\r\n<h7>Satsa p\u00e5 l\u00f6vskogsstr\u00e5k kring sj\u00f6ar<\/h7><span class=\"collapseomatic \" id=\"id69e1c1c702047\"  tabindex=\"0\" title=\"L\u00e4s mer\"    >L\u00e4s mer<\/span><div id=\"target-id69e1c1c702047\" class=\"collapseomatic_content \"> <br \/>Kring l\u00e4nets sj\u00f6ar finns den h\u00f6gsta andelen l\u00f6vskog s\u00e5v\u00e4l i nutid som historiskt. H\u00e4r finns ocks\u00e5 m\u00e5nga f\u00f6rekomster av hotade arter, varav vissa endast har en regional utbredning. Eftersom strandzonen omfattas av strandskydd \u00e4r dessa omr\u00e5den skyddade mot exploatering. Omr\u00e5det intill sj\u00f6ar har ocks\u00e5 ett gynnsamt mikroklimat. H\u00e4r finns s\u00e5ledes goda f\u00f6ruts\u00e4ttningar f\u00f6r att binda samman v\u00e4rdefulla l\u00f6vmilj\u00f6er. Detta skulle, f\u00f6rutom att gynna den biologiska m\u00e5ngfalden, \u00e4ven ha positiva effekter p\u00e5 t.ex. vattenkvalitet och upplevelse- och friluftsv\u00e4rden. S\u00e4rskilt h\u00e4nsyn till l\u00f6vskogens v\u00e4rden beh\u00f6ver tas vid fr\u00e5gor som r\u00f6r strandskyddsdispens. Skogs\u00e4gare och skogliga r\u00e5dgivare b\u00f6r i stor utstr\u00e4ckning v\u00e4lja att satsa p\u00e5 l\u00f6vskogsbruk eller \u00e5tminstone s\u00e4rskilt stor l\u00f6vinblandning i n\u00e4rheten av sj\u00f6ar.<\/div>\r\n\r\n<h7>Besluta om policy f\u00f6r kommunalt \u00e4gande och brukande av skog<\/h7><span class=\"collapseomatic \" id=\"id69e1c1c70204f\"  tabindex=\"0\" title=\"L\u00e4s mer\"    >L\u00e4s mer<\/span><div id=\"target-id69e1c1c70204f\" class=\"collapseomatic_content \">M\u00e5nga kommuner \u00e4ger egen skog men har f\u00f6rvaltningen av skogen utlejd till en extern akt\u00f6r. Genom att ta fram en policy som fastsl\u00e5r inriktning och m\u00e5l f\u00f6r det kommunala skogs\u00e4gandet kan kommunerna g\u00e5 i t\u00e4ten f\u00f6r att t.ex. \u00f6ka l\u00f6vandelen i landskapet. Ett m\u00e5l kan exempelvis vara att l\u00e5ngsiktigt omf\u00f6ra barrskog till l\u00f6vskog i omr\u00e5den d\u00e4r det \u00e4r s\u00e4rskilt l\u00e4mpligt.<\/div>\r\n\r\n<h7>Restaurera kommunala skogar, vattendrag och v\u00e5tmarker<\/h7><span class=\"collapseomatic \" id=\"id69e1c1c702054\"  tabindex=\"0\" title=\"L\u00e4s mer\"    >L\u00e4s mer<\/span><div id=\"target-id69e1c1c702054\" class=\"collapseomatic_content \">Genom att p\u00e5skynda den naturliga dynamiken i skogen och d\u00e4rmed skapa fler l\u00e4mpliga substrat kan en skog med m\u00e5ttliga naturv\u00e4rden bli en l\u00e4mplig livsmilj\u00f6. Detta kan ske genom t.ex. ringbarkning, skapande av h\u00f6gstubbar och utplacering av d\u00f6d ved. N\u00e4r det g\u00e4ller vattenmilj\u00f6er kan il\u00e4ggning av sten och d\u00f6d ved i rensade vattendrag, eller igenproppning av diken vara s\u00e4tt att \u00e5terst\u00e4lla livsmilj\u00f6er. S\u00e5dan restaurering b\u00f6r ske inom n\u00e4tverk av livsmilj\u00f6er f\u00f6r att arter ska kunna sprida sig till det restaurerade omr\u00e5det. Restaurering av skogsmark kan ocks\u00e5 vara ett s\u00e4tt f\u00f6r andra akt\u00f6rer att genomf\u00f6ra ekologisk kompensation. Restaurerings\u00e5tg\u00e4rder kan finansieras genom t.ex. LONA- och LOVA-bidrag eller NOK\u00c5S-st\u00f6d.<\/div>\r\n\r\n<h7>Skapa v\u00e5tmarker och sm\u00e5vatten f\u00f6r dagvattenhantering<\/h7><span class=\"collapseomatic \" id=\"id69e1c1c70205b\"  tabindex=\"0\" title=\"L\u00e4s mer\"    >L\u00e4s mer<\/span><div id=\"target-id69e1c1c70205b\" class=\"collapseomatic_content \">Genom anl\u00e4ggande av dammar, infiltrationsanl\u00e4ggningar, rotzonsanl\u00e4ggningar och andra typer av v\u00e5tmarker f\u00f6r hantering av dagvatten minskar belastningen p\u00e5 sj\u00f6ar och vattendrag. Om dagvattensystemen samtidigt kan efterlikna naturliga milj\u00f6er med en variation av vegetation och strukturer kan de f\u00f6rst\u00e4rka naturv\u00e4rdena i det omgivande landskapet. Eftersom kv\u00e4veretentionen \u00f6kar med arealen \u00e4r det b\u00e4ttre med en stor anl\u00e4ggning \u00e4n m\u00e5nga sm\u00e5.<\/div>\r\n\r\n<h7>Teckna naturv\u00e5rdsavtal f\u00f6r ekosystemtj\u00e4nster och biologisk m\u00e5ngfald<\/h7><span class=\"collapseomatic \" id=\"id69e1c1c70205f\"  tabindex=\"0\" title=\"L\u00e4s mer\"    >L\u00e4s mer<\/span><div id=\"target-id69e1c1c70205f\" class=\"collapseomatic_content \">Kommuner kan teckna naturv\u00e5rdsavtal med mark\u00e4gare f\u00f6r att s\u00e4kerst\u00e4lla sk\u00f6tseln av omr\u00e5den som \u00e4r viktiga f\u00f6r ekosystemtj\u00e4nster och biologisk m\u00e5ngfald. Exempel kan vara skog som \u00e4r viktig f\u00f6r friluftslivet, vattendrag som \u00e4r viktiga f\u00f6r fisket eller mark dit vattnet kan ledas vid h\u00f6ga fl\u00f6den f\u00f6r att f\u00f6rhindra \u00f6versv\u00e4mning. Naturv\u00e5rdsavtal kan ocks\u00e5 fungera som en typ av ekologisk kompensation: n\u00e4r betesmark tas i anspr\u00e5k f\u00f6r exploatering betalar kommunen en mark\u00e4gare\/lantbrukare f\u00f6r restaurering och sk\u00f6tsel av en annan strategiskt viktig betesmark.<\/div>\r\n\r\n[\/vc_column_text][\/vc_column][vc_column width=&#8221;1\/3&#8243;][vc_single_image image=&#8221;2087&#8243;][\/vc_column][\/vc_row]","protected":false},"excerpt":{"rendered":"<p>[vc_row][vc_column][vc_column_text]Kommunens roll i arbetet med gr\u00f6n infrastruktur Kommunen har en viktig roll och ett stort ansvar i arbetet med att skapa och f\u00f6rst\u00e4rka den gr\u00f6na infrastukturen. M\u00f6jligheterna \u00e4r stora tack vare det egna markinnehavet, det kommunala planmonopolet och ansvaret f\u00f6r&hellip;<\/p>\n","protected":false},"author":6,"featured_media":0,"parent":1646,"menu_order":0,"comment_status":"closed","ping_status":"closed","template":"","meta":{"footnotes":""},"class_list":["post-1658","page","type-page","status-publish","hentry","entry","no-media"],"_links":{"self":[{"href":"http:\/\/lstjamtland.hemsida.eu\/gi\/wp-json\/wp\/v2\/pages\/1658","targetHints":{"allow":["GET"]}}],"collection":[{"href":"http:\/\/lstjamtland.hemsida.eu\/gi\/wp-json\/wp\/v2\/pages"}],"about":[{"href":"http:\/\/lstjamtland.hemsida.eu\/gi\/wp-json\/wp\/v2\/types\/page"}],"author":[{"embeddable":true,"href":"http:\/\/lstjamtland.hemsida.eu\/gi\/wp-json\/wp\/v2\/users\/6"}],"replies":[{"embeddable":true,"href":"http:\/\/lstjamtland.hemsida.eu\/gi\/wp-json\/wp\/v2\/comments?post=1658"}],"version-history":[{"count":144,"href":"http:\/\/lstjamtland.hemsida.eu\/gi\/wp-json\/wp\/v2\/pages\/1658\/revisions"}],"predecessor-version":[{"id":2297,"href":"http:\/\/lstjamtland.hemsida.eu\/gi\/wp-json\/wp\/v2\/pages\/1658\/revisions\/2297"}],"up":[{"embeddable":true,"href":"http:\/\/lstjamtland.hemsida.eu\/gi\/wp-json\/wp\/v2\/pages\/1646"}],"wp:attachment":[{"href":"http:\/\/lstjamtland.hemsida.eu\/gi\/wp-json\/wp\/v2\/media?parent=1658"}],"curies":[{"name":"wp","href":"https:\/\/api.w.org\/{rel}","templated":true}]}}