{"id":1775,"date":"2018-07-02T13:20:05","date_gmt":"2018-07-02T13:20:05","guid":{"rendered":"http:\/\/lstjamtland.hemsida.eu\/gi\/?page_id=1775"},"modified":"2018-07-02T13:34:32","modified_gmt":"2018-07-02T13:34:32","slug":"insatsomraden","status":"publish","type":"page","link":"http:\/\/lstjamtland.hemsida.eu\/gi\/gron-infrastruktur-i-kronobergs-lan\/insatsomraden\/","title":{"rendered":"Insatsomr\u00e5den"},"content":{"rendered":"<h4>Insatsomr\u00e5den<\/h4>\n<p>L\u00e4nsstyrelsen har i den regionala handlingsplanen f\u00f6r gr\u00f6n infrastruktur identifierat tre insatsomr\u00e5den att prioritera arbetet med gr\u00f6n infrastruktur till, i samverkan med andra akt\u00f6rer i landskapet.<\/p>\n<ul>\n<li>Torra gr\u00e4smarker i nord\u00f6stra Kronoberg<\/li>\n<li>F\u00f6rst\u00e4rkning av l\u00f6vskogsv\u00e4rden i Bolmen-Vid\u00f6stern-omr\u00e5det samt norr om Markaryd<\/li>\n<li>Gr\u00f6n infrastruktur i\u00a0vatten genom landskapsinriktade \u00e5tg\u00e4rder<\/li>\n<\/ul>\n","protected":false},"excerpt":{"rendered":"<p>Insatsomr\u00e5den L\u00e4nsstyrelsen har i den regionala handlingsplanen f\u00f6r gr\u00f6n infrastruktur identifierat tre insatsomr\u00e5den att prioritera arbetet med gr\u00f6n infrastruktur till, i samverkan med andra akt\u00f6rer i landskapet. Torra gr\u00e4smarker i nord\u00f6stra Kronoberg F\u00f6rst\u00e4rkning av l\u00f6vskogsv\u00e4rden i Bolmen-Vid\u00f6stern-omr\u00e5det samt norr om&hellip;<\/p>\n","protected":false},"author":6,"featured_media":0,"parent":1491,"menu_order":0,"comment_status":"closed","ping_status":"closed","template":"","meta":{"footnotes":""},"class_list":["post-1775","page","type-page","status-publish","hentry","entry","no-media"],"_links":{"self":[{"href":"http:\/\/lstjamtland.hemsida.eu\/gi\/wp-json\/wp\/v2\/pages\/1775","targetHints":{"allow":["GET"]}}],"collection":[{"href":"http:\/\/lstjamtland.hemsida.eu\/gi\/wp-json\/wp\/v2\/pages"}],"about":[{"href":"http:\/\/lstjamtland.hemsida.eu\/gi\/wp-json\/wp\/v2\/types\/page"}],"author":[{"embeddable":true,"href":"http:\/\/lstjamtland.hemsida.eu\/gi\/wp-json\/wp\/v2\/users\/6"}],"replies":[{"embeddable":true,"href":"http:\/\/lstjamtland.hemsida.eu\/gi\/wp-json\/wp\/v2\/comments?post=1775"}],"version-history":[{"count":4,"href":"http:\/\/lstjamtland.hemsida.eu\/gi\/wp-json\/wp\/v2\/pages\/1775\/revisions"}],"predecessor-version":[{"id":1786,"href":"http:\/\/lstjamtland.hemsida.eu\/gi\/wp-json\/wp\/v2\/pages\/1775\/revisions\/1786"}],"up":[{"embeddable":true,"href":"http:\/\/lstjamtland.hemsida.eu\/gi\/wp-json\/wp\/v2\/pages\/1491"}],"wp:attachment":[{"href":"http:\/\/lstjamtland.hemsida.eu\/gi\/wp-json\/wp\/v2\/media?parent=1775"}],"curies":[{"name":"wp","href":"https:\/\/api.w.org\/{rel}","templated":true}]}}