{"id":1782,"date":"2018-07-02T13:32:29","date_gmt":"2018-07-02T13:32:29","guid":{"rendered":"http:\/\/lstjamtland.hemsida.eu\/gi\/?page_id=1782"},"modified":"2018-10-10T20:07:48","modified_gmt":"2018-10-10T20:07:48","slug":"insatsomrade-2-forstarkning-av-lovskogsvarden-i-vastliga-lovskogsvardetrakter","status":"publish","type":"page","link":"http:\/\/lstjamtland.hemsida.eu\/gi\/gron-infrastruktur-i-kronobergs-lan\/insatsomraden\/insatsomrade-2-forstarkning-av-lovskogsvarden-i-vastliga-lovskogsvardetrakter\/","title":{"rendered":"Insatsomr\u00e5de 2: F\u00f6rst\u00e4rkning av l\u00f6vskogsv\u00e4rden i v\u00e4stra Kronoberg"},"content":{"rendered":"[vc_row][vc_column][vc_column_text]<h2>F\u00f6rst\u00e4rkning av l\u00f6vskogsv\u00e4rden i v\u00e4stliga l\u00f6vskogsv\u00e4rdetrakter<\/h2><p>Observera att detta \u00e4r en f\u00f6rkortad beskrivning av insatsomr\u00e5det. F\u00f6r den fullst\u00e4ndiga versionen, se pdf-dokument p\u00e5 <a href=\"https:\/\/www.lansstyrelsen.se\/kronoberg\/stat-och-kommun\/natur\/gron-infrastruktur.html\">L\u00e4nsstyrelsen i Kronobergs hemsida<\/a>.<\/p>[\/vc_column_text][\/vc_column][\/vc_row][vc_row][vc_column][vc_tta_tabs style=&#8221;modern&#8221; active_section=&#8221;1&#8243; el_class=&#8221;tabbar&#8221;][vc_tta_section title=&#8221;Bakgrund&#8221; tab_id=&#8221;1530644127076-30d04bbc-a90d&#8221; el_class=&#8221;tabbar&#8221;][vc_column_text]<p><span style=\"color: #000000; font-family: Times New Roman;\"> <\/span><\/p><p>Historiskt har l\u00f6vandelen i skogen i Kronobergs l\u00e4n\u00a0varit betydligt h\u00f6gre \u00e4n idag.\u00a0Under vissa f\u00f6rhistoriska perioder har i stort sett hela landskapet varit kl\u00e4tt av l\u00f6v- och tallskog och \u00e4ven i modern tid n\u00e4r skogen i stor utstr\u00e4ckning anv\u00e4ndes som betesmark var glesa l\u00f6vrika best\u00e5nd vanliga. Som en f\u00f6ljd av\u00a0klimatf\u00f6r\u00e4ndringar, omvandling av skogsmark till jordbruksmark och skogsbruk med inriktning p\u00e5 barrtr\u00e4dsproduktion finns idag endast sm\u00e5 rester kvar av l\u00f6vskog med l\u00e5ng kontinuitet.\u00a0Detta har\u00a0gjort att\u00a0m\u00e5nga arter knutna till\u00a0olika typer av l\u00f6vskog\u00a0lider av fragmentering, det vill s\u00e4ga att livsmilj\u00f6erna isoleras och inte l\u00e4ngre kan ha n\u00e5got utbyte med varandra. S\u00e4rskilt utsatta\u00a0\u00e4r \u00e4dell\u00f6vskogens arter\u00a0eftersom det inte sker n\u00e5gra\u00a0f\u00f6ryngringar med\u00a0\u00e4dell\u00f6vskog samtidigt som t\u00e4ta ensartade\u00a0granskogar som bildar barri\u00e4rer mellan v\u00e4rdek\u00e4rnor av \u00e4dell\u00f6vskog.<\/p><p>Det finns dock goda m\u00f6jligheter att f\u00f6rb\u00e4ttra situationen. Modellering av\u00a0skogens framtida utveckling i l\u00e4net som genomf\u00f6rts av Institutionen f\u00f6r sydsvensk skogsvetenskap vid SLU visar att virkesproduktionen i l\u00e4net kommer att \u00f6verstiga efterfr\u00e5gan. Detta ger ett utrymme f\u00f6r att anv\u00e4nda mer av skogens yta till att producera andra nyttor. D\u00e4rf\u00f6r \u00e4r det viktigt att lyfta fram de positiva synergieffekter som kan uppn\u00e5s av att f\u00f6rst\u00e4rka l\u00f6vskogsv\u00e4rdena i landskapet. Minskade ekonomiska\u00a0risker, b\u00e4ttre vattenkvalitet och mer viltfoder \u00e4r exempel p\u00e5 s\u00e5dana positiva effekter. Synpunkter som framkommit under de dialogm\u00f6ten som L\u00e4nsstyrelsen genomf\u00f6rt med mark\u00e4gare antyder dessutom p\u00e5\u00a0att det finns en allm\u00e4n\u00a0positiv inst\u00e4llning\u00a0till att f\u00f6ryngra med l\u00f6v, n\u00e5got\u00a0som dock\u00a0av olika sk\u00e4l inte realiseras.<\/p><p>Skogsstyrelsen bed\u00f6mer att andelen l\u00f6v i landskapet generellt kommer att \u00f6ka successivt genom det ansvar som skogssektorn tar f\u00f6r god milj\u00f6h\u00e4nsyn i skogen. Genom insatsomr\u00e5det kan \u00e4ven L\u00e4nsstyrelsen tillf\u00f6ra resurser f\u00f6r att utveckla detta arbete.<\/p><h4>Geografisk prioritering<\/h4><p>M\u00e5nga\u00a0s\u00e4rskilt viktiga arter i l\u00e4net har en v\u00e4stlig\u00a0tyngdpunkt i utbredningen. H\u00e4r har ocks\u00e5 mycket habitat f\u00f6rsvunnit, samtidigt som analyser visar att l\u00f6vskogsv\u00e4rdetrakterna i v\u00e4ster \u00e4r utsatta f\u00f6r h\u00f6gt f\u00f6r\u00e4ndringstryck som b\u00e5de inneb\u00e4r ett hot och en m\u00f6jlighet. D\u00e4rf\u00f6r finns det anledning att inom insatsomr\u00e5det prioritera v\u00e4rdetrakterna i Markaryds respektive Ljungby kommun. I andra hand b\u00f6r \u00e5tg\u00e4rder som kr\u00e4ver geografisk avgr\u00e4nsning alltid riktas till omr\u00e5den inom och mellan v\u00e4rden\u00e4tverk.<\/p><p>&nbsp;<\/p>[\/vc_column_text][\/vc_tta_section][vc_tta_section title=&#8221;Samordning och samverkan&#8221; tab_id=&#8221;1530644127079-f78257a9-97da&#8221; el_class=&#8221;tabbar&#8221;][vc_column_text]<p><span style=\"color: #000000; font-family: Times New Roman;\"> <\/span><\/p><p>Arbetet inom insatsomr\u00e5det bygger p\u00e5 frivillighet och intresse och ska ske i dialog med mark\u00e4gare och mark\u00e4garorganisationer. Det \u00e4r \u00e4ven viktigt att Skogsstyrelsen i stor utstr\u00e4ckning involveras i de f\u00f6reslagna aktiviteterna, bland annat genom kampanjen \u201dMer variationsrikt skogsbruk\u201d. De f\u00f6reslagna \u00e5tg\u00e4rderna b\u00f6r samordnas med den sm\u00e5l\u00e4ndska skogsstrategin som ett s\u00e4tt att hitta omr\u00e5den f\u00f6r gemensamma satsningar, t.ex. n\u00e4r det g\u00e4ller brynmilj\u00f6er. Fler av \u00e5tg\u00e4rderna \u00e4r s\u00e5dana som fokuserar p\u00e5 att \u00f6ka best\u00e4llarkompetensen hos mark\u00e4gare och b\u00f6r s\u00e5ledes vara intressanta f\u00f6r mark\u00e4garorganisationer som S\u00f6dra skogs\u00e4garna och LRF.<\/p><p>LRF \u00e4r huvudman f\u00f6r projektet L\u00f6vsucc\u00e9 d\u00e4r bl.a. l\u00e4nsstyrelsen i J\u00f6nk\u00f6pings l\u00e4n medverkar. En ans\u00f6kan om medel f\u00f6r att utvidga projektet s\u00e5 att \u00e4ven L\u00e4nsstyrelsen i Kronobergs l\u00e4n kan delta har l\u00e4mnats in. Projektet \u00e4r inriktat p\u00e5 att \u00f6ka kunskapen om l\u00f6vskogssk\u00f6tsel och l\u00f6vskogens ekonomiska och biologiska v\u00e4rden.<\/p>[\/vc_column_text][\/vc_tta_section][vc_tta_section title=&#8221;Aktivitetsplan&#8221; tab_id=&#8221;1530644136648-52a2259c-bce8&#8243; el_class=&#8221;tabbar&#8221;][vc_column_text]<p>Det \u00f6vergripande syftet med aktiviteterna inom insatsomr\u00e5det \u00e4r att f\u00e5 till st\u00e5nd fler livsmilj\u00f6er av god kvalitet och fungerande spridningsv\u00e4gar mellan dem. F\u00f6r att g\u00f6ra detta har ett antal m\u00e5l st\u00e4llts upp och aktiviteter formulerats som ska genomf\u00f6ras f\u00f6r att uppn\u00e5 m\u00e5len.<\/p><p>Flera av aktiviteterna ska prioriteras till omr\u00e5den inom och mellan v\u00e4rden\u00e4tverk. Ett flertal av aktiviteterna handlar om att \u00f6ka best\u00e4llarkompetensen hos mark\u00e4gare genom informationsinsatser. Ett l\u00e4mpligt uppl\u00e4gg kan d\u00e4rf\u00f6r vara att tillsammans med Skogsstyrelsen och mark\u00e4garorganisationer planera lokala tr\u00e4ffar d\u00e4r de olika m\u00e5len tas upp och diskuteras.<br \/><br \/><\/p><strong>\u00c5stadkomma restaureringar av skogliga biotoper. \u00c4ven omf\u00f6ring av barrskog till l\u00f6vskog.<\/strong> <span class=\"collapseomatic \" id=\"id69e1c1c74a70a\"  tabindex=\"0\" title=\"L\u00e4s mer\"    >L\u00e4s mer<\/span><div id=\"target-id69e1c1c74a70a\" class=\"collapseomatic_content \">M\u00f6jliga aktiviteter inom L\u00e4nsstyrelsen:<ul><li>Information till mark\u00e4gare om naturv\u00e4rden p\u00e5 landskapsniv\u00e5 och om restaurering (tillv\u00e4gag\u00e5ngss\u00e4tt, finansiering m.m.)<\/li><li><span>F\u00e4ltinventering av restaurerbara skogar samt upps\u00f6kande informationsinsatser till ber\u00f6rda mark\u00e4gare. <\/div><\/span><\/li><\/ul><strong>\u00c5stadkomma anl\u00e4ggning av mer brynmilj\u00f6er.<\/strong> <span class=\"collapseomatic \" id=\"id69e1c1c74a720\"  tabindex=\"0\" title=\"L\u00e4s mer\"    >L\u00e4s mer<\/span><div id=\"target-id69e1c1c74a720\" class=\"collapseomatic_content \">M\u00f6jliga aktiviteter inom L\u00e4nsstyrelsen:<ul><li>Information till mark\u00e4gare om naturv\u00e4rden p\u00e5 landskapsniv\u00e5 och om anl\u00e4ggning av brynmilj\u00f6er (tillv\u00e4gag\u00e5ngss\u00e4tt, finansiering m.m.)<\/li><li><span>Utveckla konceptet \u201dvilts\u00e4ckar\u201d med viltbeg\u00e4rliga buskar och tr\u00e4d tillsammans med producenter av skogsplantor. <\/span><span><\/div><\/span><\/li><\/ul><strong><span>\u00c5stadkomma \u00f6kning av andelen l\u00f6vskog.<\/span> <\/strong><span class=\"collapseomatic \" id=\"id69e1c1c74a728\"  tabindex=\"0\" title=\"L\u00e4s mer\"    >L\u00e4s mer<\/span><div id=\"target-id69e1c1c74a728\" class=\"collapseomatic_content \">M\u00f6jliga aktiviteter inom L\u00e4nsstyrelsen:<ul><li>Information till skogliga r\u00e5dgivare om l\u00f6vskogssk\u00f6tsel.<\/li><li>Information till mark\u00e4gare om v\u00e4rdefulla strukturer i skogen.<\/li><li>Information till mark\u00e4gare om kantzonernas v\u00e4rde f\u00f6r ekosystemtj\u00e4nster och hur man skapar funktionella kantzoner).<\/li><li><span>Information till mark\u00e4gare om klimatf\u00f6r\u00e4ndringarnas p\u00e5verkan p\u00e5 skogen. <\/span><span><\/div><\/span><\/li><\/ul><p><strong>\u00d6ka kunskapen om kantzonernas potential. <\/strong><span class=\"collapseomatic \" id=\"id69e1c1c74a72e\"  tabindex=\"0\" title=\"L\u00e4s mer\"    >L\u00e4s mer<\/span><div id=\"target-id69e1c1c74a72e\" class=\"collapseomatic_content \">M\u00f6jliga aktiviteter inom L\u00e4nsstyrelsen:<\/p><ul><li><span>Kontakt med SLU\/LNU f\u00f6r f\u00f6rdjupad studie av kantzonernas f\u00f6ruts\u00e4ttningar f\u00f6r en \u00f6kad l\u00f6vandel i landskapet. <\/span><\/div><\/li><ol><\/ol><\/ul><p><strong>\u00d6ka tillg\u00e5ngen till d\u00f6d l\u00f6vved f\u00f6r anv\u00e4ndning som faunadep\u00e5.<\/strong> <span class=\"collapseomatic \" id=\"id69e1c1c74a73d\"  tabindex=\"0\" title=\"L\u00e4s mer\"    >L\u00e4s mer<\/span><div id=\"target-id69e1c1c74a73d\" class=\"collapseomatic_content \">M\u00f6jliga aktiviteter inom L\u00e4nsstyrelsen:<\/p><ul><li>Informationsm\u00f6te med ber\u00f6rda akt\u00f6rer <\/div><\/li><\/ul><p><strong>\u00c5stadkomma restaurering av betesmarker.<\/strong> <span class=\"collapseomatic \" id=\"id69e1c1c74a743\"  tabindex=\"0\" title=\"L\u00e4s mer\"    >L\u00e4s mer<\/span><div id=\"target-id69e1c1c74a743\" class=\"collapseomatic_content \">M\u00f6jliga aktiviteter inom L\u00e4nsstyrelsen:<\/p><ul><li><span>S\u00f6ka projektpengar f\u00f6r utveckling av webbtj\u00e4nst f\u00f6r f\u00f6rmedling av d\u00f6d <\/span> <\/div><\/li><\/ul><p><strong>\u00d6ka kunskapen och erfarenhetsutbytet om att planera f\u00f6r l\u00f6vskogens naturv\u00e4rden. <\/strong><span class=\"collapseomatic \" id=\"id69e1c1c74a747\"  tabindex=\"0\" title=\"L\u00e4s mer\"    >L\u00e4s mer<\/span><div id=\"target-id69e1c1c74a747\" class=\"collapseomatic_content \">M\u00f6jliga aktiviteter inom L\u00e4nsstyrelsen:<\/p><ul><li><span>Workshop om v\u00e4rdetrakter\/n\u00e4tverk samt om gynnande av l\u00f6vv\u00e4rden i gr\u00f6na skogsbruksplaner <\/span> <\/div><\/li><\/ul><p><strong>Informera om m\u00f6jligheterna med lokal samverkan och visa p\u00e5 goda exempel. <\/strong><span class=\"collapseomatic \" id=\"id69e1c1c74a74c\"  tabindex=\"0\" title=\"L\u00e4s mer\"    >L\u00e4s mer<\/span><div id=\"target-id69e1c1c74a74c\" class=\"collapseomatic_content \">M\u00f6jliga aktiviteter inom L\u00e4nsstyrelsen:<\/p><ul><li><span>Sprida konkreta exempel p\u00e5 samverkan till viktiga akt\u00f6rer. <\/span> <\/div><\/li><\/ul>[\/vc_column_text][\/vc_tta_section][\/vc_tta_tabs][\/vc_column][\/vc_row]","protected":false},"excerpt":{"rendered":"<p>[vc_row][vc_column][vc_column_text]F\u00f6rst\u00e4rkning av l\u00f6vskogsv\u00e4rden i v\u00e4stliga l\u00f6vskogsv\u00e4rdetrakterObservera att detta \u00e4r en f\u00f6rkortad beskrivning av insatsomr\u00e5det. F\u00f6r den fullst\u00e4ndiga versionen, se pdf-dokument p\u00e5 L\u00e4nsstyrelsen i Kronobergs hemsida.[\/vc_column_text][\/vc_column][\/vc_row][vc_row][vc_column][vc_tta_tabs style=&#8221;modern&#8221; active_section=&#8221;1&#8243; el_class=&#8221;tabbar&#8221;][vc_tta_section title=&#8221;Bakgrund&#8221; tab_id=&#8221;1530644127076-30d04bbc-a90d&#8221; el_class=&#8221;tabbar&#8221;][vc_column_text] Historiskt har l\u00f6vandelen i skogen i Kronobergs l\u00e4n\u00a0varit betydligt&hellip;<\/p>\n","protected":false},"author":6,"featured_media":0,"parent":1775,"menu_order":0,"comment_status":"closed","ping_status":"closed","template":"","meta":{"footnotes":""},"class_list":["post-1782","page","type-page","status-publish","hentry","entry","no-media"],"_links":{"self":[{"href":"http:\/\/lstjamtland.hemsida.eu\/gi\/wp-json\/wp\/v2\/pages\/1782","targetHints":{"allow":["GET"]}}],"collection":[{"href":"http:\/\/lstjamtland.hemsida.eu\/gi\/wp-json\/wp\/v2\/pages"}],"about":[{"href":"http:\/\/lstjamtland.hemsida.eu\/gi\/wp-json\/wp\/v2\/types\/page"}],"author":[{"embeddable":true,"href":"http:\/\/lstjamtland.hemsida.eu\/gi\/wp-json\/wp\/v2\/users\/6"}],"replies":[{"embeddable":true,"href":"http:\/\/lstjamtland.hemsida.eu\/gi\/wp-json\/wp\/v2\/comments?post=1782"}],"version-history":[{"count":22,"href":"http:\/\/lstjamtland.hemsida.eu\/gi\/wp-json\/wp\/v2\/pages\/1782\/revisions"}],"predecessor-version":[{"id":2712,"href":"http:\/\/lstjamtland.hemsida.eu\/gi\/wp-json\/wp\/v2\/pages\/1782\/revisions\/2712"}],"up":[{"embeddable":true,"href":"http:\/\/lstjamtland.hemsida.eu\/gi\/wp-json\/wp\/v2\/pages\/1775"}],"wp:attachment":[{"href":"http:\/\/lstjamtland.hemsida.eu\/gi\/wp-json\/wp\/v2\/media?parent=1782"}],"curies":[{"name":"wp","href":"https:\/\/api.w.org\/{rel}","templated":true}]}}