{"id":1784,"date":"2018-07-02T13:33:32","date_gmt":"2018-07-02T13:33:32","guid":{"rendered":"http:\/\/lstjamtland.hemsida.eu\/gi\/?page_id=1784"},"modified":"2018-10-10T20:06:21","modified_gmt":"2018-10-10T20:06:21","slug":"insatsomrade-3-gron-infrastruktur-i-vatten-genom-landskapsinriktade-atgarder","status":"publish","type":"page","link":"http:\/\/lstjamtland.hemsida.eu\/gi\/gron-infrastruktur-i-kronobergs-lan\/insatsomraden\/insatsomrade-3-gron-infrastruktur-i-vatten-genom-landskapsinriktade-atgarder\/","title":{"rendered":"Insatsomr\u00e5de 3: Gr\u00f6n infrastruktur i vatten genom landskapsinriktade \u00e5tg\u00e4rder"},"content":{"rendered":"[vc_row][vc_column][vc_column_text]<h2>F\u00f6rst\u00e4rkning av l\u00f6vskogsv\u00e4rden i v\u00e4stliga l\u00f6vskogsv\u00e4rdetrakter<\/h2><p>Observera att detta \u00e4r en f\u00f6rkortad beskrivning av insatsomr\u00e5det. F\u00f6r den fullst\u00e4ndiga versionen, se pdf-dokument p\u00e5 <a href=\"https:\/\/www.lansstyrelsen.se\/kronoberg\/stat-och-kommun\/natur\/gron-infrastruktur.html\">L\u00e4nsstyrelsen i Kronobergs hemsida<\/a>.<\/p>[\/vc_column_text][\/vc_column][\/vc_row][vc_row][vc_column][vc_tta_tabs style=&#8221;modern&#8221; active_section=&#8221;1&#8243; el_class=&#8221;tabbar&#8221;][vc_tta_section title=&#8221;Bakgrund&#8221; tab_id=&#8221;1530644127076-30d04bbc-a90d&#8221; el_class=&#8221;tabbar&#8221;][vc_column_text]<p>Ekologiskt sammanh\u00e4ngande och funktionella vattensystem \u00e4r en f\u00f6ruts\u00e4ttning f\u00f6r vatten av god kvalitet och biologisk m\u00e5ngfald i vatten. Den gr\u00f6na infrastrukturen i vatten p\u00e5verkas med andra ord i stor utstr\u00e4ckning av vad som h\u00e4nder inom avrinningsomr\u00e5det. Att uppn\u00e5 vatten av god kvalitet ligger i linje med m\u00e5let inom vattenf\u00f6rvaltningen: att uppn\u00e5 beslutade milj\u00f6kvalitetsnormer f\u00f6r l\u00e4nets vattenf\u00f6rekomster vilket inneb\u00e4r att god ekologisk status ska vara uppn\u00e5tt senast \u00e5r 2027 (i enlighet med Ramdirektivet f\u00f6r vatten 2000\/60\/EG).<\/p><p>Det \u00e4r komplicerat att f\u00e5 till de \u00e5tg\u00e4rder som beh\u00f6vs i s\u00e5v\u00e4l vatten som p\u00e5 land f\u00f6r att f\u00f6rb\u00e4ttra vattnets kvalitet och skapa bra vattenmilj\u00f6er. Att koppla samman akt\u00f6rer, v\u00e4ga motst\u00e5ende intressen och finansiera \u00e5tg\u00e4rderna kr\u00e4ver h\u00f6g grad av koordinering och d\u00e4rmed mycket resurser. L\u00e4nsstyrelsen bed\u00f6mer d\u00e4rf\u00f6r att det finns stora m\u00f6jligheter att komma fram\u00e5t genom ett s\u00e4rskilt insatsomr\u00e5de med fokus p\u00e5 att genomf\u00f6ra landskapsinriktade \u00e5tg\u00e4rder inom avgr\u00e4nsade geografiska omr\u00e5den med h\u00f6ga v\u00e4rden kopplade till vatten f\u00f6r att f\u00f6rb\u00e4ttra vattenkvaliteten och (\u00e5ter)skapa v\u00e4rdefulla vattenmilj\u00f6er. S\u00e5dana \u00e5tg\u00e4rder kan handla om att t.ex. minska l\u00e4ckaget av n\u00e4rings\u00e4mnen, slam och milj\u00f6gifter fr\u00e5n jord- och skogsbruk men ocks\u00e5 om att restaurera v\u00e5tmarker och vattendrag, skapa fria vandringsv\u00e4gar etc.<\/p><p>Inom skogssektorn p\u00e5g\u00e5r arbete f\u00f6r att minska skogsbrukets p\u00e5verkan p\u00e5 vattnet, men alltj\u00e4mt sker \u00e5tg\u00e4rder som f\u00e5r stor negativ effekt p\u00e5 limniska naturv\u00e4rden. D\u00e4rf\u00f6r \u00e4r det viktigt att ut\u00f6ka dialogen och gemensamt komma fram till hur h\u00e4nsynen kan f\u00f6rb\u00e4ttras ytterligare.<\/p><p>Genom regeringens beslut om extra medel f\u00f6r skapande och \u00e5terst\u00e4llning av v\u00e5tmarker i syfte att \u00f6ka den vattenh\u00e5llande f\u00f6rm\u00e5gan i landskapet, minska l\u00e4ckaget av n\u00e4rings\u00e4mnen samt d\u00e4mpa h\u00f6ga vattenfl\u00f6den finns resurser som kan anv\u00e4ndas inom insatsomr\u00e5det. Bland annat kan s\u00e4rskilda LONA-medel s\u00f6kas f\u00f6r \u00e5terst\u00e4llning av v\u00e5tmarker.<\/p><h4>Geografisk prioritering<\/h4><p>\u00c5tg\u00e4rder b\u00f6r prioriteras till en eller ett par v\u00e4rdetrakter med tillh\u00f6rande tillrinningsomr\u00e5den. Vilka v\u00e4rdetrakter som ska v\u00e4ljas ut best\u00e4ms efter samr\u00e5d med ber\u00f6rda akt\u00f6rer.<\/p>[\/vc_column_text][\/vc_tta_section][vc_tta_section title=&#8221;Samordning och samverkan&#8221; tab_id=&#8221;1530644127079-f78257a9-97da&#8221; el_class=&#8221;tabbar&#8221;][vc_column_text]<p>Arbetet inom insatsomr\u00e5det bygger p\u00e5 frivillighet och intresse och ska ske i dialog med mark\u00e4gare, mark\u00e4garorganisationer, vattenr\u00e5d och fiskev\u00e5rdsomr\u00e5desf\u00f6reningar m.fl. akt\u00f6rer. Det \u00e4r \u00e4ven viktigt att Skogsstyrelsen i stor utstr\u00e4ckning involveras i de f\u00f6reslagna aktiviteter som r\u00f6r skogsbruk. Erfarenhetsutbyte b\u00f6r ske med S\u00f6dra skogs\u00e4garna som arbetar med skogens vatten inom den \u201dbl\u00e5 m\u00e5lklassningen\u201d.<\/p>[\/vc_column_text][\/vc_tta_section][vc_tta_section title=&#8221;Aktivitetsplan&#8221; tab_id=&#8221;1530644136648-52a2259c-bce8&#8243; el_class=&#8221;tabbar&#8221;][vc_column_text]<p>Det \u00f6vergripande syftet med aktiviteterna inom insatsomr\u00e5det \u00e4r att f\u00e5 till st\u00e5nd fler biotoper av god kvalitet och fungerande spridningsv\u00e4gar mellan dem. F\u00f6r att g\u00f6ra detta har ett antal m\u00e5l st\u00e4llts upp och aktiviteter formulerats som ska genomf\u00f6ras f\u00f6r att uppn\u00e5 m\u00e5len.<br \/><br \/><\/p><strong>\u00c5stadkomma biologisk \u00e5terst\u00e4llning av limniska biotoper inom v\u00e4rdetrakter.<\/strong> <span class=\"collapseomatic \" id=\"id69e1c1c82553a\"  tabindex=\"0\" title=\"L\u00e4s mer\"    >L\u00e4s mer<\/span><div id=\"target-id69e1c1c82553a\" class=\"collapseomatic_content \">M\u00f6jliga aktiviteter inom L\u00e4nsstyrelsen:<ul><li>Dialogm\u00f6ten med akt\u00f6rer inom utvald v\u00e4rdetrakt f\u00f6r att informera om befintliga v\u00e4rden, m\u00f6jligheter och f\u00f6rdelar med restaurering. T.ex. kontakt med vattenr\u00e5d, fiskev\u00e5rdsomr\u00e5desf\u00f6reningar och kommuner.<\/li><li>Visa p\u00e5 m\u00f6jligheter och goda exempel.<span> <\/span><\/li><li><span>Inventering av nyckelbiotoper och biotopkartering i vatten inom utvald v\u00e4rdetrakt. <\/div><\/span><\/li><\/ul><strong>\u00c5stadkomma restaureringar\/anl\u00e4ggning av v\u00e5tmarker inom v\u00e4rdetrakter.<\/strong> <span class=\"collapseomatic \" id=\"id69e1c1c825553\"  tabindex=\"0\" title=\"L\u00e4s mer\"    >L\u00e4s mer<\/span><div id=\"target-id69e1c1c825553\" class=\"collapseomatic_content \">M\u00f6jliga aktiviteter inom L\u00e4nsstyrelsen:<ul><li><span>Identifiering av objekt, kontakt med mark\u00e4gare.<\/span><\/li><li><span>Visa p\u00e5 m\u00f6jligheter och goda exempel.\u00a0<\/span><span><\/div><\/span><\/li><\/ul><strong><span>\u00c5stadkomma f\u00f6rb\u00e4ttrad h\u00e4nsyn inom jord- och skogsbruket f\u00f6r att minska negativ p\u00e5verkan p\u00e5 vatten.<\/span> <\/strong><span class=\"collapseomatic \" id=\"id69e1c1c82555b\"  tabindex=\"0\" title=\"L\u00e4s mer\"    >L\u00e4s mer<\/span><div id=\"target-id69e1c1c82555b\" class=\"collapseomatic_content \">M\u00f6jliga aktiviteter inom L\u00e4nsstyrelsen:<ul><li>Dialogm\u00f6ten med funktioner inom skogsbruket som arbetar med skogsbruksplaner och planering av avverkningar.<\/li><li><span>Dialogm\u00f6ten med lantbrukare inom utvald v\u00e4rdetrakt.<\/span><span><\/span><span><\/div><\/span><\/li><\/ul><p><strong>\u00c5stadkomma fler funktionella kantzoner mot vatten.<\/strong><span class=\"collapseomatic \" id=\"id69e1c1c825561\"  tabindex=\"0\" title=\"L\u00e4s mer\"    >L\u00e4s mer<\/span><div id=\"target-id69e1c1c825561\" class=\"collapseomatic_content \">M\u00f6jliga aktiviteter inom L\u00e4nsstyrelsen:<\/p><ul><li><span>Information till mark\u00e4gare om kantzonernas v\u00e4rde f\u00f6r ekosystemtj\u00e4nster.<\/span><\/li><li><span>Sprida kunskap om skogssektorns m\u00e5lbilder f\u00f6r god milj\u00f6h\u00e4nsyn.\u00a0<\/span><\/div><\/li><ol><\/ol><\/ul>[\/vc_column_text][\/vc_tta_section][\/vc_tta_tabs][\/vc_column][\/vc_row]","protected":false},"excerpt":{"rendered":"<p>[vc_row][vc_column][vc_column_text]F\u00f6rst\u00e4rkning av l\u00f6vskogsv\u00e4rden i v\u00e4stliga l\u00f6vskogsv\u00e4rdetrakterObservera att detta \u00e4r en f\u00f6rkortad beskrivning av insatsomr\u00e5det. F\u00f6r den fullst\u00e4ndiga versionen, se pdf-dokument p\u00e5 L\u00e4nsstyrelsen i Kronobergs hemsida.[\/vc_column_text][\/vc_column][\/vc_row][vc_row][vc_column][vc_tta_tabs style=&#8221;modern&#8221; active_section=&#8221;1&#8243; el_class=&#8221;tabbar&#8221;][vc_tta_section title=&#8221;Bakgrund&#8221; tab_id=&#8221;1530644127076-30d04bbc-a90d&#8221; el_class=&#8221;tabbar&#8221;][vc_column_text]Ekologiskt sammanh\u00e4ngande och funktionella vattensystem \u00e4r en f\u00f6ruts\u00e4ttning f\u00f6r vatten&hellip;<\/p>\n","protected":false},"author":6,"featured_media":0,"parent":1775,"menu_order":0,"comment_status":"closed","ping_status":"closed","template":"","meta":{"footnotes":""},"class_list":["post-1784","page","type-page","status-publish","hentry","entry","no-media"],"_links":{"self":[{"href":"http:\/\/lstjamtland.hemsida.eu\/gi\/wp-json\/wp\/v2\/pages\/1784","targetHints":{"allow":["GET"]}}],"collection":[{"href":"http:\/\/lstjamtland.hemsida.eu\/gi\/wp-json\/wp\/v2\/pages"}],"about":[{"href":"http:\/\/lstjamtland.hemsida.eu\/gi\/wp-json\/wp\/v2\/types\/page"}],"author":[{"embeddable":true,"href":"http:\/\/lstjamtland.hemsida.eu\/gi\/wp-json\/wp\/v2\/users\/6"}],"replies":[{"embeddable":true,"href":"http:\/\/lstjamtland.hemsida.eu\/gi\/wp-json\/wp\/v2\/comments?post=1784"}],"version-history":[{"count":8,"href":"http:\/\/lstjamtland.hemsida.eu\/gi\/wp-json\/wp\/v2\/pages\/1784\/revisions"}],"predecessor-version":[{"id":2711,"href":"http:\/\/lstjamtland.hemsida.eu\/gi\/wp-json\/wp\/v2\/pages\/1784\/revisions\/2711"}],"up":[{"embeddable":true,"href":"http:\/\/lstjamtland.hemsida.eu\/gi\/wp-json\/wp\/v2\/pages\/1775"}],"wp:attachment":[{"href":"http:\/\/lstjamtland.hemsida.eu\/gi\/wp-json\/wp\/v2\/media?parent=1784"}],"curies":[{"name":"wp","href":"https:\/\/api.w.org\/{rel}","templated":true}]}}