{"id":1794,"date":"2018-07-02T13:46:33","date_gmt":"2018-07-02T13:46:33","guid":{"rendered":"http:\/\/lstjamtland.hemsida.eu\/gi\/?page_id=1794"},"modified":"2018-07-02T13:52:36","modified_gmt":"2018-07-02T13:52:36","slug":"om-gron-infrastruktur","status":"publish","type":"page","link":"http:\/\/lstjamtland.hemsida.eu\/gi\/gron-infrastruktur-i-kronobergs-lan\/om-gron-infrastruktur\/","title":{"rendered":"Om gr\u00f6n infrastruktur"},"content":{"rendered":"<p>Klicka p\u00e5 l\u00e4nkarna i menyn f\u00f6r att komma till den nationella sidan och\u00a0f\u00e5 veta mer om gr\u00f6n infrastruktur.<\/p>\n","protected":false},"excerpt":{"rendered":"<p>Klicka p\u00e5 l\u00e4nkarna i menyn f\u00f6r att komma till den nationella sidan och\u00a0f\u00e5 veta mer om gr\u00f6n infrastruktur.<\/p>\n","protected":false},"author":6,"featured_media":0,"parent":1491,"menu_order":0,"comment_status":"closed","ping_status":"closed","template":"","meta":{"footnotes":""},"class_list":["post-1794","page","type-page","status-publish","hentry","entry","no-media"],"_links":{"self":[{"href":"http:\/\/lstjamtland.hemsida.eu\/gi\/wp-json\/wp\/v2\/pages\/1794","targetHints":{"allow":["GET"]}}],"collection":[{"href":"http:\/\/lstjamtland.hemsida.eu\/gi\/wp-json\/wp\/v2\/pages"}],"about":[{"href":"http:\/\/lstjamtland.hemsida.eu\/gi\/wp-json\/wp\/v2\/types\/page"}],"author":[{"embeddable":true,"href":"http:\/\/lstjamtland.hemsida.eu\/gi\/wp-json\/wp\/v2\/users\/6"}],"replies":[{"embeddable":true,"href":"http:\/\/lstjamtland.hemsida.eu\/gi\/wp-json\/wp\/v2\/comments?post=1794"}],"version-history":[{"count":2,"href":"http:\/\/lstjamtland.hemsida.eu\/gi\/wp-json\/wp\/v2\/pages\/1794\/revisions"}],"predecessor-version":[{"id":1802,"href":"http:\/\/lstjamtland.hemsida.eu\/gi\/wp-json\/wp\/v2\/pages\/1794\/revisions\/1802"}],"up":[{"embeddable":true,"href":"http:\/\/lstjamtland.hemsida.eu\/gi\/wp-json\/wp\/v2\/pages\/1491"}],"wp:attachment":[{"href":"http:\/\/lstjamtland.hemsida.eu\/gi\/wp-json\/wp\/v2\/media?parent=1794"}],"curies":[{"name":"wp","href":"https:\/\/api.w.org\/{rel}","templated":true}]}}