{"id":2038,"date":"2018-07-05T10:12:51","date_gmt":"2018-07-05T10:12:51","guid":{"rendered":"http:\/\/lstjamtland.hemsida.eu\/gi\/?page_id=2038"},"modified":"2018-07-05T14:33:00","modified_gmt":"2018-07-05T14:33:00","slug":"vad-menas-med-gron-infrastruktur","status":"publish","type":"page","link":"http:\/\/lstjamtland.hemsida.eu\/gi\/gron-infrastruktur-i-kronobergs-lan\/vad-menas-med-gron-infrastruktur\/","title":{"rendered":"Vad menas med gr\u00f6n infrastruktur"},"content":{"rendered":"[vc_row][vc_column width=&#8221;1\/2&#8243;][vc_column_text]\n<h3><\/h3>\n<h3>Vad menas med gr\u00f6n infrastruktur<\/h3>\n<p>Gr\u00f6n infrastruktur \u00e4r n\u00e4tverk av natur som skapar nyttor f\u00f6r m\u00e4nniskor och s\u00e4kerst\u00e4ller biologisk m\u00e5ngfald. Hur dessa n\u00e4tverk beh\u00f6ver se ut f\u00f6r att vara funktionella beror p\u00e5 vilka ekosystem och arter man v\u00e4ljer att studera. D\u00e4rf\u00f6r kan ett n\u00e4tverk ibland best\u00e5 av spridda milj\u00f6er och ibland av t\u00e4tt sammanh\u00e4ngande\u00a0milj\u00f6er. Milj\u00f6erna kan ocks\u00e5 beh\u00f6va vara mer eller mindre\u00a0likartade beroende p\u00e5\u00a0arternas grad av specialisering.<\/p>\n<p>Genom att g\u00f6ra generaliseringar och f\u00f6renklingar p\u00e5 olika skalniv\u00e5er\u00a0\u00e4r det m\u00f6jligt att\u00a0beskriva\u00a0omr\u00e5den med s\u00e4rskilt goda f\u00f6ruts\u00e4ttningar att bibeh\u00e5lla ekologisk funktionalitet, och vad som kr\u00e4vs f\u00f6r att \u00e5stadkomma detta.<\/p>\n[\/vc_column_text][\/vc_column][vc_column width=&#8221;1\/2&#8243;][vc_single_image image=&#8221;2056&#8243; css=&#8221;.vc_custom_1530799207896{margin-top: 60px !important;}&#8221;][\/vc_column][\/vc_row][vc_row][vc_column width=&#8221;1\/2&#8243;][vc_single_image image=&#8221;2061&#8243;][\/vc_column][vc_column width=&#8221;1\/2&#8243;][vc_column_text]\n<h4>Trakter, n\u00e4tverk och element<\/h4>\n<p>Trakter, n\u00e4tverk och element representerar olika skalniv\u00e5er i landskapet. Ju h\u00f6gre krav en art har p\u00e5 livs- och spridningsmilj\u00f6\u00a0desto l\u00e4gre skala m\u00e5ste anv\u00e4ndas f\u00f6r att ta h\u00e4nsyn till den, och desto mer specifik m\u00e5ste h\u00e4nsynen vara. N\u00e4r man talar om gr\u00f6n infrastruktur utg\u00f6r <strong><em>element<\/em> <\/strong>den l\u00e4gsta skalniv\u00e5n och kan t.ex. best\u00e5 av ett d\u00f6tt tr\u00e4d eller en sandblotta.\u00a0Om det finns m\u00e5nga\u00a0element tillsammans kan omr\u00e5det bli en l\u00e4mplig livsmilj\u00f6 f\u00f6r\u00a0lokala\u00a0populationer av olika organismer\u00a0&#8211; en <strong><em>v\u00e4rdek\u00e4rna<\/em><\/strong>. V\u00e4rdek\u00e4rnor som ligger i n\u00e4rheten av varandra bildar <strong><em>n\u00e4tverk<\/em> <\/strong>som g\u00f6r populationen l\u00e5ngsiktigt livskraftig genom m\u00f6jlighet till genetiskt utbyte och \u00e5terkolonisation. Omr\u00e5den d\u00e4r det finns m\u00e5nga n\u00e4tverk, och d\u00e4r landskapet i \u00f6vrigt generellt har h\u00f6gre biologisk kvalitet betecknas <strong><em>v\u00e4rdetrakt<\/em><\/strong>.<\/p>\n<p>N\u00e4r det g\u00e4ller vatten utg\u00f6rs v\u00e4rdetrakter av hela sj\u00f6ar och\u00a0anslutande v\u00e4rdefulla vattendrag och v\u00e5tmarker.[\/vc_column_text][\/vc_column][\/vc_row][vc_row][vc_column][vc_video link=&#8221;https:\/\/www.youtube.com\/watch?v=G1eUN3P5O7g&#038;feature=youtu.be&#8221; title=&#8221;Se Naturv\u00e5rdsverkets film om gr\u00f6n infrastruktur&#8221;][\/vc_column][\/vc_row]\n","protected":false},"excerpt":{"rendered":"<p>[vc_row][vc_column width=&#8221;1\/2&#8243;][vc_column_text] Vad menas med gr\u00f6n infrastruktur Gr\u00f6n infrastruktur \u00e4r n\u00e4tverk av natur som skapar nyttor f\u00f6r m\u00e4nniskor och s\u00e4kerst\u00e4ller biologisk m\u00e5ngfald. Hur dessa n\u00e4tverk beh\u00f6ver se ut f\u00f6r att vara funktionella beror p\u00e5 vilka ekosystem och arter man v\u00e4ljer&hellip;<\/p>\n","protected":false},"author":6,"featured_media":0,"parent":1491,"menu_order":0,"comment_status":"closed","ping_status":"closed","template":"","meta":{"footnotes":""},"class_list":["post-2038","page","type-page","status-publish","hentry","entry","no-media"],"_links":{"self":[{"href":"http:\/\/lstjamtland.hemsida.eu\/gi\/wp-json\/wp\/v2\/pages\/2038","targetHints":{"allow":["GET"]}}],"collection":[{"href":"http:\/\/lstjamtland.hemsida.eu\/gi\/wp-json\/wp\/v2\/pages"}],"about":[{"href":"http:\/\/lstjamtland.hemsida.eu\/gi\/wp-json\/wp\/v2\/types\/page"}],"author":[{"embeddable":true,"href":"http:\/\/lstjamtland.hemsida.eu\/gi\/wp-json\/wp\/v2\/users\/6"}],"replies":[{"embeddable":true,"href":"http:\/\/lstjamtland.hemsida.eu\/gi\/wp-json\/wp\/v2\/comments?post=2038"}],"version-history":[{"count":25,"href":"http:\/\/lstjamtland.hemsida.eu\/gi\/wp-json\/wp\/v2\/pages\/2038\/revisions"}],"predecessor-version":[{"id":2095,"href":"http:\/\/lstjamtland.hemsida.eu\/gi\/wp-json\/wp\/v2\/pages\/2038\/revisions\/2095"}],"up":[{"embeddable":true,"href":"http:\/\/lstjamtland.hemsida.eu\/gi\/wp-json\/wp\/v2\/pages\/1491"}],"wp:attachment":[{"href":"http:\/\/lstjamtland.hemsida.eu\/gi\/wp-json\/wp\/v2\/media?parent=2038"}],"curies":[{"name":"wp","href":"https:\/\/api.w.org\/{rel}","templated":true}]}}