{"id":2042,"date":"2018-07-05T10:14:59","date_gmt":"2018-07-05T10:14:59","guid":{"rendered":"http:\/\/lstjamtland.hemsida.eu\/gi\/?page_id=2042"},"modified":"2018-07-05T11:09:31","modified_gmt":"2018-07-05T11:09:31","slug":"handlingsplanens-juridiska-status","status":"publish","type":"page","link":"http:\/\/lstjamtland.hemsida.eu\/gi\/gron-infrastruktur-i-kronobergs-lan\/handlingsplanens-juridiska-status\/","title":{"rendered":"Handlingsplanens juridiska status"},"content":{"rendered":"<h3>Handlingsplanens juridiska status<\/h3>\n<p>Enligt 2 kap 2 \u00a7\u00a0milj\u00f6balken \u00e4r varje verksamhetsut\u00f6vare skyldig att skaffa sig den kunskap som beh\u00f6vs f\u00f6r att skydda milj\u00f6n mot skada. Det inneb\u00e4r inte bara att\u00a0skaffa sig kunskap om\u00a0den mark d\u00e4r verksamheten bedrivs\u00a0utan ocks\u00e5 om vilken roll marken\u00a0spelar i ett landskapsperspektiv, vilket \u00e4r n\u00f6dv\u00e4ndigt f\u00f6r\u00a0bevarandet av biologisk m\u00e5ngfald.<\/p>\n<p>Eftersom det finns ett stort\u00a0intresse\u00a0bland mark\u00e4gare och verksamhetsut\u00f6vare\u00a0att bidra till arbetet med att n\u00e5 milj\u00f6m\u00e5len tillfredsst\u00e4ller handlingsplanens texter och\u00a0kartmaterial en efterfr\u00e5gan p\u00e5 kunskap om landskapets karakt\u00e4r och kvaliteter. S\u00e5dan kunskap finns redan men har p\u00e5 detta s\u00e4tt gjorts mer l\u00e4ttillg\u00e4nglig.<\/p>\n<p>Att omr\u00e5den med landskapsm\u00e4ssiga kvaliteter pekas ut p\u00e5 en karta ska ses som en indikerande upplysning, fr\u00e4mst avsedd f\u00f6r prioritering av naturv\u00e5rdande \u00e5tg\u00e4rder. <em>Omr\u00e5denas avgr\u00e4nsning bygger p\u00e5 generella antaganden utifr\u00e5n tillg\u00e4ngliga (ibland bristf\u00e4lliga) data och\u00a0de slutsatser som kan dras begr\u00e4nsar sig d\u00e4rf\u00f6r till huruvida en \u00e5tg\u00e4rd har positiv eller negativ inverkan p\u00e5 landskapet. <\/em>Hur stor inverkan en \u00e5tg\u00e4rd har kan d\u00e4remot inte avg\u00f6ras. F\u00f6r att g\u00f6ra en s\u00e5dan bed\u00f6mning beh\u00f6ver f\u00f6rdjupade\u00a0analyser och ev. f\u00e4ltstudier\u00a0genomf\u00f6ras. Analyserna\u00a0bygger p\u00e5 offentliga data som redan idag finns tillg\u00e4ngliga f\u00f6r allm\u00e4nheten.<\/p>\n<p>\u00c5tg\u00e4rder som lyfts fram i handlingsplanen \u00e4r avsedda att inspirera till\u00a0naturv\u00e5rdsarbete\u00a0och\u00a0genomf\u00f6rs endast\u00a0om\u00a0mark\u00e4gare och r\u00e4ttighetsinnehavare sj\u00e4lva \u00e4r intresserade av att delta.<\/p>\n<p>Inga lagar och regler \u00e4ndras i och med handlingsplanerna f\u00f6r gr\u00f6n infrastruktur.<\/p>\n","protected":false},"excerpt":{"rendered":"<p>Handlingsplanens juridiska status Enligt 2 kap 2 \u00a7\u00a0milj\u00f6balken \u00e4r varje verksamhetsut\u00f6vare skyldig att skaffa sig den kunskap som beh\u00f6vs f\u00f6r att skydda milj\u00f6n mot skada. Det inneb\u00e4r inte bara att\u00a0skaffa sig kunskap om\u00a0den mark d\u00e4r verksamheten bedrivs\u00a0utan ocks\u00e5 om vilken&hellip;<\/p>\n","protected":false},"author":6,"featured_media":0,"parent":1491,"menu_order":0,"comment_status":"closed","ping_status":"closed","template":"","meta":{"footnotes":""},"class_list":["post-2042","page","type-page","status-publish","hentry","entry","no-media"],"_links":{"self":[{"href":"http:\/\/lstjamtland.hemsida.eu\/gi\/wp-json\/wp\/v2\/pages\/2042","targetHints":{"allow":["GET"]}}],"collection":[{"href":"http:\/\/lstjamtland.hemsida.eu\/gi\/wp-json\/wp\/v2\/pages"}],"about":[{"href":"http:\/\/lstjamtland.hemsida.eu\/gi\/wp-json\/wp\/v2\/types\/page"}],"author":[{"embeddable":true,"href":"http:\/\/lstjamtland.hemsida.eu\/gi\/wp-json\/wp\/v2\/users\/6"}],"replies":[{"embeddable":true,"href":"http:\/\/lstjamtland.hemsida.eu\/gi\/wp-json\/wp\/v2\/comments?post=2042"}],"version-history":[{"count":4,"href":"http:\/\/lstjamtland.hemsida.eu\/gi\/wp-json\/wp\/v2\/pages\/2042\/revisions"}],"predecessor-version":[{"id":2049,"href":"http:\/\/lstjamtland.hemsida.eu\/gi\/wp-json\/wp\/v2\/pages\/2042\/revisions\/2049"}],"up":[{"embeddable":true,"href":"http:\/\/lstjamtland.hemsida.eu\/gi\/wp-json\/wp\/v2\/pages\/1491"}],"wp:attachment":[{"href":"http:\/\/lstjamtland.hemsida.eu\/gi\/wp-json\/wp\/v2\/media?parent=2042"}],"curies":[{"name":"wp","href":"https:\/\/api.w.org\/{rel}","templated":true}]}}