{"id":2103,"date":"2018-07-09T08:55:31","date_gmt":"2018-07-09T08:55:31","guid":{"rendered":"http:\/\/lstjamtland.hemsida.eu\/gi\/?page_id=2103"},"modified":"2018-07-09T16:37:16","modified_gmt":"2018-07-09T16:37:16","slug":"vatten-och-vatmarker-i-ett-landskapsperspektiv","status":"publish","type":"page","link":"http:\/\/lstjamtland.hemsida.eu\/gi\/gron-infrastruktur-i-kronobergs-lan\/levande-sjoar-och-vattendrag-myllrande-vatmarker\/vatten-och-vatmarker-i-ett-landskapsperspektiv\/","title":{"rendered":"Arter i l\u00e4nets vatten- och v\u00e5tmarksmilj\u00f6er"},"content":{"rendered":"[vc_row][vc_column][vc_column_text]<h3>Arter i l\u00e4nets vatten- och v\u00e5tmarksmilj\u00f6er<\/h3><p>I Kronobergs l\u00e4n \u00e4r enligt Artdatabanken 77 r\u00f6dlistade arter knutna till s\u00f6tvatten-, myr- och strandmilj\u00f6er<a name=\"_ftnref1\" href=\"http:\/\/lstjamtland.hemsida.eu\/gi\/wp-admin\/post.php?post=2103&#038;action=edit#_ftn1\"><span>[1]<\/span><\/a> bofasta i l\u00e4net. En j\u00e4mf\u00f6relse med grannl\u00e4nen visar att motsvarande urvalskriterier i Kalmar l\u00e4n ger 109 arter, i J\u00f6nk\u00f6pings l\u00e4n 104 arter, i Hallands l\u00e4n 142 arter, i Blekinge l\u00e4n 119 arter och i Sk\u00e5ne l\u00e4n 268 arter. Att Kronobergs l\u00e4n har f\u00e4rre r\u00f6dlistade arter \u00e4r en konsekvens av naturgivna f\u00f6ruts\u00e4ttningar men \u00e4ven det faktum att v\u00e5ra sj\u00f6ar, vattendrag och v\u00e5tmarker \u00e4r kraftigt p\u00e5verkade av m\u00e4nskliga aktiviteter. Arealen sj\u00f6, vattendrag och v\u00e5tmark \u00e4r dock stor i Kronobergs l\u00e4n j\u00e4mf\u00f6rt med ovan n\u00e4mnda grannl\u00e4n, vilket inneb\u00e4r att l\u00e4nets vatten och v\u00e5tmarker i flera fall kan vara avg\u00f6rande f\u00f6r de r\u00f6dlistade arternas fortlevnad.<\/p><p>Drygt 49 procent av de r\u00f6dlistade arterna \u00e4r hemmah\u00f6rande i sj\u00f6ar och vattendrag, drygt 20 procent i strandmilj\u00f6er och ca 30 procent i v\u00e5tmarker. Detta \u00e4r dock naturligtvis en f\u00f6renkling eftersom m\u00e5nga arter vistas i och \u00e4r beroende av flera olika typer av milj\u00f6er. Artgrupper som utm\u00e4rker sig till antalet \u00e4r k\u00e4rlv\u00e4xter (19 st), skalbaggar (17 st) samt f\u00e5glar (11 st).<br \/><span style=\"color: #000000; font-family: Times New Roman;\"> <\/span><\/p><h4>Hotade arter i l\u00e4net med \u00e5tg\u00e4rdsprogram<\/h4><p>Av de arter som ing\u00e5r i \u00e5tg\u00e4rdsprogram f\u00f6r hotade arter och anses vara bofasta i Kronobergs l\u00e4n \u00e4r 13 stycken knutna till vatten- och v\u00e5tmarksmilj\u00f6er.<span style=\"color: #000000; font-family: Garamond;\"><br \/><\/span><span class=\"tablepress-table-description tablepress-table-description-id-1\">OBS! Klicka p\u00e5 artens namn f\u00f6r att se f\u00f6rekomster i l\u00e4net p\u00e5 karta (\u00f6ppnas i popup-f\u00f6nster).<\/span>\n\n<table id=\"tablepress-1\" class=\"tablepress tablepress-id-1\">\n<thead>\n<tr class=\"row-1 odd\">\n\t<th class=\"column-1\">Organismgrupp<\/th><th class=\"column-2\">Art<\/th><th class=\"column-3\">R\u00f6dlistekategori<\/th><th class=\"column-4\">Viktiga faktorer<\/th>\n<\/tr>\n<\/thead>\n<tbody class=\"row-hover\">\n<tr class=\"row-2 even\">\n\t<td rowspan=\"2\" class=\"column-1\">Alger<\/td><td class=\"column-2\"><a href=\"#\" onClick=\"MyWindow=window.open('https:\/\/www.artportalen.se\/search\/map\/taxon\/1086\/area\/9','MyWindow',width=600,height=300); return false;\">dv\u00e4rgslinke<\/a><\/td><td class=\"column-3\">N\u00e4ra hotad (NT)<\/td><td class=\"column-4\">Hotas av \u00f6verg\u00f6dning, f\u00f6rsurning och konkurrens fr\u00e5n andra v\u00e4xter.<\/td>\n<\/tr>\n<tr class=\"row-3 odd\">\n\t<td class=\"column-2\"><a href=\"#\" onClick=\"MyWindow=window.open('https:\/\/www.artportalen.se\/search\/map\/taxon\/1088\/area\/9','MyWindow',width=600,height=300); return false;\">sp\u00e4dslinke<\/a><\/td><td class=\"column-3\">N\u00e4ra hotad (NT)<\/td><td class=\"column-4\">Hotas av \u00f6verg\u00f6dning, f\u00f6rsurning och inplantering av gr\u00e4skarp.<\/td>\n<\/tr>\n<tr class=\"row-4 even\">\n\t<td class=\"column-1\">Bl\u00f6tdjur<\/td><td class=\"column-2\"><a href=\"#\" onClick=\"MyWindow=window.open('https:\/\/www.artportalen.se\/search\/map\/taxon\/101951\/area\/9','MyWindow',width=600,height=300); return false;\">tjockskalig m\u00e5larmussla<\/a><\/td><td class=\"column-3\">Starkt hotad (EN)<\/td><td class=\"column-4\">Sandiga, grusiga bottnar i rinnande vatten<\/td>\n<\/tr>\n<tr class=\"row-5 odd\">\n\t<td class=\"column-1\">D\u00e4ggdjur<\/td><td class=\"column-2\"><a href=\"#\" onClick=\"MyWindow=window.open('https:\/\/www.artportalen.se\/search\/map\/taxon\/100077\/area\/9','MyWindow',width=600,height=300); return false;\">utter<\/a><\/td><td class=\"column-3\">N\u00e4ra hotad (NT)<\/td><td class=\"column-4\">God tillg\u00e5ng p\u00e5 fisk, isfria vattendrag<\/td>\n<\/tr>\n<tr class=\"row-6 even\">\n\t<td class=\"column-1\">Fiskar<\/td><td class=\"column-2\"><a href=\"#\" onClick=\"MyWindow=window.open('https:\/\/www.artportalen.se\/search\/map\/taxon\/100131\/area\/9','MyWindow',width=600,height=300); return false;\">mal<\/a><\/td><td class=\"column-3\">S\u00e5rbar (VU)<\/td><td class=\"column-4\">L\u00e5ngsamt rinnande eller stillast\u00e5ende vatten i sj\u00f6ar eller st\u00f6rre vattendrag<\/td>\n<\/tr>\n<tr class=\"row-7 odd\">\n\t<td class=\"column-1\">F\u00e5glar<\/td><td class=\"column-2\"><a href=\"#\" onClick=\"MyWindow=window.open('https:\/\/www.artportalen.se\/search\/map\/taxon\/100407\/area\/9','MyWindow',width=600,height=300); return false;\">havs\u00f6rn<\/a><\/td><td class=\"column-3\">N\u00e4ra hotad (NT)<\/td><td class=\"column-4\">Kraftiga botr\u00e4d, oftast tallar, i anslutning till kuster, sj\u00f6ar och vattendrag.<\/td>\n<\/tr>\n<tr class=\"row-8 even\">\n\t<td class=\"column-1\">Kr\u00e4ftdjur<\/td><td class=\"column-2\"><a href=\"#\" onClick=\"MyWindow=window.open('https:\/\/www.artportalen.se\/search\/map\/taxon\/101951\/area\/9','MyWindow',width=600,height=300); return false;\">flodkr\u00e4fta<\/a><\/td><td class=\"column-3\">Akut hotad (CR)<\/td><td class=\"column-4\">Fast bottensubstrat utan f\u00f6r mycket vegetation<\/td>\n<\/tr>\n<tr class=\"row-9 odd\">\n\t<td rowspan=\"4\" class=\"column-1\">K\u00e4rlv\u00e4xter<\/td><td class=\"column-2\"><a href=\"#\" onClick=\"MyWindow=window.open('https:\/\/www.artportalen.se\/search\/map\/taxon\/576\/area\/9','MyWindow',width=600,height=300); return false;\">skaftslamkrypa<\/a><\/td><td class=\"column-3\">Starkt hotad (EN)<\/td><td class=\"column-4\">Str\u00e4nder och grunda bottnar av n\u00e4ringsfattiga sj\u00f6ar och sm\u00e5vatten<\/td>\n<\/tr>\n<tr class=\"row-10 even\">\n\t<td class=\"column-2\"><a href=\"#\" onClick=\"MyWindow=window.open('https:\/\/www.artportalen.se\/search\/map\/taxon\/1885\/area\/9','MyWindow',width=600,height=300); return false;\">klockgentiana<\/a><\/td><td class=\"column-3\">S\u00e5rbar (VU)<\/td><td class=\"column-4\">Fuktig till v\u00e5t mark l\u00e4ngs sj\u00f6ar, g\u00f6lar och vattendrag. Kontinuerlig h\u00e4vd.<\/td>\n<\/tr>\n<tr class=\"row-11 odd\">\n\t<td class=\"column-2\"><a href=\"#\" onClick=\"MyWindow=window.open('https:\/\/www.artportalen.se\/search\/map\/taxon\/1001\/area\/9','MyWindow',width=600,height=300); return false;\">flytsvalting<\/a><\/td><td class=\"column-3\">Starkt hotad (EN)<\/td><td class=\"column-4\">Sprids med hj\u00e4lp av sj\u00f6f\u00e5glar<\/td>\n<\/tr>\n<tr class=\"row-12 even\">\n\t<td class=\"column-2\"><a href=\"#\" onClick=\"MyWindow=window.open('https:\/\/www.artportalen.se\/search\/map\/taxon\/1077\/area\/9','MyWindow',width=600,height=300); return false;\">sj\u00f6najas<\/a><\/td><td class=\"column-3\">Starkt hotad (EN)<\/td><td class=\"column-4\">Mjukbottnar i rena, m\u00e5ttligt n\u00e4ringsrika sj\u00f6ar<\/td>\n<\/tr>\n<tr class=\"row-13 odd\">\n\t<td class=\"column-1\">Mossor<\/td><td class=\"column-2\"><a href=\"#\" onClick=\"MyWindow=window.open('https:\/\/www.artportalen.se\/search\/map\/taxon\/530\/area\/9','MyWindow',width=600,height=300); return false;\">h\u00e5rklomossa<\/a><\/td><td class=\"column-3\">N\u00e4ra hotad (NT)<\/td><td class=\"column-4\">N\u00e5got skuggade stenblock, busk- och tr\u00e4dbaser. Fluktuerande vattenst\u00e5nd.<\/td>\n<\/tr>\n<tr class=\"row-14 even\">\n\t<td class=\"column-1\">Storsvampar<\/td><td class=\"column-2\"><a href=\"#\" onClick=\"MyWindow=window.open('https:\/\/www.artportalen.se\/search\/map\/taxon\/2011\/area\/9','MyWindow',width=600,height=300); return false;\">strandjordtunga<\/a><\/td><td class=\"column-3\">Starkt hotad (EN)<\/td><td class=\"column-4\">Flacka, grusiga\/sandiga str\u00e4nder vid n\u00e4ringsfattiga sj\u00f6ar. Fluktuerande vattenst\u00e5nd.<\/td>\n<\/tr>\n<\/tbody>\n<\/table>\n<!-- #tablepress-1 from cache --><a name=\"_ftn1\" href=\"http:\/\/lstjamtland.hemsida.eu\/gi\/wp-admin\/post.php?post=2103&#038;action=edit#_ftnref1\"><span>[1]<\/span><\/a> Artfakta, biotoptyp: Vattenyta\/Vattenmassa\/Myrbiotoper\/\u00d6ppna strandbiotoper\/S\u00f6tvattensstrand\/Vattendrag\/Sj\u00f6ar\/Sm\u00e5vatten[\/vc_column_text][\/vc_column][\/vc_row][vc_row][vc_column][\/vc_column][\/vc_row]","protected":false},"excerpt":{"rendered":"<p>[vc_row][vc_column][vc_column_text]Arter i l\u00e4nets vatten- och v\u00e5tmarksmilj\u00f6erI Kronobergs l\u00e4n \u00e4r enligt Artdatabanken 77 r\u00f6dlistade arter knutna till s\u00f6tvatten-, myr- och strandmilj\u00f6er[1] bofasta i l\u00e4net. En j\u00e4mf\u00f6relse med grannl\u00e4nen visar att motsvarande urvalskriterier i Kalmar l\u00e4n ger 109 arter, i J\u00f6nk\u00f6pings l\u00e4n&hellip;<\/p>\n","protected":false},"author":6,"featured_media":0,"parent":1578,"menu_order":0,"comment_status":"closed","ping_status":"closed","template":"","meta":{"footnotes":""},"class_list":["post-2103","page","type-page","status-publish","hentry","entry","no-media"],"_links":{"self":[{"href":"http:\/\/lstjamtland.hemsida.eu\/gi\/wp-json\/wp\/v2\/pages\/2103","targetHints":{"allow":["GET"]}}],"collection":[{"href":"http:\/\/lstjamtland.hemsida.eu\/gi\/wp-json\/wp\/v2\/pages"}],"about":[{"href":"http:\/\/lstjamtland.hemsida.eu\/gi\/wp-json\/wp\/v2\/types\/page"}],"author":[{"embeddable":true,"href":"http:\/\/lstjamtland.hemsida.eu\/gi\/wp-json\/wp\/v2\/users\/6"}],"replies":[{"embeddable":true,"href":"http:\/\/lstjamtland.hemsida.eu\/gi\/wp-json\/wp\/v2\/comments?post=2103"}],"version-history":[{"count":8,"href":"http:\/\/lstjamtland.hemsida.eu\/gi\/wp-json\/wp\/v2\/pages\/2103\/revisions"}],"predecessor-version":[{"id":2338,"href":"http:\/\/lstjamtland.hemsida.eu\/gi\/wp-json\/wp\/v2\/pages\/2103\/revisions\/2338"}],"up":[{"embeddable":true,"href":"http:\/\/lstjamtland.hemsida.eu\/gi\/wp-json\/wp\/v2\/pages\/1578"}],"wp:attachment":[{"href":"http:\/\/lstjamtland.hemsida.eu\/gi\/wp-json\/wp\/v2\/media?parent=2103"}],"curies":[{"name":"wp","href":"https:\/\/api.w.org\/{rel}","templated":true}]}}