{"id":2147,"date":"2018-07-09T12:19:56","date_gmt":"2018-07-09T12:19:56","guid":{"rendered":"http:\/\/lstjamtland.hemsida.eu\/gi\/?page_id=2147"},"modified":"2018-10-08T19:47:32","modified_gmt":"2018-10-08T19:47:32","slug":"ekosystemtjanster-i-vatten-och-vatmarker","status":"publish","type":"page","link":"http:\/\/lstjamtland.hemsida.eu\/gi\/gron-infrastruktur-i-kronobergs-lan\/levande-sjoar-och-vattendrag-myllrande-vatmarker\/ekosystemtjanster-i-vatten-och-vatmarker\/","title":{"rendered":"Ekosystemtj\u00e4nster i vatten och v\u00e5tmarker"},"content":{"rendered":"<h3>Ekosystemtj\u00e4nster i vatten och v\u00e5tmarker<\/h3>\r\n<p>Ekosystemtj\u00e4nster kan delas upp utifr\u00e5n den geografiska relationen mellan var tj\u00e4nsten produceras och var nyttan skapas. Vissa ekosystemtj\u00e4nster skapar nytta p\u00e5 eller i n\u00e4rheten av den plats d\u00e4r tj\u00e4nsten produceras medan andra skapar nytta l\u00e4ngre ned i ett fl\u00f6de. En l\u00e4gesoberoende ekosystemtj\u00e4nst skapar nyttor f\u00f6r m\u00e4nniskor oavsett var tj\u00e4nsten produceras. N\u00e4r det g\u00e4ller vatten \u00e4r det av naturliga sk\u00e4l ofta s\u00e5 att tj\u00e4nsten levereras p\u00e5 en annan plats \u00e4n d\u00e4r nyttan skapas. Produktionen av fisk som livsmedel och f\u00f6r rekreation styrs bland annat av tillg\u00e5ngen till l\u00e4mpliga livs- och lekmilj\u00f6er p\u00e5 andra platser \u00e4n d\u00e4r fisken f\u00e5ngas. Likas\u00e5 sker naturlig rening av bad- och dricksvatten s\u00e4llan p\u00e5 samma st\u00e4lle som d\u00e4r sj\u00e4lva uttaget eller aktiviteten \u00e4ger rum. Dricksvatten transporteras idag l\u00e5nga str\u00e4ckor. Sk\u00e5ne h\u00e4mtar sitt dricksvatten i sj\u00f6n Bolmen i Kronobergs l\u00e4n, och flera st\u00f6rre orter bl.a. V\u00e4xj\u00f6 och Alvesta h\u00e4mtar sitt dricksvatten fr\u00e5n Berga\u00e5sen i Ljungby kommun. Ett f\u00e5tal st\u00f6rre dricksvattent\u00e4kter g\u00f6r oss mer s\u00e5rbara och g\u00f6r det \u00e4nnu viktigare att ta h\u00e4nsyn till vattenkvalitet genom att vara uppm\u00e4rksam p\u00e5 olika p\u00e5verkansk\u00e4llor i det omgivande landskapet. F\u00f6r att s\u00e4kerst\u00e4lla leverans av ekosystemtj\u00e4nster kopplade till vatten \u00e4r det med andra ord s\u00e4rskilt viktigt att ha ett st\u00f6rre perspektiv och utg\u00e5 fr\u00e5n vattnets naturliga v\u00e4gar i landskapet. Det \u00e4r ocks\u00e5 viktigt att i st\u00f6rre utstr\u00e4ckning synligg\u00f6ra den p\u00e5verkan som sker fr\u00e5n andra naturtyper och hur \u00e5tg\u00e4rder f\u00f6r att s\u00e4kerst\u00e4lla leveransen av ekosystemtj\u00e4nster i vatten ocks\u00e5 kan gynna den biologiska m\u00e5ngfalden f\u00f6r dessa naturtyper.<\/p>\r\n<p>L\u00e4s mer om ekosystemtj\u00e4nster i vattenmilj\u00f6er p\u00e5 <a href=\"https:\/\/www.havochvatten.se\/hav\/samordning--fakta\/miljomal--direktiv\/ekosystemtjanster.html\">Havs- och vattenmyndighetens hemsida<\/a>.<\/p>\r\n<h4>Hur\u00a0produceras tj\u00e4nsten\u00a0&#8211;\u00a0Var skapas nyttan?<\/h4>\r\n<p>Olika ekosystemtj\u00e4nster \u00e4r beroende av olika typer av milj\u00f6er. D\u00e4rf\u00f6r m\u00e5ste den som vill tillgodog\u00f6ra sig nyttan identifiera vad som kr\u00e4vs f\u00f6r att tj\u00e4nsten ska levereras. Nedan f\u00f6ljer tre exempel p\u00e5 hur man kan arbeta geografiskt f\u00f6r att s\u00e4kra leveransen av ekosystemtj\u00e4nster:<\/p>\r\n<h7>Rent vatten<\/h7><span class=\"collapseomatic \" id=\"id69e1d62c256dd\"  tabindex=\"0\" title=\"L\u00e4s mer\"    >L\u00e4s mer<\/span><div id=\"target-id69e1d62c256dd\" class=\"collapseomatic_content \">\r\n<p>F\u00f6r att s\u00e4kerst\u00e4lla rent vatten \u00e4r det viktigt att minska direktutsl\u00e4ppet av vatten fr\u00e5n skogs- och jordbruksmark till sj\u00f6ar och vattendrag via diken. Detta kan g\u00f6ras genom att \u00e5terst\u00e4lla dikade v\u00e5tmarker och icke fungerande sv\u00e4mplan utmed sj\u00f6ar och vattendrag eller \u00e5terskapa r\u00e4tade vattendrag till mer naturliga milj\u00f6er med str\u00f6mmande partier och fria vandringsv\u00e4gar. Det \u00e4r ocks\u00e5 viktigt med ekologiskt funktionella kantzoner som bidrar till att minska uts\u00f6ndringen av humus, n\u00e4rings\u00e4mnen och sediment fr\u00e5n skogs- och jordbruksmark samt urbana milj\u00f6er.<\/p>\r\n<p>Ekosystemtj\u00e4nsten kan s\u00e4kerst\u00e4llas genom att omr\u00e5den d\u00e4r rent vatten \u00e4r av s\u00e4rskilt stor betydelse identifieras och att \u00e5tg\u00e4rder uppstr\u00f6ms dessa vidtas.<\/div>\r\n<h7>Tillg\u00e5ng till fisk<\/h7><span class=\"collapseomatic \" id=\"id69e1d62c256f7\"  tabindex=\"0\" title=\"L\u00e4s mer\"    >L\u00e4s mer<\/span><div id=\"target-id69e1d62c256f7\" class=\"collapseomatic_content \">\r\n<p>N\u00e4r det g\u00e4ller produktionen av fisk \u00e4r det viktigt att se till s\u00e5 att det finns l\u00e4mpliga lek- och uppv\u00e4xtmilj\u00f6er i vattensystemet, att fisken kan vandra fritt, att vattenkvaliteten \u00e4r tillr\u00e4ckligt god f\u00f6r att fisken ska kunna f\u00f6ryngra sig och till sist att fisken \u00e4r giftfri och l\u00e4mplig som livsmedel. En dikesrensning kan slamma igen grusiga bottnar flera kilometer nedstr\u00f6ms och transportera stora m\u00e4ngder sediment l\u00e5nga v\u00e4gar nedstr\u00f6ms, vilket i sin tur kan f\u00f6r\u00e4ndra ett vattendrags morfologi med stora konsekvenser som f\u00f6ljd. Detta belyser vikten av god kunskap om var v\u00e4rdek\u00e4rnorna i vatten finns samt att \u00e5tg\u00e4rder alltid bed\u00f6ms utifr\u00e5n ett st\u00f6rre perspektiv. Vid rensning av diken \u00e4r det t.ex. viktigt att l\u00e4mna en zon mot sj\u00f6ar och vattendrag som f\u00e5r \u00f6versilas naturligt.<\/p>\r\n<p>Genom att utg\u00e5 fr\u00e5n var man vill att det ska finnas god tillg\u00e5ng till fisk och utifr\u00e5n detta arbeta f\u00f6r\u00a0att vattensystemet ska h\u00e5lla tillr\u00e4ckligt god kvalitet med avseende p\u00e5 de faktorer som kr\u00e4vs, kan leveransen av ekosystemtj\u00e4nster s\u00e4kerst\u00e4llas.<\/div>\r\n<h7>D\u00e4mpning av h\u00f6ga fl\u00f6den<\/h7><span class=\"collapseomatic \" id=\"id69e1d62c25700\"  tabindex=\"0\" title=\"L\u00e4s mer\"    >L\u00e4s mer<\/span><div id=\"target-id69e1d62c25700\" class=\"collapseomatic_content \">\r\n<img loading=\"lazy\" decoding=\"async\" width=\"491\" height=\"333\" class=\"wp-image-2156 alignright\" alt=\"\" src=\"http:\/\/lstjamtland.hemsida.eu\/gi\/wp-content\/uploads\/2018\/07\/v\u00e5tmarker_\u00f6versv\u00e4mning.jpg\" srcset=\"http:\/\/lstjamtland.hemsida.eu\/gi\/wp-content\/uploads\/2018\/07\/v\u00e5tmarker_\u00f6versv\u00e4mning.jpg 2923w, http:\/\/lstjamtland.hemsida.eu\/gi\/wp-content\/uploads\/2018\/07\/v\u00e5tmarker_\u00f6versv\u00e4mning-300x204.jpg 300w, http:\/\/lstjamtland.hemsida.eu\/gi\/wp-content\/uploads\/2018\/07\/v\u00e5tmarker_\u00f6versv\u00e4mning-768x522.jpg 768w, http:\/\/lstjamtland.hemsida.eu\/gi\/wp-content\/uploads\/2018\/07\/v\u00e5tmarker_\u00f6versv\u00e4mning-1024x695.jpg 1024w\" sizes=\"auto, (max-width: 491px) 100vw, 491px\" \/>Myrar \u00e4r uppbyggda av\u00a0vitmossa, s\u00e5v\u00e4l\u00a0levande som delvis nedbruten (torv). Vid kraftig nederb\u00f6rd och h\u00f6ga fl\u00f6den kan myren suga upp vatten som en tv\u00e4ttsvamp och minska utstr\u00f6mningen av vatten till sj\u00f6ar och vattendrag, vilket ger mindre \u00f6versv\u00e4mning. Eftersom en igenv\u00e4xande myr gradvis omvandlas till fastmark p.g.a. \u00f6kad syretillf\u00f6rsel minskar vattenupptagningsf\u00f6rm\u00e5gan. Genom att\u00a0identifiera omr\u00e5den med\u00a0\u00f6versv\u00e4mningsrisk\u00a0\u00e4r det m\u00f6jligt att\u00a0restaurera\u00a0v\u00e5tmarksomr\u00e5den uppstr\u00f6ms f\u00f6r att skapa ekosystemtj\u00e4nsten.<\/div>\r\n\r\n<p>Bland kartskikten finns tillrinningsomr\u00e5den f\u00f6r sj\u00f6ar med \u00f6verg\u00f6dningsproblem och f\u00f6r t\u00e4torter med \u00f6versv\u00e4mningsrisk.<\/p>","protected":false},"excerpt":{"rendered":"<p>Ekosystemtj\u00e4nster i vatten och v\u00e5tmarker Ekosystemtj\u00e4nster kan delas upp utifr\u00e5n den geografiska relationen mellan var tj\u00e4nsten produceras och var nyttan skapas. Vissa ekosystemtj\u00e4nster skapar nytta p\u00e5 eller i n\u00e4rheten av den plats d\u00e4r tj\u00e4nsten produceras medan andra skapar nytta l\u00e4ngre&hellip;<\/p>\n","protected":false},"author":6,"featured_media":0,"parent":1578,"menu_order":0,"comment_status":"closed","ping_status":"closed","template":"","meta":{"footnotes":""},"class_list":["post-2147","page","type-page","status-publish","hentry","entry","no-media"],"_links":{"self":[{"href":"http:\/\/lstjamtland.hemsida.eu\/gi\/wp-json\/wp\/v2\/pages\/2147","targetHints":{"allow":["GET"]}}],"collection":[{"href":"http:\/\/lstjamtland.hemsida.eu\/gi\/wp-json\/wp\/v2\/pages"}],"about":[{"href":"http:\/\/lstjamtland.hemsida.eu\/gi\/wp-json\/wp\/v2\/types\/page"}],"author":[{"embeddable":true,"href":"http:\/\/lstjamtland.hemsida.eu\/gi\/wp-json\/wp\/v2\/users\/6"}],"replies":[{"embeddable":true,"href":"http:\/\/lstjamtland.hemsida.eu\/gi\/wp-json\/wp\/v2\/comments?post=2147"}],"version-history":[{"count":34,"href":"http:\/\/lstjamtland.hemsida.eu\/gi\/wp-json\/wp\/v2\/pages\/2147\/revisions"}],"predecessor-version":[{"id":2678,"href":"http:\/\/lstjamtland.hemsida.eu\/gi\/wp-json\/wp\/v2\/pages\/2147\/revisions\/2678"}],"up":[{"embeddable":true,"href":"http:\/\/lstjamtland.hemsida.eu\/gi\/wp-json\/wp\/v2\/pages\/1578"}],"wp:attachment":[{"href":"http:\/\/lstjamtland.hemsida.eu\/gi\/wp-json\/wp\/v2\/media?parent=2147"}],"curies":[{"name":"wp","href":"https:\/\/api.w.org\/{rel}","templated":true}]}}