{"id":2341,"date":"2018-07-09T16:39:28","date_gmt":"2018-07-09T16:39:28","guid":{"rendered":"http:\/\/lstjamtland.hemsida.eu\/gi\/?page_id=2341"},"modified":"2018-10-08T19:51:10","modified_gmt":"2018-10-08T19:51:10","slug":"vardetrakter-vatten-och-vatmark","status":"publish","type":"page","link":"http:\/\/lstjamtland.hemsida.eu\/gi\/gron-infrastruktur-i-kronobergs-lan\/levande-sjoar-och-vattendrag-myllrande-vatmarker\/vardetrakter-vatten-och-vatmark\/","title":{"rendered":"V\u00e4rdetrakter &#8211; vatten och v\u00e5tmark"},"content":{"rendered":"[vc_row][vc_column][vc_column_text]<h3>V\u00e4rdetrakter<\/h3><p>Genom att kombinera olika kunskapsunderlag\u00a0har L\u00e4nsstyrelsen identifierat st\u00f6rre landskapsavsnitt d\u00e4r f\u00f6ruts\u00e4ttningarna f\u00f6r biologisk m\u00e5ngfald \u00e4r h\u00f6gre \u00e4n i resterande delar av l\u00e4net. S\u00e5dana landskapsavsnitt ben\u00e4mns \u201cv\u00e4rdetrakter\u201d. V\u00e4rdetrakterna\u00a0visar p\u00e5\u00a0landskapets karakt\u00e4r och vilka naturv\u00e4rden som generellt b\u00f6r prioriteras. N\u00e4r det g\u00e4ller vattenmilj\u00f6er \u00e4r ett viktigt syfte med v\u00e4rdetrakterna att \u00f6ka f\u00f6rst\u00e5elsen f\u00f6r landskapets betydelse ur ett artperspektiv, d\u00e4r hela vattensystem, inklusive mindre vattendrag och landmilj\u00f6er har betydelse f\u00f6r att skapa f\u00f6ruts\u00e4ttningar f\u00f6r livskraftiga populationer. Genom att arbeta tillsammans inom v\u00e4rdetrakterna med restaurering av vatten- och v\u00e5tmarksmilj\u00f6er f\u00f6r s\u00e4kerst\u00e4llande av n\u00f6dv\u00e4ndiga strukturer och processer finns en l\u00e5ngsiktig m\u00f6jlighet att bevara och utveckla den biologiska m\u00e5ngfalden och s\u00e4kerst\u00e4lla m\u00e5nga viktiga ekosystemtj\u00e4nster.<\/p><p>Vid avgr\u00e4nsningen av v\u00e4rdetrakter i v\u00e5tmarker har utg\u00e5ngspunkten varit en nationell analys utf\u00f6rd av L\u00e4nsstyrelsen i\u00a0V\u00e4sterbottens\u00a0l\u00e4n.<\/p><p>F\u00f6r att se v\u00e4rdetrakterna\u00a0\u00f6ppna kartskikten <em>V\u00e4rdetrakter vatten<\/em> respektive <em>V\u00e4rdetrakter v\u00e5tmark<\/em>.<\/p><p>F\u00f6r en genomg\u00e5ng av de underlag som legat till grund f\u00f6r avgr\u00e4nsningen av v\u00e4rdetrakter, se den <a href=\"https:\/\/www.lansstyrelsen.se\/kronoberg\/stat-och-kommun\/natur\/gron-infrastruktur.html\">fullst\u00e4ndiga handlingsplanen i pdf-version p\u00e5 L\u00e4nsstyrelsen i Kronobergs hemsida.<\/a><\/p>[\/vc_column_text][\/vc_column][\/vc_row]","protected":false},"excerpt":{"rendered":"<p>[vc_row][vc_column][vc_column_text]V\u00e4rdetrakterGenom att kombinera olika kunskapsunderlag\u00a0har L\u00e4nsstyrelsen identifierat st\u00f6rre landskapsavsnitt d\u00e4r f\u00f6ruts\u00e4ttningarna f\u00f6r biologisk m\u00e5ngfald \u00e4r h\u00f6gre \u00e4n i resterande delar av l\u00e4net. S\u00e5dana landskapsavsnitt ben\u00e4mns \u201cv\u00e4rdetrakter\u201d. V\u00e4rdetrakterna\u00a0visar p\u00e5\u00a0landskapets karakt\u00e4r och vilka naturv\u00e4rden som generellt b\u00f6r prioriteras. N\u00e4r det g\u00e4ller vattenmilj\u00f6er&hellip;<\/p>\n","protected":false},"author":6,"featured_media":0,"parent":1578,"menu_order":0,"comment_status":"closed","ping_status":"closed","template":"","meta":{"footnotes":""},"class_list":["post-2341","page","type-page","status-publish","hentry","entry","no-media"],"_links":{"self":[{"href":"http:\/\/lstjamtland.hemsida.eu\/gi\/wp-json\/wp\/v2\/pages\/2341","targetHints":{"allow":["GET"]}}],"collection":[{"href":"http:\/\/lstjamtland.hemsida.eu\/gi\/wp-json\/wp\/v2\/pages"}],"about":[{"href":"http:\/\/lstjamtland.hemsida.eu\/gi\/wp-json\/wp\/v2\/types\/page"}],"author":[{"embeddable":true,"href":"http:\/\/lstjamtland.hemsida.eu\/gi\/wp-json\/wp\/v2\/users\/6"}],"replies":[{"embeddable":true,"href":"http:\/\/lstjamtland.hemsida.eu\/gi\/wp-json\/wp\/v2\/comments?post=2341"}],"version-history":[{"count":23,"href":"http:\/\/lstjamtland.hemsida.eu\/gi\/wp-json\/wp\/v2\/pages\/2341\/revisions"}],"predecessor-version":[{"id":2679,"href":"http:\/\/lstjamtland.hemsida.eu\/gi\/wp-json\/wp\/v2\/pages\/2341\/revisions\/2679"}],"up":[{"embeddable":true,"href":"http:\/\/lstjamtland.hemsida.eu\/gi\/wp-json\/wp\/v2\/pages\/1578"}],"wp:attachment":[{"href":"http:\/\/lstjamtland.hemsida.eu\/gi\/wp-json\/wp\/v2\/media?parent=2341"}],"curies":[{"name":"wp","href":"https:\/\/api.w.org\/{rel}","templated":true}]}}