{"id":2392,"date":"2018-07-09T18:52:01","date_gmt":"2018-07-09T18:52:01","guid":{"rendered":"http:\/\/lstjamtland.hemsida.eu\/gi\/?page_id=2392"},"modified":"2018-07-09T19:00:06","modified_gmt":"2018-07-09T19:00:06","slug":"naturtyper-i-vatten-och-vatmarker","status":"publish","type":"page","link":"http:\/\/lstjamtland.hemsida.eu\/gi\/gron-infrastruktur-i-kronobergs-lan\/naturtyper-i-vatten-och-vatmarker\/","title":{"rendered":"Naturtyper i vatten- och v\u00e5tmarker"},"content":{"rendered":"Klicka till  i menyn till h\u00f6ger f\u00f6r att l\u00e4sa f\u00f6rdjupningar om naturtyperna","protected":false},"excerpt":{"rendered":"<p>Klicka till i menyn till h\u00f6ger f\u00f6r att l\u00e4sa f\u00f6rdjupningar om naturtyperna<\/p>\n","protected":false},"author":6,"featured_media":0,"parent":1491,"menu_order":0,"comment_status":"closed","ping_status":"closed","template":"","meta":{"footnotes":""},"class_list":["post-2392","page","type-page","status-publish","hentry","entry","no-media"],"_links":{"self":[{"href":"http:\/\/lstjamtland.hemsida.eu\/gi\/wp-json\/wp\/v2\/pages\/2392","targetHints":{"allow":["GET"]}}],"collection":[{"href":"http:\/\/lstjamtland.hemsida.eu\/gi\/wp-json\/wp\/v2\/pages"}],"about":[{"href":"http:\/\/lstjamtland.hemsida.eu\/gi\/wp-json\/wp\/v2\/types\/page"}],"author":[{"embeddable":true,"href":"http:\/\/lstjamtland.hemsida.eu\/gi\/wp-json\/wp\/v2\/users\/6"}],"replies":[{"embeddable":true,"href":"http:\/\/lstjamtland.hemsida.eu\/gi\/wp-json\/wp\/v2\/comments?post=2392"}],"version-history":[{"count":2,"href":"http:\/\/lstjamtland.hemsida.eu\/gi\/wp-json\/wp\/v2\/pages\/2392\/revisions"}],"predecessor-version":[{"id":2403,"href":"http:\/\/lstjamtland.hemsida.eu\/gi\/wp-json\/wp\/v2\/pages\/2392\/revisions\/2403"}],"up":[{"embeddable":true,"href":"http:\/\/lstjamtland.hemsida.eu\/gi\/wp-json\/wp\/v2\/pages\/1491"}],"wp:attachment":[{"href":"http:\/\/lstjamtland.hemsida.eu\/gi\/wp-json\/wp\/v2\/media?parent=2392"}],"curies":[{"name":"wp","href":"https:\/\/api.w.org\/{rel}","templated":true}]}}