{"id":2441,"date":"2018-07-10T08:15:15","date_gmt":"2018-07-10T08:15:15","guid":{"rendered":"http:\/\/lstjamtland.hemsida.eu\/gi\/?page_id=2441"},"modified":"2018-09-20T19:46:07","modified_gmt":"2018-09-20T19:46:07","slug":"arter-i-lanets-odlingslandskap","status":"publish","type":"page","link":"http:\/\/lstjamtland.hemsida.eu\/gi\/gron-infrastruktur-i-kronobergs-lan\/ett-rikt-odlingslandskap\/arter-i-lanets-odlingslandskap\/","title":{"rendered":"Arter i l\u00e4nets odlingslandskap"},"content":{"rendered":"<h3>Arter i l\u00e4nets odlingslandskap<\/h3><p>I odlingslandskapet har ett brett spektrum av arter funnit sin nisch genom den m\u00e5ngfald av milj\u00f6er som det l\u00e5gintensiva brukandet genererat. Kombinationen av \u00f6rtrika, n\u00e4ringsfattiga gr\u00e4smarker, ruderatmark, v\u00e5tmarker och sm\u00e5vatten, sandblottor och annan markst\u00f6rning \u00e4r gynnsamma f\u00f6r m\u00e5nga arter anpassade till det \u00f6ppna landskapet. Men i odlingslandskapet har ocks\u00e5 ett mycket stort antal arter som egentligen \u00e4r anpassade till den interna dynamiken i en naturskogsartad \u00e4dell\u00f6vskog funnit sin sista fristad tack vare tr\u00e4dkl\u00e4dda betesmarker och in\u00e4gor med gamla tr\u00e4d. Den absoluta majoriteten av v\u00e4rdefulla \u00e4dell\u00f6vtr\u00e4d (och triviall\u00f6vtr\u00e4d) \u00e5terfinns idag inom de forna in\u00e4gomarkerna.<\/p><p>Bland representativa arter f\u00f6r odlingslandskapet i Kronobergs l\u00e4n kan n\u00e4mnas t.ex. stare, \u00e5kergroda, backsippa och v\u00e4ddsandbi. Samtliga trivs i det\u00a0varierade sm\u00e5brutna betespr\u00e4glade odlingslandskapet och drabbas negativt av s\u00e5v\u00e4l upph\u00f6rt brukande som alltf\u00f6r storskaligt och rationellt brukande.<\/p><h4>Hotade arter med \u00e5tg\u00e4rdsprogram<\/h4><p>31 av de arter som ing\u00e5r i <a href=\"https:\/\/www.naturvardsverket.se\/Miljoarbete-i-samhallet\/Miljoarbete-i-Sverige\/Uppdelat-efter-omrade\/Naturvard\/Atgardsprogram-for-hotade-arter\/\">\u00e5tg\u00e4rdsprogram f\u00f6r hotade arter<\/a> och som \u00e5terfinns i Kronobergs l\u00e4n \u00e4r knutna till odlingslandskapet:<\/p><span class=\"tablepress-table-description tablepress-table-description-id-2\">OBS! Klicka p\u00e5 artens namn f\u00f6r att se f\u00f6rekomster i l\u00e4net p\u00e5 karta (\u00f6ppnas i ny flik).<\/span>\n\n<table id=\"tablepress-2\" class=\"tablepress tablepress-id-2\">\n<thead>\n<tr class=\"row-1 odd\">\n\t<th class=\"column-1\">Organismgrupp<\/th><th class=\"column-2\">Art<\/th><th class=\"column-3\">R\u00f6dlistekategori<\/th><th class=\"column-4\">Viktiga faktorer<\/th>\n<\/tr>\n<\/thead>\n<tbody class=\"row-hover\">\n<tr class=\"row-2 even\">\n\t<td class=\"column-1\">D\u00e4ggdjur<\/td><td class=\"column-2\"><a href=\"#\" onClick=\"MyWindow=window.open('https:\/\/www.artportalen.se\/search\/map\/taxon\/100015\/area\/9','MyWindow');return false;\">barbastell<\/a><\/td><td class=\"column-3\">S\u00e5rbar (VU)<\/td><td class=\"column-4\">G\u00e5rdsmilj\u00f6er, \u00e4ldre l\u00f6vtr\u00e4d, tr\u00e4dg\u00e5rdar, gr\u00e4smark<\/td>\n<\/tr>\n<tr class=\"row-3 odd\">\n\t<td rowspan=\"2\" class=\"column-1\">Fj\u00e4rilar<\/td><td class=\"column-2\"><a href=\"#\" onClick=\"MyWindow=window.open('https:\/\/www.artportalen.se\/search\/map\/taxon\/102498\/area\/9','MyWindow'); return false;\">silverfl\u00e4ckspraktmal<\/a><\/td><td class=\"column-3\">N\u00e4ra hotad (NT)<\/td><td class=\"column-4\">Grova, ih\u00e5liga eller skadade ekar<\/td>\n<\/tr>\n<tr class=\"row-4 even\">\n\t<td class=\"column-2\"><a href=\"#\" onClick=\"MyWindow=window.open('https:\/\/www.artportalen.se\/search\/map\/taxon\/102421\/area\/9','MyWindow'); return false;\">sl\u00e5ttergubbemal<\/a><\/td><td class=\"column-3\">S\u00e5rbar (VU)<\/td><td class=\"column-4\">Hagmarker och og\u00f6dslade betesmarker med sl\u00e5ttergubbe<\/td>\n<\/tr>\n<tr class=\"row-5 odd\">\n\t<td class=\"column-1\">F\u00e5glar<\/td><td class=\"column-2\"><a href=\"#\" onClick=\"MyWindow=window.open('https:\/\/www.artportalen.se\/search\/map\/taxon\/100044\/area\/9','MyWindow'); return false;\">kornknarr<\/a><\/td><td class=\"column-3\">N\u00e4ra hotad (NT)<\/td><td class=\"column-4\">Torra strand\u00e4ngar, vall\u00e5krar<\/td>\n<\/tr>\n<tr class=\"row-6 even\">\n\t<td class=\"column-1\">Grod- och kr\u00e4ldjur<\/td><td class=\"column-2\"><a href=\"#\" onClick=\"MyWindow=window.open('https:\/\/www.artportalen.se\/search\/map\/taxon\/100070\/area\/9','MyWindow'); return false;\">sand\u00f6dla<\/a><\/td><td class=\"column-3\">S\u00e5rbar (VU)<\/td><td class=\"column-4\">Torra marker med h\u00f6g vegetation, sandblottor<\/td>\n<\/tr>\n<tr class=\"row-7 odd\">\n\t<td class=\"column-1\">Halvvingar<\/td><td class=\"column-2\"><a href=\"#\" onClick=\"MyWindow=window.open('https:\/\/www.artportalen.se\/search\/map\/taxon\/101766\/area\/9','MyWindow'); return false;\">spindel\u00f6rtskinnbagge<\/a><\/td><td class=\"column-3\">N\u00e4ra hotad (NT)<\/td><td class=\"column-4\">Torr, mager, g\u00e4rna sandig mark med spindel\u00f6rt<\/td>\n<\/tr>\n<tr class=\"row-8 even\">\n\t<td rowspan=\"9\" class=\"column-1\">K\u00e4rlv\u00e4xter<\/td><td class=\"column-2\"><a href=\"#\" onClick=\"MyWindow=window.open('https:\/\/www.artportalen.se\/search\/map\/taxon\/166\/area\/9','MyWindow'); return false;\">rutl\u00e5sbr\u00e4ken<\/a><\/td><td class=\"column-3\">S\u00e5rbar (VU)<\/td><td class=\"column-4\">Torra, \u00f6ppna, kortvuxna gr\u00e4smarker<\/td>\n<\/tr>\n<tr class=\"row-9 odd\">\n\t<td class=\"column-2\"><a href=\"#\" onClick=\"MyWindow=window.open('https:\/\/www.artportalen.se\/search\/map\/taxon\/1885\/area\/9','MyWindow'); return false;\">klockgentiana<\/a><\/td><td class=\"column-3\">S\u00e5rbar (VU)<\/td><td class=\"column-4\">Fuktig gr\u00e4smark, h\u00e4vd<\/td>\n<\/tr>\n<tr class=\"row-10 even\">\n\t<td class=\"column-2\"><a href=\"#\" onClick=\"MyWindow=window.open('https:\/\/www.artportalen.se\/search\/map\/taxon\/221447\/area\/9','MyWindow'); return false;\">f\u00e4ltgentiana<\/a><\/td><td class=\"column-3\">Starkt hotad (EN)<\/td><td class=\"column-4\">Og\u00f6dslad mark, h\u00e4vd<\/td>\n<\/tr>\n<tr class=\"row-11 odd\">\n\t<td class=\"column-2\"><a href=\"#\" onClick=\"MyWindow=window.open('https:\/\/www.artportalen.se\/search\/map\/taxon\/853\/area\/9','MyWindow'); return false;\">\u00e5kerfibbla<\/a><\/td><td class=\"column-3\">S\u00e5rbar (VU)<\/td><td class=\"column-4\">N\u00e4ringsrik mark, sand, \u00e5krar<\/td>\n<\/tr>\n<tr class=\"row-12 even\">\n\t<td class=\"column-2\"><a href=\"#\" onClick=\"MyWindow=window.open('https:\/\/www.artportalen.se\/search\/map\/taxon\/1060\/area\/9','MyWindow'); return false;\">kalvnos<\/a><\/td><td class=\"column-3\">N\u00e4ra hotad (NT)<\/td><td class=\"column-4\">Torr kulturmark, t.ex. \u00e5krar, tr\u00e4dg\u00e5rdar, ruderatmark<\/td>\n<\/tr>\n<tr class=\"row-13 odd\">\n\t<td class=\"column-2\"><a href=\"#\" onClick=\"MyWindow=window.open('https:\/\/www.artportalen.se\/search\/map\/taxon\/1084\/area\/9','MyWindow'); return false;\">kornd\u00e5dra<\/a><\/td><td class=\"column-3\">Starkt hotad (EN)<\/td><td class=\"column-4\">Leriga, kalkrika jordar, t.ex. \u00e5krar och tr\u00e4dg\u00e5rdar<\/td>\n<\/tr>\n<tr class=\"row-14 even\">\n\t<td class=\"column-2\">vityxne (f\u00f6rekomster kan ej visas p\u00e5 karta pga skydd)<\/td><td class=\"column-3\">Starkt hotad (EN)<\/td><td class=\"column-4\">N\u00e4ringsfattig h\u00e4vdad gr\u00e4smark <\/td>\n<\/tr>\n<tr class=\"row-15 odd\">\n\t<td class=\"column-2\"><a href=\"#\" onClick=\"MyWindow=window.open('https:\/\/www.artportalen.se\/search\/map\/taxon\/1330\/area\/9','MyWindow'); return false;\">smalbladig lung\u00f6rt<\/a><\/td><td class=\"column-3\">Starkt hotad (EN)<\/td><td class=\"column-4\">Torr gr\u00e4smark med begr\u00e4nsad h\u00e4vd<\/td>\n<\/tr>\n<tr class=\"row-16 even\">\n\t<td class=\"column-2\"><a href=\"#\" onClick=\"MyWindow=window.open('https:\/\/www.artportalen.se\/search\/map\/taxon\/1853\/area\/9','MyWindow'); return false;\">mosippa<\/a><\/td><td class=\"column-3\">Starkt hotad (EN)<\/td><td class=\"column-4\">Torra hedar, markst\u00f6rningar<\/td>\n<\/tr>\n<tr class=\"row-17 odd\">\n\t<td rowspan=\"4\" class=\"column-1\">Skalbaggar<\/td><td class=\"column-2\"><a href=\"#\" onClick=\"MyWindow=window.open('https:\/\/www.artportalen.se\/search\/map\/taxon\/100260\/area\/9','MyWindow'); return false;\">kardinalf\u00e4rgad r\u00f6drock<\/a><\/td><td class=\"column-3\">N\u00e4ra hotad (NT)<\/td><td class=\"column-4\">Grov ih\u00e5lig ek, ask och lind<\/td>\n<\/tr>\n<tr class=\"row-18 even\">\n\t<td class=\"column-2\"><a href=\"#\" onClick=\"MyWindow=window.open('https:\/\/www.artportalen.se\/search\/map\/taxon\/100890\/area\/9','MyWindow'); return false;\">mulmkn\u00e4ppare<\/a><\/td><td class=\"column-3\">S\u00e5rbar (VU)<\/td><td class=\"column-4\">Grova ih\u00e5liga l\u00f6vtr\u00e4d<\/td>\n<\/tr>\n<tr class=\"row-19 odd\">\n\t<td class=\"column-2\"><a href=\"#\" onClick=\"MyWindow=window.open('https:\/\/www.artportalen.se\/search\/map\/taxon\/101003\/area\/9','MyWindow'); return false;\">svart guldbagge<br \/>\n<\/a><\/td><td class=\"column-3\">Starkt hotad (EN)<\/td><td class=\"column-4\">Grova ih\u00e5liga l\u00f6vtr\u00e4d, fr\u00e4mst ek<\/td>\n<\/tr>\n<tr class=\"row-20 even\">\n\t<td class=\"column-2\"><a href=\"#\" onClick=\"MyWindow=window.open('https:\/\/www.artportalen.se\/search\/map\/taxon\/101479\/area\/9','MyWindow'); return false;\">l\u00e4derbagge<\/a><\/td><td class=\"column-3\">N\u00e4ra hotad (NT)<\/td><td class=\"column-4\">Grova ih\u00e5liga l\u00f6vtr\u00e4d<\/td>\n<\/tr>\n<tr class=\"row-21 odd\">\n\t<td rowspan=\"2\" class=\"column-1\">Spindeldjur<\/td><td class=\"column-2\"><a href=\"#\" onClick=\"MyWindow=window.open('https:\/\/www.artportalen.se\/search\/map\/taxon\/100320\/area\/9','MyWindow'); return false;\">h\u00e5ltr\u00e4dsklokrypare<\/a><\/td><td class=\"column-3\">N\u00e4ra hotad (NT)<\/td><td class=\"column-4\">\u00c4ldre l\u00f6vtr\u00e4d<\/td>\n<\/tr>\n<tr class=\"row-22 even\">\n\t<td class=\"column-2\"><a href=\"#\" onClick=\"MyWindow=window.open('https:\/\/www.artportalen.se\/search\/map\/taxon\/2001736\/area\/9','MyWindow'); return false;\">dv\u00e4rgklokrypare<\/a><\/td><td class=\"column-3\">N\u00e4ra hotad (NT)<\/td><td class=\"column-4\">\u00c4ldre l\u00f6vtr\u00e4d<\/td>\n<\/tr>\n<tr class=\"row-23 odd\">\n\t<td rowspan=\"7\" class=\"column-1\">Steklar<\/td><td class=\"column-2\"><a href=\"#\" onClick=\"MyWindow=window.open('https:\/\/www.artportalen.se\/search\/map\/taxon\/102664\/area\/9','MyWindow'); return false;\">rapssandbi<\/a><\/td><td class=\"column-3\">S\u00e5rbar (VU)<\/td><td class=\"column-4\">Sandblottor, salixarter, raps<\/td>\n<\/tr>\n<tr class=\"row-24 even\">\n\t<td class=\"column-2\"><a href=\"#\" onClick=\"MyWindow=window.open('https:\/\/www.artportalen.se\/search\/map\/taxon\/100285\/area\/9','MyWindow'); return false;\">sl\u00e5ttersandbi<\/a><\/td><td class=\"column-3\">S\u00e5rbar (VU)<\/td><td class=\"column-4\">H\u00e5rt packad mineraljord, fibblor<\/td>\n<\/tr>\n<tr class=\"row-25 odd\">\n\t<td class=\"column-2\"><a href=\"#\" onClick=\"MyWindow=window.open('https:\/\/www.artportalen.se\/search\/map\/taxon\/102671\/area\/9','MyWindow'); return false;\">guldsandbi<\/a><\/td><td class=\"column-3\">N\u00e4ra hotad (NT)<\/td><td class=\"column-4\">Sandblottor, v\u00e4ddarter<\/td>\n<\/tr>\n<tr class=\"row-26 even\">\n\t<td class=\"column-2\"><a href=\"#\" onClick=\"MyWindow=window.open('https:\/\/www.artportalen.se\/search\/map\/taxon\/100869\/area\/9','MyWindow'); return false;\">monkesolbi<\/a><\/td><td class=\"column-3\">S\u00e5rbar (VU)<\/td><td class=\"column-4\">Sandblottor, bl\u00e5munkar (monke)<\/td>\n<\/tr>\n<tr class=\"row-27 odd\">\n\t<td class=\"column-2\"><a href=\"#\" onClick=\"MyWindow=window.open('https:\/\/www.artportalen.se\/search\/map\/taxon\/102691\/area\/9','MyWindow'); return false;\">v\u00e4ddg\u00f6kbi<\/a><br \/>\n<\/td><td class=\"column-3\">S\u00e5rbar (VU)<\/td><td class=\"column-4\">Torr\u00e4ngar, \u00e5kerv\u00e4dd, f\u00f6rekomst av v\u00e4ddsandbi<\/td>\n<\/tr>\n<tr class=\"row-28 even\">\n\t<td class=\"column-2\"><a href=\"#\" onClick=\"MyWindow=window.open('https:\/\/www.artportalen.se\/search\/map\/taxon\/101406\/area\/9','MyWindow'); return false;\">\u00f6landsg\u00f6kbi<\/a><\/td><td class=\"column-3\">S\u00e5rbar (VU)<\/td><td class=\"column-4\">Fibblor, f\u00f6rekomst av storfibblebi<\/td>\n<\/tr>\n<tr class=\"row-29 odd\">\n\t<td class=\"column-2\"><a href=\"#\" onClick=\"MyWindow=window.open('https:\/\/www.artportalen.se\/search\/map\/taxon\/102675\/area\/9','MyWindow'); return false;\">storfibblebi<\/a><\/td><td class=\"column-3\">N\u00e4ra hotad (NT)<\/td><td class=\"column-4\">Sandblottor, fibblor<\/td>\n<\/tr>\n<tr class=\"row-30 even\">\n\t<td rowspan=\"3\" class=\"column-1\">Storsvampar<\/td><td class=\"column-2\"><a href=\"#\" onClick=\"MyWindow=window.open('https:\/\/www.artportalen.se\/search\/map\/taxon\/603\/area\/9','MyWindow'); return false;\">bl\u00e5r\u00f6dling<\/a><\/td><td class=\"column-3\">S\u00e5rbar (VU)<\/td><td class=\"column-4\">Og\u00f6dslad mark, kalk<\/td>\n<\/tr>\n<tr class=\"row-31 odd\">\n\t<td class=\"column-2\"><a href=\"#\" onClick=\"MyWindow=window.open('https:\/\/www.artportalen.se\/search\/map\/taxon\/793\/area\/9','MyWindow'); return false;\">fager vaxskivling<\/a><\/td><td class=\"column-3\">N\u00e4ra hotad (NT)<\/td><td class=\"column-4\">Og\u00f6dslad mark, h\u00e4vd, kalk<\/td>\n<\/tr>\n<tr class=\"row-32 even\">\n\t<td class=\"column-2\"><a href=\"#\" onClick=\"MyWindow=window.open('https:\/\/www.artportalen.se\/search\/map\/taxon\/809\/area\/9','MyWindow'); return false;\">praktvaxskivling<\/a><\/td><td class=\"column-3\">N\u00e4ra hotad (NT)<\/td><td class=\"column-4\">Og\u00f6dslad mark, h\u00e4vd, l\u00e5gt pH<\/td>\n<\/tr>\n<\/tbody>\n<\/table>\n<!-- #tablepress-2 from cache -->","protected":false},"excerpt":{"rendered":"<p>Arter i l\u00e4nets odlingslandskapI odlingslandskapet har ett brett spektrum av arter funnit sin nisch genom den m\u00e5ngfald av milj\u00f6er som det l\u00e5gintensiva brukandet genererat. Kombinationen av \u00f6rtrika, n\u00e4ringsfattiga gr\u00e4smarker, ruderatmark, v\u00e5tmarker och sm\u00e5vatten, sandblottor och annan markst\u00f6rning \u00e4r gynnsamma f\u00f6r&hellip;<\/p>\n","protected":false},"author":6,"featured_media":0,"parent":1531,"menu_order":0,"comment_status":"closed","ping_status":"closed","template":"","meta":{"footnotes":""},"class_list":["post-2441","page","type-page","status-publish","hentry","entry","no-media"],"_links":{"self":[{"href":"http:\/\/lstjamtland.hemsida.eu\/gi\/wp-json\/wp\/v2\/pages\/2441","targetHints":{"allow":["GET"]}}],"collection":[{"href":"http:\/\/lstjamtland.hemsida.eu\/gi\/wp-json\/wp\/v2\/pages"}],"about":[{"href":"http:\/\/lstjamtland.hemsida.eu\/gi\/wp-json\/wp\/v2\/types\/page"}],"author":[{"embeddable":true,"href":"http:\/\/lstjamtland.hemsida.eu\/gi\/wp-json\/wp\/v2\/users\/6"}],"replies":[{"embeddable":true,"href":"http:\/\/lstjamtland.hemsida.eu\/gi\/wp-json\/wp\/v2\/comments?post=2441"}],"version-history":[{"count":5,"href":"http:\/\/lstjamtland.hemsida.eu\/gi\/wp-json\/wp\/v2\/pages\/2441\/revisions"}],"predecessor-version":[{"id":2599,"href":"http:\/\/lstjamtland.hemsida.eu\/gi\/wp-json\/wp\/v2\/pages\/2441\/revisions\/2599"}],"up":[{"embeddable":true,"href":"http:\/\/lstjamtland.hemsida.eu\/gi\/wp-json\/wp\/v2\/pages\/1531"}],"wp:attachment":[{"href":"http:\/\/lstjamtland.hemsida.eu\/gi\/wp-json\/wp\/v2\/media?parent=2441"}],"curies":[{"name":"wp","href":"https:\/\/api.w.org\/{rel}","templated":true}]}}