{"id":2491,"date":"2018-07-10T13:32:36","date_gmt":"2018-07-10T13:32:36","guid":{"rendered":"http:\/\/lstjamtland.hemsida.eu\/gi\/?page_id=2491"},"modified":"2018-09-28T19:14:03","modified_gmt":"2018-09-28T19:14:03","slug":"naturtyper-i-skogslandskapet","status":"publish","type":"page","link":"http:\/\/lstjamtland.hemsida.eu\/gi\/gron-infrastruktur-i-kronobergs-lan\/levande-skogar\/naturtyper-i-skogslandskapet\/","title":{"rendered":"Naturtyper i skogslandskapet"},"content":{"rendered":"<h2>Naturtyper i skogslandskapet<\/h2><p>Skogslandskapet kan delas in i ett stort antal olika naturtyper beroende p\u00e5 vilken skalniv\u00e5 och grad av generalisering man v\u00e4ljer att utg\u00e5 ifr\u00e5n. I f\u00f6ljande avsnitt beskrivs fyra naturtyper som representerar l\u00e4nets skogslandskap s\u00e5v\u00e4l historiskt som i modern tid: \u00c4dell\u00f6vskog, l\u00f6vskog med anknytning till vatten, brandgynnad tallskog samt gammal barrskog av brandrefugial karakt\u00e4r.\r\nF\u00f6r naturtyperna har GIS-analyser genomf\u00f6rts f\u00f6r att identifiera n\u00e4tverk av livsmilj\u00f6er f\u00f6r respektive naturtyp. Inom dessa n\u00e4tverk kan naturv\u00e5rdande insatser antas ha s\u00e4rskilt stor effekt och p\u00e5 motsvarande s\u00e4tt kan f\u00f6rlust av livsmilj\u00f6er eller tillskapandet av barri\u00e4rer g\u00f6ra stor skada.\r\n<\/p>","protected":false},"excerpt":{"rendered":"<p>Naturtyper i skogslandskapetSkogslandskapet kan delas in i ett stort antal olika naturtyper beroende p\u00e5 vilken skalniv\u00e5 och grad av generalisering man v\u00e4ljer att utg\u00e5 ifr\u00e5n. I f\u00f6ljande avsnitt beskrivs fyra naturtyper som representerar l\u00e4nets skogslandskap s\u00e5v\u00e4l historiskt som i modern&hellip;<\/p>\n","protected":false},"author":6,"featured_media":0,"parent":1576,"menu_order":0,"comment_status":"closed","ping_status":"closed","template":"","meta":{"footnotes":""},"class_list":["post-2491","page","type-page","status-publish","hentry","entry","no-media"],"_links":{"self":[{"href":"http:\/\/lstjamtland.hemsida.eu\/gi\/wp-json\/wp\/v2\/pages\/2491","targetHints":{"allow":["GET"]}}],"collection":[{"href":"http:\/\/lstjamtland.hemsida.eu\/gi\/wp-json\/wp\/v2\/pages"}],"about":[{"href":"http:\/\/lstjamtland.hemsida.eu\/gi\/wp-json\/wp\/v2\/types\/page"}],"author":[{"embeddable":true,"href":"http:\/\/lstjamtland.hemsida.eu\/gi\/wp-json\/wp\/v2\/users\/6"}],"replies":[{"embeddable":true,"href":"http:\/\/lstjamtland.hemsida.eu\/gi\/wp-json\/wp\/v2\/comments?post=2491"}],"version-history":[{"count":3,"href":"http:\/\/lstjamtland.hemsida.eu\/gi\/wp-json\/wp\/v2\/pages\/2491\/revisions"}],"predecessor-version":[{"id":2641,"href":"http:\/\/lstjamtland.hemsida.eu\/gi\/wp-json\/wp\/v2\/pages\/2491\/revisions\/2641"}],"up":[{"embeddable":true,"href":"http:\/\/lstjamtland.hemsida.eu\/gi\/wp-json\/wp\/v2\/pages\/1576"}],"wp:attachment":[{"href":"http:\/\/lstjamtland.hemsida.eu\/gi\/wp-json\/wp\/v2\/media?parent=2491"}],"curies":[{"name":"wp","href":"https:\/\/api.w.org\/{rel}","templated":true}]}}