{"id":2557,"date":"2018-07-11T17:51:40","date_gmt":"2018-07-11T17:51:40","guid":{"rendered":"http:\/\/lstjamtland.hemsida.eu\/gi\/?page_id=2557"},"modified":"2018-10-08T19:53:17","modified_gmt":"2018-10-08T19:53:17","slug":"overgangsmiljoer","status":"publish","type":"page","link":"http:\/\/lstjamtland.hemsida.eu\/gi\/gron-infrastruktur-i-kronobergs-lan\/levande-sjoar-och-vattendrag-myllrande-vatmarker\/overgangsmiljoer\/","title":{"rendered":"\u00d6verg\u00e5ngsmilj\u00f6er"},"content":{"rendered":"<h3>\u00d6verg\u00e5ngsmilj\u00f6er<\/h3><h4>Sv\u00e4mplan<\/h4><p>Vid h\u00f6ga fl\u00f6den sv\u00e4mmar sj\u00f6ar och vattendrag \u00f6ver till de intilliggande v\u00e5tmarkerna vilka ocks\u00e5 kan ben\u00e4mnas \u201dsv\u00e4mplan\u201d. Dessa sv\u00e4mplan utg\u00f6r en viktig del av sj\u00e4lva vattendraget och tar bland annat hand om \u00f6verskottsvatten vid h\u00f6ga fl\u00f6den. Under l\u00e5nga tider har dessa v\u00e5tmarker utnyttjats f\u00f6r bete och sl\u00e5tter.<\/p><p>De naturliga fluktuationerna i vattenst\u00e5ndet g\u00f6r att sv\u00e4mplanen h\u00e5lls \u00f6ppna med en \u00f6versv\u00e4mningsgynnad vegetation. Den rika tillg\u00e5ngen p\u00e5 insekter och groddjur g\u00f6r att de fungerar som viktiga h\u00e4ckningslokaler f\u00f6r f\u00e5glar.<\/p><p>I r\u00e4tade och f\u00f6rdjupade vattendrag \u00f6versv\u00e4mmas ofta sv\u00e4mplanen inte l\u00e4ngre. Det f\u00f6rekommer ocks\u00e5 ofta att vallar hindrar vattnet att sv\u00e4mma \u00f6ver i sidled. Detta f\u00e5r stora konsekvenser f\u00f6r den biologiska m\u00e5ngfalden men \u00e4ven f\u00f6r den vattenh\u00e5llande f\u00f6rm\u00e5gan i landskapet. Fungerande sv\u00e4mplan kan ocks\u00e5 minska direktutsl\u00e4ppet av vatten fr\u00e5n skogs- och jordbruksmark till sj\u00f6ar och vattendrag via diken.<\/p><p>Kunskapen om v\u00e5tmarker i det s\u00e5 kallade sv\u00e4mplanet utmed sj\u00f6ar och vattendrag \u00e4r i m\u00e5nga fall bristande, sv\u00e4mplanens omfattning som varierar beroende p\u00e5 h\u00f6g- och l\u00e5gvatten finns inte utm\u00e4rkta p\u00e5 Lantm\u00e4teriets bakgrundskartor (dessa kartor visar en medelvattenniv\u00e5), allts\u00e5 \u00e4r det sv\u00e5rt att veta vad som verkligen \u00e4r ett sv\u00e4mplan. Om sv\u00e4mplanen \u00e4r fungerande eller om de \u00e4r p\u00e5verkade av m\u00e4nskliga \u00e5tg\u00e4rder \u00e4r ocks\u00e5 till stor del ok\u00e4nt. I m\u00e5nga fall kan det handla om sekund\u00e4ra sv\u00e4mplan som inte l\u00e4ngre \u00f6versv\u00e4mmas naturligt p.g.a. av morfologiska f\u00f6r\u00e4ndringar i vattendraget eller sj\u00f6n.<\/p><span style=\"color: #000000; font-family: Times New Roman;\"> <\/span>","protected":false},"excerpt":{"rendered":"<p>\u00d6verg\u00e5ngsmilj\u00f6erSv\u00e4mplanVid h\u00f6ga fl\u00f6den sv\u00e4mmar sj\u00f6ar och vattendrag \u00f6ver till de intilliggande v\u00e5tmarkerna vilka ocks\u00e5 kan ben\u00e4mnas \u201dsv\u00e4mplan\u201d. Dessa sv\u00e4mplan utg\u00f6r en viktig del av sj\u00e4lva vattendraget och tar bland annat hand om \u00f6verskottsvatten vid h\u00f6ga fl\u00f6den. Under l\u00e5nga tider har&hellip;<\/p>\n","protected":false},"author":6,"featured_media":0,"parent":1578,"menu_order":0,"comment_status":"closed","ping_status":"closed","template":"","meta":{"footnotes":""},"class_list":["post-2557","page","type-page","status-publish","hentry","entry","no-media"],"_links":{"self":[{"href":"http:\/\/lstjamtland.hemsida.eu\/gi\/wp-json\/wp\/v2\/pages\/2557","targetHints":{"allow":["GET"]}}],"collection":[{"href":"http:\/\/lstjamtland.hemsida.eu\/gi\/wp-json\/wp\/v2\/pages"}],"about":[{"href":"http:\/\/lstjamtland.hemsida.eu\/gi\/wp-json\/wp\/v2\/types\/page"}],"author":[{"embeddable":true,"href":"http:\/\/lstjamtland.hemsida.eu\/gi\/wp-json\/wp\/v2\/users\/6"}],"replies":[{"embeddable":true,"href":"http:\/\/lstjamtland.hemsida.eu\/gi\/wp-json\/wp\/v2\/comments?post=2557"}],"version-history":[{"count":3,"href":"http:\/\/lstjamtland.hemsida.eu\/gi\/wp-json\/wp\/v2\/pages\/2557\/revisions"}],"predecessor-version":[{"id":2674,"href":"http:\/\/lstjamtland.hemsida.eu\/gi\/wp-json\/wp\/v2\/pages\/2557\/revisions\/2674"}],"up":[{"embeddable":true,"href":"http:\/\/lstjamtland.hemsida.eu\/gi\/wp-json\/wp\/v2\/pages\/1578"}],"wp:attachment":[{"href":"http:\/\/lstjamtland.hemsida.eu\/gi\/wp-json\/wp\/v2\/media?parent=2557"}],"curies":[{"name":"wp","href":"https:\/\/api.w.org\/{rel}","templated":true}]}}