{"id":2612,"date":"2018-09-27T19:13:11","date_gmt":"2018-09-27T19:13:11","guid":{"rendered":"http:\/\/lstjamtland.hemsida.eu\/gi\/?page_id=2612"},"modified":"2018-09-28T20:02:18","modified_gmt":"2018-09-28T20:02:18","slug":"ekosystemtjanster-i-skogslandskapet","status":"publish","type":"page","link":"http:\/\/lstjamtland.hemsida.eu\/gi\/gron-infrastruktur-i-kronobergs-lan\/levande-skogar\/ekosystemtjanster-i-skogslandskapet\/","title":{"rendered":"Ekosystemtj\u00e4nster i skogslandskapet"},"content":{"rendered":"<h3>Ekosystemtj\u00e4nster\u00a0i skogslandskapet<\/h3><p>Skogen bidrar med en rad ekosystemtj\u00e4nster som bland annat beskrivs mycket utf\u00f6rligt i Skogsstyrelsens rapport Skogliga ekosystemtj\u00e4nster, status och p\u00e5verkan. (Aranda, Gradin, &amp; Gustafsson, Ej publicerad) Det \u00e4r ocks\u00e5 m\u00f6jligt att anv\u00e4nda Naturv\u00e5rdsverkets f\u00f6rteckning av ekosystemtj\u00e4nster f\u00f6r att identifiera nyttor som skogen tillhandah\u00e5ller (Naturv\u00e5rdsverket, 2017).<\/p><p>Ekosystemtj\u00e4nster kan delas upp utifr\u00e5n den geografiska relationen mellan var tj\u00e4nsten produceras och var nyttan skapas. En global l\u00e4gesoberoende ekosystemtj\u00e4nst skapar nyttor f\u00f6r m\u00e4nniskor oavsett var tj\u00e4nsten produceras, som exempel kan n\u00e4mnas tr\u00e4dens bindning av kol. Vissa ekosystemtj\u00e4nster skapar nytta p\u00e5 eller i n\u00e4rheten av den plats d\u00e4r tj\u00e4nsten produceras, t.ex. n\u00e4r skog fungerar som stormskydd, medan andra skapar nytta l\u00e4ngre ned i ett fl\u00f6de, t.ex. den naturliga vattenreglering som sker i skogen. Vilken nytta som \u00e4r intressant f\u00f6r en akt\u00f6r best\u00e4mmer allts\u00e5 var de producerande ekosystemen ska s\u00f6kas och s\u00e4kerst\u00e4llas.<\/p><p>P\u00e5verkan p\u00e5 leveransen av ekosystemtj\u00e4nster \u00e4r i h\u00f6g grad korrelerad till p\u00e5verkan p\u00e5 den biologiska m\u00e5ngfalden. T\u00e4ta och ensidiga skogar \u00e4r negativt f\u00f6r s\u00e5v\u00e4l skogslevande som icke skogslevande arter och dessutom missgynnas ekosystemtj\u00e4nster som t.ex. friluftsliv, produktion av skogsb\u00e4r och svamp samt tillg\u00e5ngen p\u00e5 viltfoder. Anledningen till de t\u00e4ta och ensidiga skogarna \u00e4r dock att denna sk\u00f6tselmetod genererar en h\u00f6g virkesproduktion, vilket ocks\u00e5 \u00e4r en viktig ekosystemtj\u00e4nst f\u00f6r l\u00e4net. H\u00e4r uppst\u00e5r allts\u00e5 en konflikt mellan olika ekosystemtj\u00e4nster. Men genom att maximera en enskild ekosystemtj\u00e4nst riskerar man att \u00f6verskrida gr\u00e4nsen f\u00f6r vad ett l\u00e5ngsiktigt funktionellt ekosystem t\u00e5l. F\u00f6r att kunna uppr\u00e4tth\u00e5lla en l\u00e5ngsiktig virkesproduktion kr\u00e4vs d\u00e4rf\u00f6r ett ekosystem i balans som skapar goda markf\u00f6rh\u00e5llanden och \u00e4r motst\u00e5ndskraftigt mot st\u00f6rningar som t.ex. insektsangrepp och stormar.<\/p>","protected":false},"excerpt":{"rendered":"<p>Ekosystemtj\u00e4nster\u00a0i skogslandskapetSkogen bidrar med en rad ekosystemtj\u00e4nster som bland annat beskrivs mycket utf\u00f6rligt i Skogsstyrelsens rapport Skogliga ekosystemtj\u00e4nster, status och p\u00e5verkan. (Aranda, Gradin, &amp; Gustafsson, Ej publicerad) Det \u00e4r ocks\u00e5 m\u00f6jligt att anv\u00e4nda Naturv\u00e5rdsverkets f\u00f6rteckning av ekosystemtj\u00e4nster f\u00f6r att identifiera&hellip;<\/p>\n","protected":false},"author":6,"featured_media":0,"parent":1576,"menu_order":0,"comment_status":"closed","ping_status":"closed","template":"","meta":{"footnotes":""},"class_list":["post-2612","page","type-page","status-publish","hentry","entry","no-media"],"_links":{"self":[{"href":"http:\/\/lstjamtland.hemsida.eu\/gi\/wp-json\/wp\/v2\/pages\/2612","targetHints":{"allow":["GET"]}}],"collection":[{"href":"http:\/\/lstjamtland.hemsida.eu\/gi\/wp-json\/wp\/v2\/pages"}],"about":[{"href":"http:\/\/lstjamtland.hemsida.eu\/gi\/wp-json\/wp\/v2\/types\/page"}],"author":[{"embeddable":true,"href":"http:\/\/lstjamtland.hemsida.eu\/gi\/wp-json\/wp\/v2\/users\/6"}],"replies":[{"embeddable":true,"href":"http:\/\/lstjamtland.hemsida.eu\/gi\/wp-json\/wp\/v2\/comments?post=2612"}],"version-history":[{"count":4,"href":"http:\/\/lstjamtland.hemsida.eu\/gi\/wp-json\/wp\/v2\/pages\/2612\/revisions"}],"predecessor-version":[{"id":2616,"href":"http:\/\/lstjamtland.hemsida.eu\/gi\/wp-json\/wp\/v2\/pages\/2612\/revisions\/2616"}],"up":[{"embeddable":true,"href":"http:\/\/lstjamtland.hemsida.eu\/gi\/wp-json\/wp\/v2\/pages\/1576"}],"wp:attachment":[{"href":"http:\/\/lstjamtland.hemsida.eu\/gi\/wp-json\/wp\/v2\/media?parent=2612"}],"curies":[{"name":"wp","href":"https:\/\/api.w.org\/{rel}","templated":true}]}}