{"id":2618,"date":"2018-09-27T19:21:48","date_gmt":"2018-09-27T19:21:48","guid":{"rendered":"http:\/\/lstjamtland.hemsida.eu\/gi\/?page_id=2618"},"modified":"2018-10-02T20:00:47","modified_gmt":"2018-10-02T20:00:47","slug":"arter-i-lanets-skogslandskap","status":"publish","type":"page","link":"http:\/\/lstjamtland.hemsida.eu\/gi\/gron-infrastruktur-i-kronobergs-lan\/levande-skogar\/arter-i-lanets-skogslandskap\/","title":{"rendered":"Arter i l\u00e4nets skogslandskap"},"content":{"rendered":"<h3>Arter i l\u00e4nets skogslandskap<\/h3><p>I skogslandskapet finns arter knutna till vitt skilda skogstyper och milj\u00f6er. Gemensamt f\u00f6r de hotade arterna \u00e4r m\u00e5nga g\u00e5nger att tillg\u00e5ngen till l\u00e4mpliga livsmilj\u00f6er \u00e4r liten och fragmenterad eftersom dagens dominerande skogsbruksmodell leder till brister av m\u00e5nga skogstyper och strukturer. Antalet r\u00f6dlistade arter som av Artdatabanken anses bofasta i l\u00e4net och d\u00e4r skogslandskapet bed\u00f6mts vara viktigt uppg\u00e5r till 354 stycken. Av dessa bed\u00f6ms sex stycken vara akut hotade (CR) och 27 stycken starkt hotade (EN). 66 procent av de r\u00f6dlistade arterna \u00e4r knutna till l\u00f6vskogsmilj\u00f6er (53 procent \u00e4dell\u00f6vsmilj\u00f6er) medan 27 procent \u00e4r knutna till barrskogsmilj\u00f6er.<\/p><p>I ett projekt som bedrivits av SLU med syfte att ta fram skogliga naturv\u00e4rdesregioner utifr\u00e5n f\u00f6rekomster av naturv\u00e5rdsarter som p\u00e5verkas av skogsbruk har analysen visat att Kronobergs l\u00e4n huvudsakligen tillh\u00f6r en nemoral-hemiboreal \u00f6verg\u00e5ngszon (nr 9). S\u00e4rskilt viktiga milj\u00f6er omfattar \u00e4ldre \u00e4dell\u00f6vskog, berg- och rasbranter, brynmilj\u00f6er, ek (levande) samt andra \u00e4dell\u00f6vtr\u00e4d (levande)\u00a0(Aranda, Grandin, &amp; Gustafsson, ej publicerad). Resultaten st\u00e4mmer v\u00e4l \u00f6verens med befintliga naturgeografiska indelningar och bekr\u00e4ftar det faktum att en stor del av l\u00e4net utifr\u00e5n ett biologiskt m\u00e5ngfaldsperspektiv framf\u00f6rallt \u00e4r pr\u00e4glat av olika typer av \u00e4dell\u00f6vsmilj\u00f6er. Detta g\u00f6r dominansen av produktionsinriktad granskog till stor utmaning.<\/p><h4>Hotade arter med \u00e5tg\u00e4rdsprogram<\/h4><p>Av de arter som ing\u00e5r i \u00e5tg\u00e4rdsprogram f\u00f6r hotade arter och anses vara bofasta i Kronobergs l\u00e4n \u00e4r 31 stycken knutna till skogslandskapet.<\/p><span class=\"tablepress-table-description tablepress-table-description-id-4\">OBS! Klicka p\u00e5 artens namn f\u00f6r att se f\u00f6rekomster i l\u00e4net p\u00e5 karta (\u00f6ppnas i ny flik).<\/span>\n\n<table id=\"tablepress-4\" class=\"tablepress tablepress-id-4\">\n<thead>\n<tr class=\"row-1 odd\">\n\t<th class=\"column-1\">Organismgrupp<\/th><th class=\"column-2\">Art<\/th><th class=\"column-3\">R\u00f6dlistekategori<\/th><th class=\"column-4\">Viktiga faktorer<\/th>\n<\/tr>\n<\/thead>\n<tbody class=\"row-hover\">\n<tr class=\"row-2 even\">\n\t<td rowspan=\"2\" class=\"column-1\">D\u00e4ggdjur<\/td><td class=\"column-2\"><a href=\"#\" onClick=\"MyWindow=window.open('https:\/\/www.artportalen.se\/search\/map\/taxon\/100015\/area\/9','MyWindow');return false;\">barbastell<\/a><\/td><td class=\"column-3\">S\u00e5rbar (VU)<\/td><td class=\"column-4\">G\u00e5rdsmilj\u00f6er, \u00e4ldre l\u00f6vtr\u00e4d, tr\u00e4dg\u00e5rdar, gr\u00e4smark<\/td>\n<\/tr>\n<tr class=\"row-3 odd\">\n\t<td class=\"column-2\">F\u00f6rekomster kan inte visas i karta pga skydd<\/td><td class=\"column-3\">S\u00e5rbar (VU)<\/td><td class=\"column-4\">Tillg\u00e5ng till sm\u00e5vilt<\/td>\n<\/tr>\n<tr class=\"row-4 even\">\n\t<td rowspan=\"2\" class=\"column-1\">F\u00e5glar<\/td><td class=\"column-2\">F\u00f6rekomster kan inte visas i karta pga skydd<\/td><td class=\"column-3\">N\u00e4ra hotad (NT)<\/td><td class=\"column-4\">Kraftiga tallar eller klippstup, ofta med utsikt \u00f6ver terr\u00e4ngen.<\/td>\n<\/tr>\n<tr class=\"row-5 odd\">\n\t<td class=\"column-2\">F\u00f6rekomster kan inte visas i karta pga skydd<\/td><td class=\"column-3\">N\u00e4ra hotad (NT)<\/td><td class=\"column-4\">Kraftiga botr\u00e4d, oftast tallar, i anslutning till kuster, sj\u00f6ar och vattendrag.<\/td>\n<\/tr>\n<tr class=\"row-6 even\">\n\t<td class=\"column-1\">Halvvingar<\/td><td class=\"column-2\"><a href=\"#\" onClick=\"MyWindow=window.open('https:\/\/www.artportalen.se\/search\/map\/taxon\/100386\/area\/9','MyWindow'); return false;\">vithornad barkskinnbagge<\/a><\/td><td class=\"column-3\">Starkt hotad (EN)<\/td><td class=\"column-4\">Br\u00e4nd d\u00f6d ved<\/td>\n<\/tr>\n<tr class=\"row-7 odd\">\n\t<td class=\"column-1\">K\u00e4rlv\u00e4xter<\/td><td class=\"column-2\"><a href=\"#\" onClick=\"MyWindow=window.open(https:\/\/www.artportalen.se\/search\/map\/taxon\/1853\/area\/9','MyWindow'); return false;\">mosippa<\/a><\/td><td class=\"column-3\">Starkt hotad (EN)<\/td><td class=\"column-4\">Mager sandig mark, markst\u00f6rning<\/td>\n<\/tr>\n<tr class=\"row-8 even\">\n\t<td rowspan=\"9\" class=\"column-1\">Skalbaggar<\/td><td class=\"column-2\"><a href=\"#\" onClick=\"MyWindow=window.open(https:\/\/www.artportalen.se\/search\/map\/taxon\/100260\/area\/9','MyWindow'); return false;\">kardinalf\u00e4rgad r\u00f6drock<\/a><\/td><td class=\"column-3\">N\u00e4ra hotad (NT)<\/td><td class=\"column-4\">Brunr\u00f6tad ved av ek, ask och lind<\/td>\n<\/tr>\n<tr class=\"row-9 odd\">\n\t<td class=\"column-2\"><a href=\"#\" onClick=\"MyWindow=window.open('https:\/\/www.artportalen.se\/search\/map\/taxon\/100304\/area\/9','MyWindow'); return false;\">sexfl\u00e4ckig blombock<\/a><\/td><td class=\"column-3\">N\u00e4ra hotad (NT)<\/td><td class=\"column-4\">D\u00f6d, grov ekved i lundartad ekskog<\/td>\n<\/tr>\n<tr class=\"row-10 even\">\n\t<td class=\"column-2\"><a href=\"#\" onClick=\"MyWindow=window.open('https:\/\/www.artportalen.se\/search\/map\/taxon\/100575\/area\/9','MyWindow'); return false;\">svartoxe<\/a><\/td><td class=\"column-3\">Starkt hotad (EN)<\/td><td class=\"column-4\">D\u00f6d brunr\u00f6tad ved i brandrefugiala milj\u00f6er<\/td>\n<\/tr>\n<tr class=\"row-11 odd\">\n\t<td class=\"column-2\">F\u00f6rekomster kan inte visas i karta pga skydd<\/td><td class=\"column-3\">Starkt hotad (EN)<\/td><td class=\"column-4\">D\u00f6d brunr\u00f6tad ved i brandrefugiala milj\u00f6er<\/td>\n<\/tr>\n<tr class=\"row-12 even\">\n\t<td class=\"column-2\"><a href=\"#\" onClick=\"MyWindow=window.open('https:\/\/www.artportalen.se\/search\/map\/taxon\/100809\/area\/9','MyWindow'); return false;\">r\u00f6d \u00f6gonkn\u00e4ppare<\/a><\/td><td class=\"column-3\">Starkt hotad (EN)<\/td><td class=\"column-4\">Vitr\u00f6tad ved i stubbar och stammar av bok<\/td>\n<\/tr>\n<tr class=\"row-13 odd\">\n\t<td class=\"column-2\"><a href=\"#\" onClick=\"MyWindow=window.open('https:\/\/www.artportalen.se\/search\/map\/taxon\/100841\/area\/9','MyWindow'); return false;\">orangefl\u00e4ckig brunbagge<\/a><\/td><td class=\"column-3\">S\u00e5rbar (VU)<\/td><td class=\"column-4\">Starkt vitr\u00f6tad ved av l\u00f6vtr\u00e4d<\/td>\n<\/tr>\n<tr class=\"row-14 even\">\n\t<td class=\"column-2\"><a href=\"#\" onClick=\"MyWindow=window.open('https:\/\/www.artportalen.se\/search\/map\/taxon\/100890\/area\/9','MyWindow'); return false;\">mulmkn\u00e4ppare<\/a><\/td><td class=\"column-3\">S\u00e5rbar (VU)<\/td><td class=\"column-4\">Grova ih\u00e5liga l\u00f6vtr\u00e4d med mulm (fr\u00e4mst ek)<\/td>\n<\/tr>\n<tr class=\"row-15 odd\">\n\t<td class=\"column-2\"><a href=\"#\" onClick=\"MyWindow=window.open('https:\/\/www.artportalen.se\/search\/map\/taxon\/100975\/area\/9','MyWindow'); return false;\">ekgrenbock<\/a><\/td><td class=\"column-3\">N\u00e4ra hotad (NT) <\/td><td class=\"column-4\">Klena d\u00f6da kvistar av ek, lind och hassel i solexponerat l\u00e4ge<\/td>\n<\/tr>\n<tr class=\"row-16 even\">\n\t<td class=\"column-2\"><a href=\"#\" onClick=\"MyWindow=window.open('https:\/\/www.artportalen.se\/search\/map\/taxon\/101003\/area\/9','MyWindow'); return false;\">svart guldbagge<\/a><\/td><td class=\"column-3\">Starkt hotad (EN)<\/td><td class=\"column-4\">R\u00f6dmurken ved i ih\u00e5liga tr\u00e4d, fr\u00e4mst ek<\/td>\n<\/tr>\n<tr class=\"row-17 odd\">\n\t<td rowspan=\"5\" class=\"column-1\">Skalbaggar<\/td><td class=\"column-2\"><a href=\"#\" onClick=\"MyWindow=window.open('https:\/\/www.artportalen.se\/search\/map\/taxon\/101479\/area\/9','MyWindow'); return false;\">l\u00e4derbagge<\/a><\/td><td class=\"column-3\">N\u00e4ra hotad (NT)<\/td><td class=\"column-4\">Grova ih\u00e5liga l\u00f6vtr\u00e4d med mulm (fr\u00e4mst ek)<\/td>\n<\/tr>\n<tr class=\"row-18 even\">\n\t<td class=\"column-2\"><a href=\"#\" onClick=\"MyWindow=window.open('https:\/\/www.artportalen.se\/search\/map\/taxon\/101560\/area\/9','MyWindow'); return false;\">Phyllodrepoidea crenata<\/a><\/td><td class=\"column-3\">Livskraftig (LC)<\/td><td class=\"column-4\">Nyligen d\u00f6d bark p\u00e5 l\u00f6vtr\u00e4d<\/td>\n<\/tr>\n<tr class=\"row-19 odd\">\n\t<td class=\"column-2\"><a href=\"#\" onClick=\"MyWindow=window.open('https:\/\/www.artportalen.se\/search\/map\/taxon\/101566\/area\/9','MyWindow'); return false;\">m\u00f6rk spegelbock<br \/>\n<\/a><\/td><td class=\"column-3\">S\u00e5rbar (VU)<\/td><td class=\"column-4\">Nyligen d\u00f6da ekgrenar, \u00e4ven avverkningsavfall<\/td>\n<\/tr>\n<tr class=\"row-20 even\">\n\t<td class=\"column-2\">100303\/area\/9','MyWindow'); return false;\">bokblombock<\/a><\/td><td class=\"column-3\">S\u00e5rbar (VU)<\/td><td class=\"column-4\">Torr, h\u00e5rd, solexponerad bokved<\/td>\n<\/tr>\n<tr class=\"row-21 odd\">\n\t<td class=\"column-2\"><a href=\"#\" onClick=\"MyWindow=window.open('https:\/\/www.artportalen.se\/search\/map\/taxon\/101920\/area\/9','MyWindow'); return false;\">raggbock<\/a><\/td><td class=\"column-3\">N\u00e4ra hotad (NT)<\/td><td class=\"column-4\">Liggande tallstammar med h\u00e5rd ytved<\/td>\n<\/tr>\n<tr class=\"row-22 even\">\n\t<td rowspan=\"2\" class=\"column-1\">Spindeldjur<\/td><td class=\"column-2\"><a href=\"#\" onClick=\"MyWindow=window.open('https:\/\/www.artportalen.se\/search\/map\/taxon\/100320\/area\/9','MyWindow'); return false;\">h\u00e5ltr\u00e4dsklokrypare<\/a><\/td><td class=\"column-3\">N\u00e4ra hotad (NT)<\/td><td class=\"column-4\">\u00c4ldre l\u00f6vtr\u00e4d<\/td>\n<\/tr>\n<tr class=\"row-23 odd\">\n\t<td class=\"column-2\"><a href=\"#\" onClick=\"MyWindow=window.open('https:\/\/www.artportalen.se\/search\/map\/taxon\/2001736\/area\/9','MyWindow'); return false;\">dv\u00e4rgklokrypare<\/a><\/td><td class=\"column-3\">N\u00e4ra hotad (NT)<\/td><td class=\"column-4\">\u00c4ldre l\u00f6vtr\u00e4d<\/td>\n<\/tr>\n<tr class=\"row-24 even\">\n\t<td class=\"column-1\">Steklar<\/td><td class=\"column-2\"><a href=\"#\" onClick=\"MyWindow=window.open('https:\/\/www.artportalen.se\/search\/map\/taxon\/102664\/area\/9','MyWindow'); return false;\">silversandbi<\/a><\/td><td class=\"column-3\">N\u00e4ra hotad (NT)<br \/>\n<br \/>\n<br \/>\n<br \/>\nN\u00e4ra hotad (NT)<br \/>\n<\/td><td class=\"column-4\">Sydl\u00e4nta sandytor med finsand, ofta i tallmilj\u00f6er<\/td>\n<\/tr>\n<tr class=\"row-25 odd\">\n\t<td rowspan=\"6\" class=\"column-1\">Storsvampar<\/td><td class=\"column-2\"><a href=\"#\" onClick=\"MyWindow=window.open('https:\/\/www.artportalen.se\/search\/map\/taxon\/100282\/area\/9','MyWindow'); return false;\">saffransticka<\/a><\/td><td class=\"column-3\">Akut hotad (CR)<\/td><td class=\"column-4\">Gamla grova ekar i l\u00f6v\u00e4ng och hagmark<\/td>\n<\/tr>\n<tr class=\"row-26 even\">\n\t<td class=\"column-2\"><a href=\"#\" onClick=\"MyWindow=window.open('https:\/\/www.artportalen.se\/search\/map\/taxon\/720\/area\/9','MyWindow'); return false;\">violgubbe<\/a><\/td><td class=\"column-3\">S\u00e5rbar (VU)<\/td><td class=\"column-4\">Gran och bok p\u00e5 n\u00e4ringsrik mark med tr\u00e4dkontinuitet<\/td>\n<\/tr>\n<tr class=\"row-27 odd\">\n\t<td class=\"column-2\"><a href=\"#\" onClick=\"MyWindow=window.open('https:\/\/www.artportalen.se\/search\/map\/taxon\/769\/area\/9','MyWindow'); return false;\">igelkottstaggsvamp<\/a><\/td><td class=\"column-3\">Akut hotad (CR)<\/td><td class=\"column-4\">Stammar av bok och ek<\/td>\n<\/tr>\n<tr class=\"row-28 even\">\n\t<td class=\"column-2\"><a href=\"#\" onClick=\"MyWindow=window.open('https:\/\/www.artportalen.se\/search\/map\/taxon\/1437\/area\/9','MyWindow'); return false;\">bl\u00e5fotad taggsvamp<\/a><br \/>\n<\/td><td class=\"column-3\">Ej till\u00e4mplig (NA)<\/td><td class=\"column-4\">Barrskog p\u00e5 kalkrik mark<\/td>\n<\/tr>\n<tr class=\"row-29 odd\">\n\t<td class=\"column-2\"><a href=\"#\" onClick=\"MyWindow=window.open('https:\/\/www.artportalen.se\/search\/map\/taxon\/2059\/area\/9','MyWindow'); return false;\">skrovlig taggsvamp<\/a><\/td><td class=\"column-3\">N\u00e4ra hotad (NT)<\/td><td class=\"column-4\">\u00c4ldre barrskog, s\u00e4rskilt tall<\/td>\n<\/tr>\n<tr class=\"row-30 even\">\n\t<td class=\"column-2\"><a href=\"#\" onClick=\"MyWindow=window.open('https:\/\/www.artportalen.se\/search\/map\/taxon\/1440\/area\/9','MyWindow'); return false;\">br\u00f6dtaggsvamp<\/a><\/td><td class=\"column-3\">S\u00e5rbar (VU)<\/td><td class=\"column-4\">Mossig, \u00e4ldre barrskog, under gran<\/td>\n<\/tr>\n<tr class=\"row-31 odd\">\n\t<td class=\"column-1\">Tv\u00e5vingar<\/td><td class=\"column-2\"><a href=\"#\" onClick=\"MyWindow=window.open('https:\/\/www.artportalen.se\/search\/map\/taxon\/102000\/area\/9','MyWindow'); return false;\">knubbl\u00e5rsbarkfluga<\/a><\/td><td class=\"column-3\">Livskraftig (LC)<\/td><td class=\"column-4\">Solexponerade d\u00f6ende eller nyligen d\u00f6da grova l\u00f6vtr\u00e4d<\/td>\n<\/tr>\n<\/tbody>\n<\/table>\n<!-- #tablepress-4 from cache -->","protected":false},"excerpt":{"rendered":"<p>Arter i l\u00e4nets skogslandskapI skogslandskapet finns arter knutna till vitt skilda skogstyper och milj\u00f6er. Gemensamt f\u00f6r de hotade arterna \u00e4r m\u00e5nga g\u00e5nger att tillg\u00e5ngen till l\u00e4mpliga livsmilj\u00f6er \u00e4r liten och fragmenterad eftersom dagens dominerande skogsbruksmodell leder till brister av m\u00e5nga&hellip;<\/p>\n","protected":false},"author":6,"featured_media":0,"parent":1576,"menu_order":0,"comment_status":"closed","ping_status":"closed","template":"","meta":{"footnotes":""},"class_list":["post-2618","page","type-page","status-publish","hentry","entry","no-media"],"_links":{"self":[{"href":"http:\/\/lstjamtland.hemsida.eu\/gi\/wp-json\/wp\/v2\/pages\/2618","targetHints":{"allow":["GET"]}}],"collection":[{"href":"http:\/\/lstjamtland.hemsida.eu\/gi\/wp-json\/wp\/v2\/pages"}],"about":[{"href":"http:\/\/lstjamtland.hemsida.eu\/gi\/wp-json\/wp\/v2\/types\/page"}],"author":[{"embeddable":true,"href":"http:\/\/lstjamtland.hemsida.eu\/gi\/wp-json\/wp\/v2\/users\/6"}],"replies":[{"embeddable":true,"href":"http:\/\/lstjamtland.hemsida.eu\/gi\/wp-json\/wp\/v2\/comments?post=2618"}],"version-history":[{"count":5,"href":"http:\/\/lstjamtland.hemsida.eu\/gi\/wp-json\/wp\/v2\/pages\/2618\/revisions"}],"predecessor-version":[{"id":2658,"href":"http:\/\/lstjamtland.hemsida.eu\/gi\/wp-json\/wp\/v2\/pages\/2618\/revisions\/2658"}],"up":[{"embeddable":true,"href":"http:\/\/lstjamtland.hemsida.eu\/gi\/wp-json\/wp\/v2\/pages\/1576"}],"wp:attachment":[{"href":"http:\/\/lstjamtland.hemsida.eu\/gi\/wp-json\/wp\/v2\/media?parent=2618"}],"curies":[{"name":"wp","href":"https:\/\/api.w.org\/{rel}","templated":true}]}}