{"id":2621,"date":"2018-09-27T19:27:16","date_gmt":"2018-09-27T19:27:16","guid":{"rendered":"http:\/\/lstjamtland.hemsida.eu\/gi\/?page_id=2621"},"modified":"2018-10-03T19:30:47","modified_gmt":"2018-10-03T19:30:47","slug":"overgangsmiljoer","status":"publish","type":"page","link":"http:\/\/lstjamtland.hemsida.eu\/gi\/gron-infrastruktur-i-kronobergs-lan\/levande-skogar\/overgangsmiljoer\/","title":{"rendered":"\u00d6verg\u00e5ngsmilj\u00f6er"},"content":{"rendered":"[vc_row][vc_column][vc_column_text]<h3><\/h3>\r\n<h3>\r\n\u00d6verg\u00e5ngsmilj\u00f6er<\/h3>\r\n<h4>Myrmosaik och kantzoner mot vatten och v\u00e5tmark<\/h4>\r\n<p>Myrmosaik med omv\u00e4xlande \u00f6ppna v\u00e5tmarker, vatten och fastmarksholmar skapar god tillg\u00e5ng p\u00e5 kantzoner d\u00e4r m\u00f6tet mellan den tr\u00e4dkl\u00e4dda skogsmarken (som ger skydd och boplatser) och den \u00f6ppna v\u00e5tmarken eller vattnet (som kan passa bra f\u00f6r f\u00f6doinsamling) skapar speciella livsbetingelser. P\u00e5 ytor som gr\u00e4nsar till \u00f6ppnare mark glesnar skogen och tr\u00e4dens konkurrens minskar. Detta ger upphov till sp\u00e4rrgreniga tr\u00e4d vars grenar blir l\u00e4mpliga f\u00f6r boplatser \u00e5t st\u00f6rre f\u00e5glar.<\/p>\r\n<h4>Brynmilj\u00f6er<\/h4>\r\n<h4>\r\n<\/h4>\r\n<p>I brynmilj\u00f6er mot \u00f6ppen mark skapas en speciell livsmilj\u00f6 d\u00e4r ljus och v\u00e4rme kombineras med m\u00f6jlighet till skydd. I brynen finns ocks\u00e5 ofta mer f\u00f6da och sammantaget inneb\u00e4r detta att de blir en attraktiv milj\u00f6 f\u00f6r m\u00e5nga arter. En mer utf\u00f6rlig beskrivning av brynmilj\u00f6er \u00e5terfinns\u00a0<a href=\"http:\/\/lstjamtland.hemsida.eu\/gi\/gron-infrastruktur-i-kronobergs-lan\/ett-rikt-odlingslandskap\/overgangsmiljoer\/\">h\u00e4r<\/a>.<\/p>\r\n[\/vc_column_text][\/vc_column][\/vc_row]","protected":false},"excerpt":{"rendered":"<p>[vc_row][vc_column][vc_column_text] \u00d6verg\u00e5ngsmilj\u00f6er Myrmosaik och kantzoner mot vatten och v\u00e5tmark Myrmosaik med omv\u00e4xlande \u00f6ppna v\u00e5tmarker, vatten och fastmarksholmar skapar god tillg\u00e5ng p\u00e5 kantzoner d\u00e4r m\u00f6tet mellan den tr\u00e4dkl\u00e4dda skogsmarken (som ger skydd och boplatser) och den \u00f6ppna v\u00e5tmarken eller vattnet (som&hellip;<\/p>\n","protected":false},"author":6,"featured_media":0,"parent":1576,"menu_order":0,"comment_status":"closed","ping_status":"closed","template":"","meta":{"footnotes":""},"class_list":["post-2621","page","type-page","status-publish","hentry","entry","no-media"],"_links":{"self":[{"href":"http:\/\/lstjamtland.hemsida.eu\/gi\/wp-json\/wp\/v2\/pages\/2621","targetHints":{"allow":["GET"]}}],"collection":[{"href":"http:\/\/lstjamtland.hemsida.eu\/gi\/wp-json\/wp\/v2\/pages"}],"about":[{"href":"http:\/\/lstjamtland.hemsida.eu\/gi\/wp-json\/wp\/v2\/types\/page"}],"author":[{"embeddable":true,"href":"http:\/\/lstjamtland.hemsida.eu\/gi\/wp-json\/wp\/v2\/users\/6"}],"replies":[{"embeddable":true,"href":"http:\/\/lstjamtland.hemsida.eu\/gi\/wp-json\/wp\/v2\/comments?post=2621"}],"version-history":[{"count":4,"href":"http:\/\/lstjamtland.hemsida.eu\/gi\/wp-json\/wp\/v2\/pages\/2621\/revisions"}],"predecessor-version":[{"id":2672,"href":"http:\/\/lstjamtland.hemsida.eu\/gi\/wp-json\/wp\/v2\/pages\/2621\/revisions\/2672"}],"up":[{"embeddable":true,"href":"http:\/\/lstjamtland.hemsida.eu\/gi\/wp-json\/wp\/v2\/pages\/1576"}],"wp:attachment":[{"href":"http:\/\/lstjamtland.hemsida.eu\/gi\/wp-json\/wp\/v2\/media?parent=2621"}],"curies":[{"name":"wp","href":"https:\/\/api.w.org\/{rel}","templated":true}]}}